{"id":48711,"date":"2025-08-05T19:52:57","date_gmt":"2025-08-05T17:52:57","guid":{"rendered":"https:\/\/bakkerspraypaint.com\/?post_type=product&#038;p=48711"},"modified":"2025-08-06T18:07:12","modified_gmt":"2025-08-06T16:07:12","slug":"peinture-en-aerosol-belton-perfect-velours-douillet","status":"publish","type":"product","link":"https:\/\/bakkerspraypaint.com\/fr\/produit\/peinture-en-aerosol-belton-perfect-velours-douillet\/","title":{"rendered":"Peinture en a\u00e9rosol Belton Perfect \u2013 Velours douillet"},"content":{"rendered":"<div>Paarstint romantique pour une seule exp\u00e9rience<\/div>\n<div><\/div>\n<div>Belton Perfect Cosy Velvet est une couleur douce et chaude du pass\u00e9 parfait dans un int\u00e9rieur romantique. Cette teinte paarse est con\u00e7ue pour \u00eatre \u00e9l\u00e9gante et \u00e9l\u00e9gante.<\/div>\n<div><\/div>\n<div>Exemples de choses propres :<\/div>\n<div>\uf0b7\ud83c\udfa8 Cosy Velvet \u2013 Diepe paarstint avec un zachte, matte uitstraling<\/div>\n<div>\uf0b7\ud83c\udf3f Op Waterbasis \u2013 Milieuvriendelijk en geurarm<\/div>\n<div>\uf0b7\ud83c\udfe0 Parfait pour le nettoyage int\u00e9rieur \u2013 Geschikt voor keramiek, hout, karton, steen, etc.<\/div>\n<div>\uf0b7\ud83d\udcaa Sterke kleurintensiteit &amp; hoge dekkracht<\/div>\n<div>\uf0b7\ud83d\udca8 Gelijkmatige verneveling bij een spuitafstand van 20\u201330 cm<\/div>\n<div><\/div>\n<div><\/div>\n<div>Quel est le prix \u00e0 payer pour Belton Perfect ?<\/div>\n<div>Ces bus de transport hoogwaardige combinent des services avec des r\u00e9sultats professionnels. Cosy Velvet est une couleur tr\u00e8s vari\u00e9e, parfaite au-del\u00e0 de divers styles d&rsquo;int\u00e9rieur.<\/div>\n<div><\/div>\n<div>Pointe de passage des orteils :<\/div>\n<div>Pour le meilleur r\u00e9sultat, je dois fermer le bus env. 2 minutes se sont \u00e9coul\u00e9es pour gebruik. Breng de verf in meerdere dunne lagen aan op een droge en schone ondergrond. Laat elke laag goed drogen voor je verder gaat.<\/div>\n<div><\/div>\n<div>\ud83d\uded2 Num\u00e9ro d&rsquo;article : 328308<\/div>\n<div>\ud83d\udce6 Contenu : 400 ml<\/div>\n<div>\ud83d\udccdMerk : Belton parfait<\/div>\n<div>\ud83d\udd12 Gebruik: Binnen | Passe-temps | D\u00e9coration int\u00e9rieure<\/div>\n","protected":false},"excerpt":{"rendered":"<p>Paarstint romantique pour une seule exp\u00e9rience Belton Perfect Cosy Velvet est une couleur douce et chaude du pass\u00e9 parfait dans un int\u00e9rieur romantique. Cette teinte paarse est con\u00e7ue pour \u00eatre \u00e9l\u00e9gante et \u00e9l\u00e9gante. Exemples de choses propres : \uf0b7\ud83c\udfa8 Cosy Velvet \u2013 Diepe paarstint avec un zachte, matte uitstraling \uf0b7\ud83c\udf3f Op Waterbasis \u2013 Milieuvriendelijk en [&hellip;]<\/p>\n","protected":false},"featured_media":49004,"comment_status":"open","ping_status":"closed","template":"","meta":{"_acf_changed":false},"pwb-brand":[1969],"product_brand":[],"product_cat":[2327],"product_tag":[],"class_list":{"0":"post-48711","1":"product","2":"type-product","3":"status-publish","4":"has-post-thumbnail","6":"pwb-brand-belton-fr","7":"product_cat-peinture-belton-perfect-spuitverf","9":"first","10":"instock","11":"taxable","12":"shipping-taxable","13":"purchasable","14":"product-type-simple"},"bundled_by":[],"bundle_stock_status":"instock","bundle_stock_quantity":null,"bundle_virtual":false,"bundle_layout":"","bundle_add_to_cart_form_location":"","bundle_editable_in_cart":false,"bundle_sold_individually_context":"","bundle_item_grouping":"","bundle_min_size":"","bundle_max_size":"","bundle_price":[],"bundled_items":[],"bundle_sell_ids":[],"acf":[],"brands":[{"id":1969,"name":"Belton","slug":"belton-fr"}],"_links":{"self":[{"href":"https:\/\/bakkerspraypaint.com\/fr\/wp-json\/wp\/v2\/product\/48711","targetHints":{"allow":["GET"]}}],"collection":[{"href":"https:\/\/bakkerspraypaint.com\/fr\/wp-json\/wp\/v2\/product"}],"about":[{"href":"https:\/\/bakkerspraypaint.com\/fr\/wp-json\/wp\/v2\/types\/product"}],"replies":[{"embeddable":true,"href":"https:\/\/bakkerspraypaint.com\/fr\/wp-json\/wp\/v2\/comments?post=48711"}],"version-history":[{"count":3,"href":"https:\/\/bakkerspraypaint.com\/fr\/wp-json\/wp\/v2\/product\/48711\/revisions"}],"predecessor-version":[{"id":48888,"href":"https:\/\/bakkerspraypaint.com\/fr\/wp-json\/wp\/v2\/product\/48711\/revisions\/48888"}],"wp:featuredmedia":[{"embeddable":true,"href":"https:\/\/bakkerspraypaint.com\/fr\/wp-json\/wp\/v2\/media\/49004"}],"wp:attachment":[{"href":"https:\/\/bakkerspraypaint.com\/fr\/wp-json\/wp\/v2\/media?parent=48711"}],"wp:term":[{"taxonomy":"pwb-brand","embeddable":true,"href":"https:\/\/bakkerspraypaint.com\/fr\/wp-json\/wp\/v2\/pwb-brand?post=48711"},{"taxonomy":"product_brand","embeddable":true,"href":"https:\/\/bakkerspraypaint.com\/fr\/wp-json\/wp\/v2\/product_brand?post=48711"},{"taxonomy":"product_cat","embeddable":true,"href":"https:\/\/bakkerspraypaint.com\/fr\/wp-json\/wp\/v2\/product_cat?post=48711"},{"taxonomy":"product_tag","embeddable":true,"href":"https:\/\/bakkerspraypaint.com\/fr\/wp-json\/wp\/v2\/product_tag?post=48711"}],"curies":[{"name":"wp","href":"https:\/\/api.w.org\/{rel}","templated":true}]}}