{"id":32727,"date":"2025-04-18T14:03:48","date_gmt":"2025-04-18T12:03:48","guid":{"rendered":"https:\/\/bakkerspraypaint.com\/?post_type=product&#038;p=32727"},"modified":"2025-06-30T19:46:26","modified_gmt":"2025-06-30T17:46:26","slug":"belton-ral-couleurs-mat-ral-9002","status":"publish","type":"product","link":"https:\/\/bakkerspraypaint.com\/fr\/produit\/belton-ral-couleurs-mat-ral-9002\/","title":{"rendered":"Belton Couleurs RAL Mat RAL 9002"},"content":{"rendered":"<pre id=\"tw-target-text\" class=\"tw-data-text tw-text-large tw-ta\" dir=\"ltr\" data-placeholder=\"Translation\" data-ved=\"2ahUKEwjKnJ7guJmOAxUg_7sIHYXVEQ0Q3ewLegQICRAU\" aria-label=\"Translated text: Le Belton RAL 9002MAT, r\u00e9f\u00e9rence 324184-MAT, appartient \u00e0 la famille de couleurs Blanc. Ce produit est de couleur mate. Son nom est Grauweiss. Belton est synonyme de qualit\u00e9 allemande classique, utilis\u00e9e aussi bien par les professionnels que par les cr\u00e9ateurs.\r\nL'exigence de qualit\u00e9, associ\u00e9e \u00e0 une facilit\u00e9 d'utilisation optimale, garantit d'excellents r\u00e9sultats.\r\n\r\nToujours la bonne teinte\u00a0! Belton RAL propose une large gamme de teintes utilis\u00e9es dans divers secteurs, tels que l'ameublement, la d\u00e9coration int\u00e9rieure et la r\u00e9paration de dommages. Pour l'int\u00e9rieur et l'ext\u00e9rieur.\r\n\r\nVous consultez actuellement les couleurs mates\u00a0! CE PRODUIT EST PERSONNALIS\u00c9 ET NE PEUT \u00caTRE RETOURN\u00c9. Vous recherchez une couleur brillante ou satin\u00e9e\u00a0? Cliquez sur brillant ou satin\u00e9 pour d\u00e9couvrir notre gamme.\r\n\r\nEt saviez-vous que vous pouvez \u00e9galement pulv\u00e9riser votre radiateur avec toutes les bombes a\u00e9rosol RAL\u00a0? Un radiateur chauffe certes, mais pas autant qu'un pot d'\u00e9chappement ou un chauffage, par exemple.\r\n\r\nSi vous souhaitez peindre le radiateur en blanc, nous vous recommandons la peinture pour radiateur Belton. Elle pr\u00e9vient le jaunissement apr\u00e8s chauffage. Les autres couleurs sont possibles\u00a0!\r\n\r\nEnvie d'une adh\u00e9rence parfaite \u00e0 votre surface et d'une couleur parfaite\u00a0? D\u00e9couvrez nos appr\u00eats\u00a0!\r\n\r\nPourquoi choisir Belton RAL\u00a0?\r\n- Qualit\u00e9 de peinture parfaite\r\n- Solidit\u00e9 des couleurs\r\n- Excellente couverture et temps de s\u00e9chage\r\n- Large choix de couleurs\r\n- Livraison rapide\"><span class=\"Y2IQFc\" lang=\"fr\">Le Belton RAL 9002MAT, r\u00e9f\u00e9rence 324184-MAT, appartient \u00e0 la famille de couleurs Blanc. Ce produit est de couleur mate. Son nom est Grauweiss. Belton est synonyme de qualit\u00e9 allemande classique, utilis\u00e9e aussi bien par les professionnels que par les cr\u00e9ateurs.\r\nL'exigence de qualit\u00e9, associ\u00e9e \u00e0 une facilit\u00e9 d'utilisation optimale, garantit d'excellents r\u00e9sultats.\r\n\r\nToujours la bonne teinte\u00a0! Belton RAL propose une large gamme de teintes utilis\u00e9es dans divers secteurs, tels que l'ameublement, la d\u00e9coration int\u00e9rieure et la r\u00e9paration de dommages. Pour l'int\u00e9rieur et l'ext\u00e9rieur.\r\n\r\nVous consultez actuellement les couleurs mates\u00a0! CE PRODUIT EST PERSONNALIS\u00c9 ET NE PEUT \u00caTRE RETOURN\u00c9. Vous recherchez une couleur brillante ou satin\u00e9e\u00a0? Cliquez sur brillant ou satin\u00e9 pour d\u00e9couvrir notre gamme.\r\n\r\nEt saviez-vous que vous pouvez \u00e9galement pulv\u00e9riser votre radiateur avec toutes les bombes a\u00e9rosol RAL\u00a0? Un radiateur chauffe certes, mais pas autant qu'un pot d'\u00e9chappement ou un chauffage, par exemple.\r\n\r\nSi vous souhaitez peindre le radiateur en blanc, nous vous recommandons la peinture pour radiateur Belton. Elle pr\u00e9vient le jaunissement apr\u00e8s chauffage. Les autres couleurs sont possibles\u00a0!\r\n\r\nEnvie d'une adh\u00e9rence parfaite \u00e0 votre surface et d'une couleur parfaite\u00a0? D\u00e9couvrez nos appr\u00eats\u00a0!\r\n\r\nPourquoi choisir Belton RAL\u00a0?\r\n- Qualit\u00e9 de peinture parfaite\r\n- Solidit\u00e9 des couleurs\r\n- Excellente couverture et temps de s\u00e9chage\r\n- Large choix de couleurs\r\n- Livraison rapide<\/span><\/pre>\n","protected":false},"excerpt":{"rendered":"<p><a href=\"#\"><button style=\"margin-left: 10px; background-color: #ed680600; padding: 5px 10px 5px 10px; border: 1px solid black; border-radius: 3px;\">Brillant<\/button><\/a><a href=\"https:\/\/bakkerspraypaint.com\/fr\/produit\/belton-ral-couleurs-semi-brillante-ral-9002\/\"><button style=\"margin-left: 10px; background-color: #ed680600; padding: 5px 10px 5px 10px; border: 1px solid black; border-radius: 3px;\">Semi-Brillante<\/button><\/a><a href=\"#\"><button style=\"margin-left: 10px; background-color: #ed6806; padding: 5px 10px 5px 10px; border: 0px; border-radius: 3px;\">MAT<\/button><\/a><\/p>\n","protected":false},"featured_media":30709,"comment_status":"open","ping_status":"closed","template":"","meta":{"_acf_changed":false},"pwb-brand":[1445],"product_brand":[],"product_cat":[2289],"product_tag":[],"class_list":{"0":"post-32727","1":"product","2":"type-product","3":"status-publish","4":"has-post-thumbnail","6":"pwb-brand-belton-nl","7":"product_cat-belton-ral-colours-mat-2","9":"first","10":"instock","11":"taxable","12":"shipping-taxable","13":"purchasable","14":"product-type-simple"},"bundled_by":[],"bundle_stock_status":"instock","bundle_stock_quantity":null,"bundle_virtual":false,"bundle_layout":"","bundle_add_to_cart_form_location":"","bundle_editable_in_cart":false,"bundle_sold_individually_context":"","bundle_item_grouping":"","bundle_min_size":"","bundle_max_size":"","bundle_price":[],"bundled_items":[],"bundle_sell_ids":[],"acf":[],"brands":[{"id":1969,"name":"Belton","slug":"belton-fr"}],"_links":{"self":[{"href":"https:\/\/bakkerspraypaint.com\/fr\/wp-json\/wp\/v2\/product\/32727","targetHints":{"allow":["GET"]}}],"collection":[{"href":"https:\/\/bakkerspraypaint.com\/fr\/wp-json\/wp\/v2\/product"}],"about":[{"href":"https:\/\/bakkerspraypaint.com\/fr\/wp-json\/wp\/v2\/types\/product"}],"replies":[{"embeddable":true,"href":"https:\/\/bakkerspraypaint.com\/fr\/wp-json\/wp\/v2\/comments?post=32727"}],"version-history":[{"count":5,"href":"https:\/\/bakkerspraypaint.com\/fr\/wp-json\/wp\/v2\/product\/32727\/revisions"}],"predecessor-version":[{"id":47694,"href":"https:\/\/bakkerspraypaint.com\/fr\/wp-json\/wp\/v2\/product\/32727\/revisions\/47694"}],"wp:featuredmedia":[{"embeddable":true,"href":"https:\/\/bakkerspraypaint.com\/fr\/wp-json\/wp\/v2\/media\/30709"}],"wp:attachment":[{"href":"https:\/\/bakkerspraypaint.com\/fr\/wp-json\/wp\/v2\/media?parent=32727"}],"wp:term":[{"taxonomy":"pwb-brand","embeddable":true,"href":"https:\/\/bakkerspraypaint.com\/fr\/wp-json\/wp\/v2\/pwb-brand?post=32727"},{"taxonomy":"product_brand","embeddable":true,"href":"https:\/\/bakkerspraypaint.com\/fr\/wp-json\/wp\/v2\/product_brand?post=32727"},{"taxonomy":"product_cat","embeddable":true,"href":"https:\/\/bakkerspraypaint.com\/fr\/wp-json\/wp\/v2\/product_cat?post=32727"},{"taxonomy":"product_tag","embeddable":true,"href":"https:\/\/bakkerspraypaint.com\/fr\/wp-json\/wp\/v2\/product_tag?post=32727"}],"curies":[{"name":"wp","href":"https:\/\/api.w.org\/{rel}","templated":true}]}}