{"id":31895,"date":"2025-04-18T21:17:46","date_gmt":"2025-04-18T19:17:46","guid":{"rendered":"https:\/\/bakkerspraypaint.com\/?post_type=product&#038;p=31895"},"modified":"2025-07-17T12:27:33","modified_gmt":"2025-07-17T10:27:33","slug":"belton-ral-couleurs-semi-brillante-ral-7039-3","status":"publish","type":"product","link":"https:\/\/bakkerspraypaint.com\/fr\/produit\/belton-ral-couleurs-semi-brillante-ral-7039-3\/","title":{"rendered":"Belton RAL couleurs semi-brillante RAL 7039"},"content":{"rendered":"<p>Le Belton RAL 7039 Semi-Brillant, r\u00e9f\u00e9rence 324156 -ZGL, appartient \u00e0 la famille des gris. Ce produit est de couleur Semi-Brillant. Son nom est Gris Quartz. Belton est synonyme de qualit\u00e9 allemande classique, utilis\u00e9e aussi bien par les professionnels que par les cr\u00e9atifs.<br \/>\nSes normes de qualit\u00e9 \u00e9lev\u00e9es, associ\u00e9es \u00e0 une facilit\u00e9 d&rsquo;utilisation optimale, garantissent d&rsquo;excellents r\u00e9sultats.<\/p>\n<p>Toujours la bonne teinte ! Belton RAL propose une large gamme de teintes utilis\u00e9es dans divers secteurs, tels que l&rsquo;ameublement, la d\u00e9coration int\u00e9rieure et la r\u00e9paration de dommages. Pour une utilisation int\u00e9rieure et ext\u00e9rieure.<\/p>\n<p>Vous consultez actuellement les couleurs Semi-Brillant ! CE PRODUIT EST FABRIQU\u00c9 SUR MESURE ET NE PEUT \u00caTRE RETOURN\u00c9. Vous recherchez une couleur Brillante ou Mate ? Cliquez sur Brillante ou Mate pour d\u00e9couvrir notre gamme.<\/p>\n<p>Et saviez-vous que vous pouvez \u00e9galement peindre votre radiateur avec toutes les bombes a\u00e9rosol RAL ? Un radiateur chauffe, certes, mais pas autant qu&rsquo;un pot d&rsquo;\u00e9chappement ou un chauffage, par exemple.<\/p>\n<p>Remarque : si vous souhaitez peindre votre radiateur en blanc, nous vous recommandons la peinture pour radiateur Belton. Elle pr\u00e9vient le jaunissement apr\u00e8s chauffage. D&rsquo;autres couleurs sont possibles !<\/p>\n<p>Envie d&rsquo;une adh\u00e9rence parfaite \u00e0 votre support en plus d&rsquo;une couleur parfaite ? D\u00e9couvrez nos appr\u00eats !<\/p>\n<p>Pourquoi choisir Belton RAL ?<br \/>\n&#8211; Qualit\u00e9 de peinture parfaite<br \/>\n&#8211; Solidit\u00e9 des couleurs<br \/>\n&#8211; Excellente couverture et temps de s\u00e9chage<br \/>\n&#8211; Vaste choix de couleurs<br \/>\n&#8211; Livraison rapide<\/p>\n","protected":false},"excerpt":{"rendered":"<p><a href=\"https:\/\/bakkerspraypaint.com\/fr\/produit\/belton-ral-colors-high-gloss-ral-7039\/\"><button style=\"margin-left: 10px; background-color: #ed680600; padding: 5px 10px 5px 10px; border: 0px; border-radius: 3px;\">Brillant<\/button><\/a><a href=\"#\"><button style=\"margin-left: 10px; background-color: #ed6806; padding: 5px 10px 5px 10px; border: 0px; border-radius: 3px;\">Semi-brillant<\/button><\/a><a href=\"https:\/\/bakkerspraypaint.com\/fr\/produit\/belton-ral-couleurs-mat-ral-7039\/\"><button style=\"margin-left: 10px; background-color: #ed680600; padding: 5px 10px 5px 10px; border: 0px; border-radius: 3px;\">MAT<\/button><\/a><\/p>\n","protected":false},"featured_media":29883,"comment_status":"open","ping_status":"closed","template":"","meta":{"_acf_changed":false},"pwb-brand":[1969],"product_brand":[],"product_cat":[2284],"product_tag":[],"class_list":{"0":"post-31895","1":"product","2":"type-product","3":"status-publish","4":"has-post-thumbnail","6":"pwb-brand-belton-fr","7":"product_cat-couleur-ral-belton-semi-brillante","9":"first","10":"instock","11":"taxable","12":"shipping-taxable","13":"purchasable","14":"product-type-simple"},"bundled_by":[],"bundle_stock_status":"instock","bundle_stock_quantity":null,"bundle_virtual":false,"bundle_layout":"","bundle_add_to_cart_form_location":"","bundle_editable_in_cart":false,"bundle_sold_individually_context":"","bundle_item_grouping":"","bundle_min_size":"","bundle_max_size":"","bundle_price":[],"bundled_items":[],"bundle_sell_ids":[],"acf":[],"brands":[{"id":1969,"name":"Belton","slug":"belton-fr"}],"_links":{"self":[{"href":"https:\/\/bakkerspraypaint.com\/fr\/wp-json\/wp\/v2\/product\/31895","targetHints":{"allow":["GET"]}}],"collection":[{"href":"https:\/\/bakkerspraypaint.com\/fr\/wp-json\/wp\/v2\/product"}],"about":[{"href":"https:\/\/bakkerspraypaint.com\/fr\/wp-json\/wp\/v2\/types\/product"}],"replies":[{"embeddable":true,"href":"https:\/\/bakkerspraypaint.com\/fr\/wp-json\/wp\/v2\/comments?post=31895"}],"version-history":[{"count":5,"href":"https:\/\/bakkerspraypaint.com\/fr\/wp-json\/wp\/v2\/product\/31895\/revisions"}],"predecessor-version":[{"id":48295,"href":"https:\/\/bakkerspraypaint.com\/fr\/wp-json\/wp\/v2\/product\/31895\/revisions\/48295"}],"wp:featuredmedia":[{"embeddable":true,"href":"https:\/\/bakkerspraypaint.com\/fr\/wp-json\/wp\/v2\/media\/29883"}],"wp:attachment":[{"href":"https:\/\/bakkerspraypaint.com\/fr\/wp-json\/wp\/v2\/media?parent=31895"}],"wp:term":[{"taxonomy":"pwb-brand","embeddable":true,"href":"https:\/\/bakkerspraypaint.com\/fr\/wp-json\/wp\/v2\/pwb-brand?post=31895"},{"taxonomy":"product_brand","embeddable":true,"href":"https:\/\/bakkerspraypaint.com\/fr\/wp-json\/wp\/v2\/product_brand?post=31895"},{"taxonomy":"product_cat","embeddable":true,"href":"https:\/\/bakkerspraypaint.com\/fr\/wp-json\/wp\/v2\/product_cat?post=31895"},{"taxonomy":"product_tag","embeddable":true,"href":"https:\/\/bakkerspraypaint.com\/fr\/wp-json\/wp\/v2\/product_tag?post=31895"}],"curies":[{"name":"wp","href":"https:\/\/api.w.org\/{rel}","templated":true}]}}