{"id":27228,"date":"2023-11-16T20:28:32","date_gmt":"2023-11-16T19:28:32","guid":{"rendered":"https:\/\/bakkerspraypaint.com\/belton-ral-colors-high-gloss-ral-2003\/"},"modified":"2025-05-16T08:00:02","modified_gmt":"2025-05-16T06:00:02","slug":"belton-ral-colors-high-gloss-ral-2003","status":"publish","type":"product","link":"https:\/\/bakkerspraypaint.com\/fr\/produit\/belton-ral-colors-high-gloss-ral-2003\/","title":{"rendered":"Belton RAL Colors High Gloss RAL 2003"},"content":{"rendered":"<h2>Le Belton RAL 2003 avec le num\u00e9ro d&rsquo;article 324031<\/h2>\n<p>Appartient \u00e0 la famille des couleurs : Orange.<br \/>\nCe produit a une couleur tr\u00e8s brillante.<br \/>\nLe nom de cette couleur est Pastellorange.<br \/>\nBelton est synonyme de qualit\u00e9 allemande classique, qui est utilis\u00e9e dans les march\u00e9s professionnels et cr\u00e9atifs.<br \/>\nLes normes de qualit\u00e9 \u00e9lev\u00e9es, combin\u00e9es \u00e0 une convivialit\u00e9 maximale, garantissent d&rsquo;excellents r\u00e9sultats.<\/p>\n<div>Toujours la bonne nuance !<a href=\"https:\/\/bakkerspraypaint.com\/fr\/ral-couleurs\/\"> Belton RAL<\/a> offre une large gamme de tons de couleurs qui sont utilis\u00e9s dans divers secteurs, tels que l&rsquo;ameublement, la d\u00e9coration int\u00e9rieure et la r\u00e9paration de dommages.<br \/>\nPour l&rsquo;int\u00e9rieur et l&rsquo;ext\u00e9rieur.<\/div>\n<div><\/div>\n<div>Vous visualisez actuellement les couleurs brillantes !<br \/>\nVous cherchez une couleur satin\u00e9e ou mate ?<br \/>\nCliquez alors sur <a href=\"https:\/\/bakkerspraypaint.com\/belton-ral-colors-satin-gloss-ral-9005\/\">satin\u00e9 brillant<\/a> ou <a href=\"https:\/\/bakkerspraypaint.com\/belton-ral-colors-matt-ral-9005\/\">mat<\/a> pour voir notre gamme.<br \/>\nLa couleur dont vous avez besoin n&rsquo;est pas disponible dans un autre niveau de brillance en standard ?<br \/>\nDans ce cas, utilisez un <a href=\"https:\/\/bakkerspraypaint.com\/belton-clear-lacquer-high-gloss\/\">vernis pour<\/a> obtenir la bonne finition.<\/div>\n<div><\/div>\n<div>Oh, et saviez-vous que vous pouvez \u00e9galement vaporiser votre <a href=\"https:\/\/bakkerspraypaint.com\/fr\/radiateur-a-pulverisation\/\">radiateur<\/a> avec toutes les bombes a\u00e9rosols RAL ?<br \/>\nUn radiateur chauffe, mais pas autant qu&rsquo;un pot d&rsquo;\u00e9chappement ou une cuisini\u00e8re.<\/div>\n<div><\/div>\n<div>Si vous souhaitez peindre le radiateur en blanc, nous vous recommandons d&rsquo;utiliser la<a href=\"https:\/\/bakkerspraypaint.com\/belton-radiator-paint-white\/\"> peinture pour radiateur Belton<\/a>.<br \/>\nCelle-ci emp\u00eache le jaunissement du radiateur apr\u00e8s l&rsquo;avoir chauff\u00e9.<br \/>\nLes autres couleurs ne posent aucun probl\u00e8me !<\/div>\n<div><\/div>\n<div>Outre la couleur parfaite, vous souhaitez \u00e9galement une adh\u00e9rence parfaite \u00e0 votre surface ?<br \/>\nD\u00e9couvrez nos appr\u00eats !<\/div>\n<div><\/div>\n<div><strong>Pourquoi choisir <a href=\"https:\/\/bakkerspraypaint.com\/fr\/couleurs-ral-de-spuitbus\/\">Belton RAL<\/a>?<\/strong><\/div>\n<div>\n<ul>\n<li><strong>Une qualit\u00e9 de peinture parfaite<\/strong>: Nos peintures r\u00e9pondent \u00e0 des normes de qualit\u00e9 strictes, garantissant des r\u00e9sultats exceptionnels.<\/li>\n<li><strong>R\u00e9sistance des couleurs<\/strong>: Profitez de teintes vibrantes qui r\u00e9sistent \u00e0 l&rsquo;\u00e9preuve du temps et conservent leur \u00e9clat pendant des ann\u00e9es.<\/li>\n<li><strong>Bonne couverture et temps de s\u00e9chage<\/strong>: obtenez des r\u00e9sultats efficaces gr\u00e2ce \u00e0 d&rsquo;excellentes propri\u00e9t\u00e9s de couverture et de s\u00e9chage, minimisant ainsi les temps d&rsquo;arr\u00eat.<\/li>\n<li><strong>Une vaste gamme de couleurs<\/strong>: Avec une palette \u00e9tendue \u00e0 votre disposition, vous trouverez toujours la teinte parfaite pour votre projet.<\/li>\n<li><strong>Livraison rapide<\/strong>: Comptez sur nous pour une livraison rapide, garantissant le respect du calendrier et des d\u00e9lais de votre projet.<\/li>\n<\/ul>\n<p>Chez Belton RAL, l&rsquo;excellence n&rsquo;est pas seulement une norme ; c&rsquo;est une promesse que nous tenons \u00e0 chaque fois, soutenue par des ann\u00e9es d&rsquo;expertise et de d\u00e9vouement \u00e0 l&rsquo;artisanat de qualit\u00e9.<\/p>\n<\/div>\n<p>De temps en temps, nous t\u00e9l\u00e9chargeons \u00e9galement des vid\u00e9os d&rsquo;application int\u00e9ressantes sur notre cha\u00eene YouTube : <a href=\"https:\/\/www.youtube.com\/@bakkersteenbergen1812\" target=\"_blank\" rel=\"noopener\">Bakker Spraypaint.<\/a> Comme vous l&rsquo;avez peut-\u00eatre d\u00e9j\u00e0 d\u00e9couvert, Bakker SprayPaint est l&rsquo;importateur officiel des bombes a\u00e9rosols de <a href=\"https:\/\/www.kwasny.com\/en\/\" target=\"_blank\" rel=\"noopener\">Peter Kwasny GMBH<\/a>.<\/p>\n","protected":false},"excerpt":{"rendered":"<p><a href=\"#\"><button style=\"margin-left: 10px; background-color: #ed6806; padding: 5px 10px 5px 10px; border: 0px; border-radius: 3px;\">Brillant<\/button><\/a><a href=\"https:\/\/bakkerspraypaint.com\/fr\/produit\/belton-ral-couleurs-semi-brillante-ral-2004\/\"><button style=\"margin-left: 10px; background-color: #ed680600; padding: 5px 10px 5px 10px; border: 0px; border-radius: 3px;\">Semi-brillant<\/button><\/a><a href=\"https:\/\/bakkerspraypaint.com\/fr\/produit\/belton-ral-couleurs-mat-ral-2004\/\"><button style=\"margin-left: 10px; background-color: #ed680600; padding: 5px 10px 5px 10px; border: 0px; border-radius: 3px;\">MAT<\/button><\/a><\/p>\n","protected":false},"featured_media":27230,"comment_status":"open","ping_status":"closed","template":"","meta":{"_acf_changed":false},"pwb-brand":[1969],"product_brand":[],"product_cat":[2075,2128],"product_tag":[2037],"class_list":{"0":"post-27228","1":"product","2":"type-product","3":"status-publish","4":"has-post-thumbnail","6":"pwb-brand-belton-fr","7":"product_cat-belton-couleur-ral-brillant","8":"product_cat-belton-ral-fr","9":"product_tag-brillant","11":"first","12":"instock","13":"taxable","14":"shipping-taxable","15":"purchasable","16":"product-type-simple"},"bundled_by":[],"bundle_stock_status":"instock","bundle_stock_quantity":25,"bundle_virtual":false,"bundle_layout":"","bundle_add_to_cart_form_location":"","bundle_editable_in_cart":false,"bundle_sold_individually_context":"","bundle_item_grouping":"","bundle_min_size":"","bundle_max_size":"","bundle_price":[],"bundled_items":[],"bundle_sell_ids":[],"acf":[],"brands":[{"id":1969,"name":"Belton","slug":"belton-fr"}],"_links":{"self":[{"href":"https:\/\/bakkerspraypaint.com\/fr\/wp-json\/wp\/v2\/product\/27228","targetHints":{"allow":["GET"]}}],"collection":[{"href":"https:\/\/bakkerspraypaint.com\/fr\/wp-json\/wp\/v2\/product"}],"about":[{"href":"https:\/\/bakkerspraypaint.com\/fr\/wp-json\/wp\/v2\/types\/product"}],"replies":[{"embeddable":true,"href":"https:\/\/bakkerspraypaint.com\/fr\/wp-json\/wp\/v2\/comments?post=27228"}],"version-history":[{"count":3,"href":"https:\/\/bakkerspraypaint.com\/fr\/wp-json\/wp\/v2\/product\/27228\/revisions"}],"predecessor-version":[{"id":36769,"href":"https:\/\/bakkerspraypaint.com\/fr\/wp-json\/wp\/v2\/product\/27228\/revisions\/36769"}],"wp:featuredmedia":[{"embeddable":true,"href":"https:\/\/bakkerspraypaint.com\/fr\/wp-json\/wp\/v2\/media\/27230"}],"wp:attachment":[{"href":"https:\/\/bakkerspraypaint.com\/fr\/wp-json\/wp\/v2\/media?parent=27228"}],"wp:term":[{"taxonomy":"pwb-brand","embeddable":true,"href":"https:\/\/bakkerspraypaint.com\/fr\/wp-json\/wp\/v2\/pwb-brand?post=27228"},{"taxonomy":"product_brand","embeddable":true,"href":"https:\/\/bakkerspraypaint.com\/fr\/wp-json\/wp\/v2\/product_brand?post=27228"},{"taxonomy":"product_cat","embeddable":true,"href":"https:\/\/bakkerspraypaint.com\/fr\/wp-json\/wp\/v2\/product_cat?post=27228"},{"taxonomy":"product_tag","embeddable":true,"href":"https:\/\/bakkerspraypaint.com\/fr\/wp-json\/wp\/v2\/product_tag?post=27228"}],"curies":[{"name":"wp","href":"https:\/\/api.w.org\/{rel}","templated":true}]}}