{"id":27073,"date":"2024-03-03T10:23:20","date_gmt":"2024-03-03T09:23:20","guid":{"rendered":"https:\/\/bakkerspraypaint.com\/belton-free-ral-9010-white-silk-gloss\/"},"modified":"2024-03-03T10:23:20","modified_gmt":"2024-03-03T09:23:20","slug":"belton-free-ral-9010-white-silk-gloss","status":"publish","type":"product","link":"https:\/\/bakkerspraypaint.com\/fr\/produit\/belton-free-ral-9010-white-silk-gloss\/","title":{"rendered":"Belton FREE RAL 9010 White Silk Gloss"},"content":{"rendered":"<h2>BELTON FREE RAL 9010 silk gloss<\/h2>\n<p>  Les couleurs RAL de Belton FREE sont des produits \u00e0 base d&rsquo;eau.<br \/>\nElles sont donc inodores et peuvent \u00eatre utilis\u00e9es tant \u00e0 l&rsquo;int\u00e9rieur qu&rsquo;\u00e0 l&rsquo;ext\u00e9rieur.<br \/>\nEn Allemagne, ce produit a m\u00eame re\u00e7u un label de qualit\u00e9 lui permettant d&rsquo;\u00eatre utilis\u00e9 sur les jouets d&rsquo;enfants.<br \/>\nComme il contient moins de substances nocives, il peut \u00eatre utilis\u00e9 sur de multiples surfaces.    En outre, le grand avantage de la laque libre pour radiateurs Belton est qu&rsquo;elle ne jaunit pas.<br \/>\nCette peinture \u00e0 s\u00e9chage rapide est r\u00e9sistante aux intemp\u00e9ries et peut \u00eatre pulv\u00e9ris\u00e9e sur de nombreuses surfaces sans n\u00e9cessiter d&rsquo;appr\u00eat.<br \/>\n(sauf acier, acier inoxydable, fonte, cobalt et nickel) &nbsp; Vous voulez savoir quelles couleurs nous avons \u00e0 c\u00f4t\u00e9 de celle-ci ?<br \/>\nConsultez <a href=\"https:\/\/bakkerspraypaint.com\/free\/\">Belton Free<\/a> De temps en temps, nous t\u00e9l\u00e9chargeons des vid\u00e9os d&rsquo;application int\u00e9ressantes sur notre cha\u00eene YouTube : <a href=\"https:\/\/www.youtube.com\/@bakkersteenbergen1812\" target=\"_blank\" rel=\"noopener\">Bakker Spraypaint.<\/a> Comme vous l&rsquo;avez peut-\u00eatre d\u00e9j\u00e0 d\u00e9couvert, Bakker SprayPaint est l&rsquo;importateur officiel des bombes a\u00e9rosols de <a href=\"https:\/\/www.kwasny.com\/en\/\" target=\"_blank\" rel=\"noopener\">Peter Kwasny GMBH<\/a>.   <\/p>\n","protected":false},"excerpt":{"rendered":"<p>BELTON FREE RAL 9010 silk gloss Les couleurs RAL de Belton FREE sont des produits \u00e0 base d&rsquo;eau. Elles sont donc inodores et peuvent \u00eatre utilis\u00e9es tant \u00e0 l&rsquo;int\u00e9rieur qu&rsquo;\u00e0 l&rsquo;ext\u00e9rieur. En Allemagne, ce produit a m\u00eame re\u00e7u un label de qualit\u00e9 lui permettant d&rsquo;\u00eatre utilis\u00e9 sur les jouets d&rsquo;enfants. Comme il contient moins de [&hellip;]<\/p>\n","protected":false},"featured_media":27076,"comment_status":"open","ping_status":"closed","template":"","meta":{"_acf_changed":false},"pwb-brand":[1969],"product_brand":[],"product_cat":[2004,2003],"product_tag":[2241],"class_list":{"0":"post-27073","1":"product","2":"type-product","3":"status-publish","4":"has-post-thumbnail","6":"pwb-brand-belton-fr","7":"product_cat-belton-gratuit","8":"product_cat-gratuit","9":"product_tag-free-ral-colours-white-silk-gloss-fr","11":"first","12":"instock","13":"taxable","14":"shipping-taxable","15":"purchasable","16":"product-type-simple"},"bundled_by":[],"bundle_stock_status":"instock","bundle_stock_quantity":9,"bundle_virtual":false,"bundle_layout":"","bundle_add_to_cart_form_location":"","bundle_editable_in_cart":false,"bundle_sold_individually_context":"","bundle_item_grouping":"","bundle_min_size":"","bundle_max_size":"","bundle_price":[],"bundled_items":[],"bundle_sell_ids":[],"acf":[],"brands":[{"id":1969,"name":"Belton","slug":"belton-fr"}],"_links":{"self":[{"href":"https:\/\/bakkerspraypaint.com\/fr\/wp-json\/wp\/v2\/product\/27073","targetHints":{"allow":["GET"]}}],"collection":[{"href":"https:\/\/bakkerspraypaint.com\/fr\/wp-json\/wp\/v2\/product"}],"about":[{"href":"https:\/\/bakkerspraypaint.com\/fr\/wp-json\/wp\/v2\/types\/product"}],"replies":[{"embeddable":true,"href":"https:\/\/bakkerspraypaint.com\/fr\/wp-json\/wp\/v2\/comments?post=27073"}],"version-history":[{"count":0,"href":"https:\/\/bakkerspraypaint.com\/fr\/wp-json\/wp\/v2\/product\/27073\/revisions"}],"wp:featuredmedia":[{"embeddable":true,"href":"https:\/\/bakkerspraypaint.com\/fr\/wp-json\/wp\/v2\/media\/27076"}],"wp:attachment":[{"href":"https:\/\/bakkerspraypaint.com\/fr\/wp-json\/wp\/v2\/media?parent=27073"}],"wp:term":[{"taxonomy":"pwb-brand","embeddable":true,"href":"https:\/\/bakkerspraypaint.com\/fr\/wp-json\/wp\/v2\/pwb-brand?post=27073"},{"taxonomy":"product_brand","embeddable":true,"href":"https:\/\/bakkerspraypaint.com\/fr\/wp-json\/wp\/v2\/product_brand?post=27073"},{"taxonomy":"product_cat","embeddable":true,"href":"https:\/\/bakkerspraypaint.com\/fr\/wp-json\/wp\/v2\/product_cat?post=27073"},{"taxonomy":"product_tag","embeddable":true,"href":"https:\/\/bakkerspraypaint.com\/fr\/wp-json\/wp\/v2\/product_tag?post=27073"}],"curies":[{"name":"wp","href":"https:\/\/api.w.org\/{rel}","templated":true}]}}