{"id":27041,"date":"2024-03-03T04:21:52","date_gmt":"2024-03-03T03:21:52","guid":{"rendered":"https:\/\/bakkerspraypaint.com\/belton-free-ral-3000-rouge-mat\/"},"modified":"2024-03-03T04:21:52","modified_gmt":"2024-03-03T03:21:52","slug":"belton-free-ral-3000-rouge-mat","status":"publish","type":"product","link":"https:\/\/bakkerspraypaint.com\/fr\/produit\/belton-free-ral-3000-rouge-mat\/","title":{"rendered":"Belton FREE RAL 3000 Rouge Mat"},"content":{"rendered":"<p>Les couleurs RAL de Belton FREE sont des produits \u00e0 base d&rsquo;eau.<br \/>\nElles sont donc inodores et peuvent \u00eatre utilis\u00e9es tant \u00e0 l&rsquo;int\u00e9rieur qu&rsquo;\u00e0 l&rsquo;ext\u00e9rieur.<br \/>\nEn Allemagne, ce produit a m\u00eame re\u00e7u un label de qualit\u00e9 lui permettant d&rsquo;\u00eatre utilis\u00e9 sur les jouets d&rsquo;enfants.<br \/>\nComme il contient moins de substances nocives, il peut \u00eatre utilis\u00e9 sur de multiples surfaces.<br \/>\nEn outre, le grand avantage de la laque libre pour radiateurs Belton est qu&rsquo;elle ne jaunit pas.<br \/>\nCette peinture \u00e0 s\u00e9chage rapide est r\u00e9sistante aux intemp\u00e9ries et peut \u00eatre appliqu\u00e9e au pistolet sur de nombreuses surfaces sans qu&rsquo;il soit n\u00e9cessaire d&rsquo;appliquer un appr\u00eat.<br \/>\n(sauf acier, acier inoxydable, fonte, cobalt et nickel)      <\/p>\n","protected":false},"excerpt":{"rendered":"<p>Les couleurs RAL de Belton FREE sont des produits \u00e0 base d&rsquo;eau. Elles sont donc inodores et peuvent \u00eatre utilis\u00e9es tant \u00e0 l&rsquo;int\u00e9rieur qu&rsquo;\u00e0 l&rsquo;ext\u00e9rieur. En Allemagne, ce produit a m\u00eame re\u00e7u un label de qualit\u00e9 lui permettant d&rsquo;\u00eatre utilis\u00e9 sur les jouets d&rsquo;enfants. Comme il contient moins de substances nocives, il peut \u00eatre utilis\u00e9 [&hellip;]<\/p>\n","protected":false},"featured_media":27045,"comment_status":"open","ping_status":"closed","template":"","meta":{"_acf_changed":false},"pwb-brand":[1969],"product_brand":[],"product_cat":[2004,2003],"product_tag":[2236],"class_list":{"0":"post-27041","1":"product","2":"type-product","3":"status-publish","4":"has-post-thumbnail","6":"pwb-brand-belton-fr","7":"product_cat-belton-gratuit","8":"product_cat-gratuit","9":"product_tag-couleur-ral-gratuite-rouge-mat","11":"first","12":"outofstock","13":"taxable","14":"shipping-taxable","15":"purchasable","16":"product-type-simple"},"bundled_by":[],"bundle_stock_status":"outofstock","bundle_stock_quantity":0,"bundle_virtual":false,"bundle_layout":"","bundle_add_to_cart_form_location":"","bundle_editable_in_cart":false,"bundle_sold_individually_context":"","bundle_item_grouping":"","bundle_min_size":"","bundle_max_size":"","bundle_price":[],"bundled_items":[],"bundle_sell_ids":[],"acf":[],"brands":[{"id":1969,"name":"Belton","slug":"belton-fr"}],"_links":{"self":[{"href":"https:\/\/bakkerspraypaint.com\/fr\/wp-json\/wp\/v2\/product\/27041","targetHints":{"allow":["GET"]}}],"collection":[{"href":"https:\/\/bakkerspraypaint.com\/fr\/wp-json\/wp\/v2\/product"}],"about":[{"href":"https:\/\/bakkerspraypaint.com\/fr\/wp-json\/wp\/v2\/types\/product"}],"replies":[{"embeddable":true,"href":"https:\/\/bakkerspraypaint.com\/fr\/wp-json\/wp\/v2\/comments?post=27041"}],"version-history":[{"count":0,"href":"https:\/\/bakkerspraypaint.com\/fr\/wp-json\/wp\/v2\/product\/27041\/revisions"}],"wp:featuredmedia":[{"embeddable":true,"href":"https:\/\/bakkerspraypaint.com\/fr\/wp-json\/wp\/v2\/media\/27045"}],"wp:attachment":[{"href":"https:\/\/bakkerspraypaint.com\/fr\/wp-json\/wp\/v2\/media?parent=27041"}],"wp:term":[{"taxonomy":"pwb-brand","embeddable":true,"href":"https:\/\/bakkerspraypaint.com\/fr\/wp-json\/wp\/v2\/pwb-brand?post=27041"},{"taxonomy":"product_brand","embeddable":true,"href":"https:\/\/bakkerspraypaint.com\/fr\/wp-json\/wp\/v2\/product_brand?post=27041"},{"taxonomy":"product_cat","embeddable":true,"href":"https:\/\/bakkerspraypaint.com\/fr\/wp-json\/wp\/v2\/product_cat?post=27041"},{"taxonomy":"product_tag","embeddable":true,"href":"https:\/\/bakkerspraypaint.com\/fr\/wp-json\/wp\/v2\/product_tag?post=27041"}],"curies":[{"name":"wp","href":"https:\/\/api.w.org\/{rel}","templated":true}]}}