{"id":27024,"date":"2024-03-03T04:14:52","date_gmt":"2024-03-03T03:14:52","guid":{"rendered":"https:\/\/bakkerspraypaint.com\/belton-free-colours-ral-2004-pure-orange-high-gloss\/"},"modified":"2024-03-03T04:14:52","modified_gmt":"2024-03-03T03:14:52","slug":"belton-free-colours-ral-2004-pure-orange-high-gloss","status":"publish","type":"product","link":"https:\/\/bakkerspraypaint.com\/fr\/produit\/belton-free-colours-ral-2004-pure-orange-high-gloss\/","title":{"rendered":"Belton FREE Colours RAL 2004 Pure Orange High gloss"},"content":{"rendered":"<p>Les couleurs RAL de Belton FREE sont des produits \u00e0 base d&rsquo;eau.<br \/>\nElles sont donc inodores et peuvent \u00eatre utilis\u00e9es \u00e0 l&rsquo;int\u00e9rieur comme \u00e0 l&rsquo;ext\u00e9rieur.<br \/>\nLe produit s\u00e8che rapidement et r\u00e9siste \u00e9galement aux intemp\u00e9ries, si vous d\u00e9cidez de placer quelque chose \u00e0 l&rsquo;ext\u00e9rieur ou au soleil pendant une longue p\u00e9riode.<br \/>\nEn Allemagne, ce produit a m\u00eame re\u00e7u un label de qualit\u00e9 qui permet de l&rsquo;utiliser sur les jouets d&rsquo;enfants.<br \/>\nComme il contient moins de substances nocives, il peut \u00eatre utilis\u00e9 sur de multiples surfaces.<br \/>\nPrenez par exemple le polystyr\u00e8ne.<br \/>\nCette peinture \u00e0 s\u00e9chage rapide est r\u00e9sistante aux intemp\u00e9ries et peut \u00e9galement \u00eatre pulv\u00e9ris\u00e9e sur de nombreuses surfaces sans n\u00e9cessiter d&rsquo;appr\u00eat.<br \/>\n(\u00e0 l&rsquo;exclusion de l&rsquo;acier, de l&rsquo;acier inoxydable, de la fonte, du cobalt et du nickel)       <\/p>\n","protected":false},"excerpt":{"rendered":"<p>Les couleurs RAL de Belton FREE sont des produits \u00e0 base d&rsquo;eau. Elles sont donc inodores et peuvent \u00eatre utilis\u00e9es \u00e0 l&rsquo;int\u00e9rieur comme \u00e0 l&rsquo;ext\u00e9rieur. Le produit s\u00e8che rapidement et r\u00e9siste \u00e9galement aux intemp\u00e9ries, si vous d\u00e9cidez de placer quelque chose \u00e0 l&rsquo;ext\u00e9rieur ou au soleil pendant une longue p\u00e9riode. En Allemagne, ce produit a [&hellip;]<\/p>\n","protected":false},"featured_media":27027,"comment_status":"open","ping_status":"closed","template":"","meta":{"_acf_changed":false},"pwb-brand":[1969],"product_brand":[],"product_cat":[2004,2003],"product_tag":[2232,2006],"class_list":{"0":"post-27024","1":"product","2":"type-product","3":"status-publish","4":"has-post-thumbnail","6":"pwb-brand-belton-fr","7":"product_cat-belton-gratuit","8":"product_cat-gratuit","9":"product_tag-belton-free-ral-colours-highgloss-fr","10":"product_tag-belton-free-ral-hg-fr","12":"first","13":"instock","14":"taxable","15":"shipping-taxable","16":"purchasable","17":"product-type-simple"},"bundled_by":[],"bundle_stock_status":"instock","bundle_stock_quantity":57,"bundle_virtual":false,"bundle_layout":"","bundle_add_to_cart_form_location":"","bundle_editable_in_cart":false,"bundle_sold_individually_context":"","bundle_item_grouping":"","bundle_min_size":"","bundle_max_size":"","bundle_price":[],"bundled_items":[],"bundle_sell_ids":[],"acf":[],"brands":[{"id":1969,"name":"Belton","slug":"belton-fr"}],"_links":{"self":[{"href":"https:\/\/bakkerspraypaint.com\/fr\/wp-json\/wp\/v2\/product\/27024","targetHints":{"allow":["GET"]}}],"collection":[{"href":"https:\/\/bakkerspraypaint.com\/fr\/wp-json\/wp\/v2\/product"}],"about":[{"href":"https:\/\/bakkerspraypaint.com\/fr\/wp-json\/wp\/v2\/types\/product"}],"replies":[{"embeddable":true,"href":"https:\/\/bakkerspraypaint.com\/fr\/wp-json\/wp\/v2\/comments?post=27024"}],"version-history":[{"count":0,"href":"https:\/\/bakkerspraypaint.com\/fr\/wp-json\/wp\/v2\/product\/27024\/revisions"}],"wp:featuredmedia":[{"embeddable":true,"href":"https:\/\/bakkerspraypaint.com\/fr\/wp-json\/wp\/v2\/media\/27027"}],"wp:attachment":[{"href":"https:\/\/bakkerspraypaint.com\/fr\/wp-json\/wp\/v2\/media?parent=27024"}],"wp:term":[{"taxonomy":"pwb-brand","embeddable":true,"href":"https:\/\/bakkerspraypaint.com\/fr\/wp-json\/wp\/v2\/pwb-brand?post=27024"},{"taxonomy":"product_brand","embeddable":true,"href":"https:\/\/bakkerspraypaint.com\/fr\/wp-json\/wp\/v2\/product_brand?post=27024"},{"taxonomy":"product_cat","embeddable":true,"href":"https:\/\/bakkerspraypaint.com\/fr\/wp-json\/wp\/v2\/product_cat?post=27024"},{"taxonomy":"product_tag","embeddable":true,"href":"https:\/\/bakkerspraypaint.com\/fr\/wp-json\/wp\/v2\/product_tag?post=27024"}],"curies":[{"name":"wp","href":"https:\/\/api.w.org\/{rel}","templated":true}]}}