{"id":26959,"date":"2024-02-15T04:49:27","date_gmt":"2024-02-15T03:49:27","guid":{"rendered":"https:\/\/bakkerspraypaint.com\/belton-free-clear-coats-silk-gloss\/"},"modified":"2024-02-15T04:49:27","modified_gmt":"2024-02-15T03:49:27","slug":"belton-free-clear-coats-silk-gloss","status":"publish","type":"product","link":"https:\/\/bakkerspraypaint.com\/fr\/produit\/belton-free-clear-coats-silk-gloss\/","title":{"rendered":"Belton FREE Clear Coats Silk Gloss"},"content":{"rendered":"<p>Les vernis Belton FREE sont des produits \u00e0 base d&rsquo;eau.<br \/>\nIls sont donc inodores et peuvent \u00eatre utilis\u00e9s tant \u00e0 l&rsquo;int\u00e9rieur qu&rsquo;\u00e0 l&rsquo;ext\u00e9rieur.<br \/>\nEn Allemagne, ce produit a m\u00eame re\u00e7u un label de qualit\u00e9 lui permettant d&rsquo;\u00eatre utilis\u00e9 sur les jouets d&rsquo;enfants.<br \/>\nComme il contient moins de substances nocives, il peut \u00eatre utilis\u00e9 sur plusieurs surfaces.<br \/>\nEt tout cela sans appr\u00eat.<br \/>\nLe produit s\u00e8che rapidement et r\u00e9siste \u00e9galement aux intemp\u00e9ries, si vous d\u00e9cidez de placer quelque chose \u00e0 l&rsquo;ext\u00e9rieur ou au soleil pendant une longue p\u00e9riode.<br \/>\nLa finition parfaite pour votre projet.      <\/p>\n","protected":false},"excerpt":{"rendered":"<p>Les vernis Belton FREE sont des produits \u00e0 base d&rsquo;eau. Ils sont donc inodores et peuvent \u00eatre utilis\u00e9s tant \u00e0 l&rsquo;int\u00e9rieur qu&rsquo;\u00e0 l&rsquo;ext\u00e9rieur. En Allemagne, ce produit a m\u00eame re\u00e7u un label de qualit\u00e9 lui permettant d&rsquo;\u00eatre utilis\u00e9 sur les jouets d&rsquo;enfants. Comme il contient moins de substances nocives, il peut \u00eatre utilis\u00e9 sur plusieurs [&hellip;]<\/p>\n","protected":false},"featured_media":26960,"comment_status":"open","ping_status":"closed","template":"","meta":{"_acf_changed":false},"pwb-brand":[1969],"product_brand":[],"product_cat":[2077,2004,2003,2072],"product_tag":[1989,2052],"class_list":{"0":"post-26959","1":"product","2":"type-product","3":"status-publish","4":"has-post-thumbnail","6":"pwb-brand-belton-fr","7":"product_cat-belton-free-clear-coats-h-fr","8":"product_cat-belton-gratuit","9":"product_cat-gratuit","10":"product_cat-vernis","11":"product_tag-1k-produits","12":"product_tag-brillant-de-soie","14":"first","15":"instock","16":"taxable","17":"shipping-taxable","18":"purchasable","19":"product-type-simple"},"bundled_by":[],"bundle_stock_status":"instock","bundle_stock_quantity":2,"bundle_virtual":false,"bundle_layout":"","bundle_add_to_cart_form_location":"","bundle_editable_in_cart":false,"bundle_sold_individually_context":"","bundle_item_grouping":"","bundle_min_size":"","bundle_max_size":"","bundle_price":[],"bundled_items":[],"bundle_sell_ids":[],"acf":[],"brands":[{"id":1969,"name":"Belton","slug":"belton-fr"}],"_links":{"self":[{"href":"https:\/\/bakkerspraypaint.com\/fr\/wp-json\/wp\/v2\/product\/26959","targetHints":{"allow":["GET"]}}],"collection":[{"href":"https:\/\/bakkerspraypaint.com\/fr\/wp-json\/wp\/v2\/product"}],"about":[{"href":"https:\/\/bakkerspraypaint.com\/fr\/wp-json\/wp\/v2\/types\/product"}],"replies":[{"embeddable":true,"href":"https:\/\/bakkerspraypaint.com\/fr\/wp-json\/wp\/v2\/comments?post=26959"}],"version-history":[{"count":0,"href":"https:\/\/bakkerspraypaint.com\/fr\/wp-json\/wp\/v2\/product\/26959\/revisions"}],"wp:featuredmedia":[{"embeddable":true,"href":"https:\/\/bakkerspraypaint.com\/fr\/wp-json\/wp\/v2\/media\/26960"}],"wp:attachment":[{"href":"https:\/\/bakkerspraypaint.com\/fr\/wp-json\/wp\/v2\/media?parent=26959"}],"wp:term":[{"taxonomy":"pwb-brand","embeddable":true,"href":"https:\/\/bakkerspraypaint.com\/fr\/wp-json\/wp\/v2\/pwb-brand?post=26959"},{"taxonomy":"product_brand","embeddable":true,"href":"https:\/\/bakkerspraypaint.com\/fr\/wp-json\/wp\/v2\/product_brand?post=26959"},{"taxonomy":"product_cat","embeddable":true,"href":"https:\/\/bakkerspraypaint.com\/fr\/wp-json\/wp\/v2\/product_cat?post=26959"},{"taxonomy":"product_tag","embeddable":true,"href":"https:\/\/bakkerspraypaint.com\/fr\/wp-json\/wp\/v2\/product_tag?post=26959"}],"curies":[{"name":"wp","href":"https:\/\/api.w.org\/{rel}","templated":true}]}}