{"id":26875,"date":"2024-02-20T19:58:56","date_gmt":"2024-02-20T18:58:56","guid":{"rendered":"https:\/\/bakkerspraypaint.com\/auto-k-peinture-universelle-blanc-brillant-9ml\/"},"modified":"2024-02-20T19:58:56","modified_gmt":"2024-02-20T18:58:56","slug":"auto-k-peinture-universelle-blanc-brillant-9ml","status":"publish","type":"product","link":"https:\/\/bakkerspraypaint.com\/fr\/produit\/auto-k-peinture-universelle-blanc-brillant-9ml\/","title":{"rendered":"Auto-K Peinture Universelle Blanc Brillant 9ml"},"content":{"rendered":"<p>Retouchez les petits dommages avec le stylo \u00e0 peinture universel blanc brillant de la gamme Auto-K.<br \/>\nRempli de peinture automobile de qualit\u00e9 sup\u00e9rieure.<br \/>\nL&rsquo;excellent pouvoir couvrant permet d&rsquo;obtenir une finition \u00e9l\u00e9gante et durable.<br \/>\nSuper universel, pour voiture, scooter, hobby, d\u00e9coration, etc, ce produit offre un r\u00e9sultat professionnel.<br \/>\nFacile \u00e0 appliquer, s\u00e8che rapidement, durable, r\u00e9sistante aux rayures et aux intemp\u00e9ries.<br \/>\nDonne une belle finition brillante.<br \/>\nRapide et facile.      <\/p>\n","protected":false},"excerpt":{"rendered":"<p>Retouchez les petits dommages avec le stylo \u00e0 peinture universel blanc brillant de la gamme Auto-K. Rempli de peinture automobile de qualit\u00e9 sup\u00e9rieure. L&rsquo;excellent pouvoir couvrant permet d&rsquo;obtenir une finition \u00e9l\u00e9gante et durable. Super universel, pour voiture, scooter, hobby, d\u00e9coration, etc, ce produit offre un r\u00e9sultat professionnel. Facile \u00e0 appliquer, s\u00e8che rapidement, durable, r\u00e9sistante aux [&hellip;]<\/p>\n","protected":false},"featured_media":26886,"comment_status":"open","ping_status":"closed","template":"","meta":{"_acf_changed":false},"pwb-brand":[2010],"product_brand":[],"product_cat":[2186],"product_tag":[2208],"class_list":{"0":"post-26875","1":"product","2":"type-product","3":"status-publish","4":"has-post-thumbnail","6":"pwb-brand-auto-k-fr","7":"product_cat-peintures-universelles-auto-k","8":"product_tag-433004-1-fr","10":"first","11":"instock","12":"taxable","13":"shipping-taxable","14":"purchasable","15":"product-type-simple"},"bundled_by":[],"bundle_stock_status":"instock","bundle_stock_quantity":20,"bundle_virtual":false,"bundle_layout":"","bundle_add_to_cart_form_location":"","bundle_editable_in_cart":false,"bundle_sold_individually_context":"","bundle_item_grouping":"","bundle_min_size":"","bundle_max_size":"","bundle_price":[],"bundled_items":[],"bundle_sell_ids":[],"acf":[],"brands":[{"id":2010,"name":"Auto-K","slug":"auto-k-fr"}],"_links":{"self":[{"href":"https:\/\/bakkerspraypaint.com\/fr\/wp-json\/wp\/v2\/product\/26875","targetHints":{"allow":["GET"]}}],"collection":[{"href":"https:\/\/bakkerspraypaint.com\/fr\/wp-json\/wp\/v2\/product"}],"about":[{"href":"https:\/\/bakkerspraypaint.com\/fr\/wp-json\/wp\/v2\/types\/product"}],"replies":[{"embeddable":true,"href":"https:\/\/bakkerspraypaint.com\/fr\/wp-json\/wp\/v2\/comments?post=26875"}],"version-history":[{"count":0,"href":"https:\/\/bakkerspraypaint.com\/fr\/wp-json\/wp\/v2\/product\/26875\/revisions"}],"wp:featuredmedia":[{"embeddable":true,"href":"https:\/\/bakkerspraypaint.com\/fr\/wp-json\/wp\/v2\/media\/26886"}],"wp:attachment":[{"href":"https:\/\/bakkerspraypaint.com\/fr\/wp-json\/wp\/v2\/media?parent=26875"}],"wp:term":[{"taxonomy":"pwb-brand","embeddable":true,"href":"https:\/\/bakkerspraypaint.com\/fr\/wp-json\/wp\/v2\/pwb-brand?post=26875"},{"taxonomy":"product_brand","embeddable":true,"href":"https:\/\/bakkerspraypaint.com\/fr\/wp-json\/wp\/v2\/product_brand?post=26875"},{"taxonomy":"product_cat","embeddable":true,"href":"https:\/\/bakkerspraypaint.com\/fr\/wp-json\/wp\/v2\/product_cat?post=26875"},{"taxonomy":"product_tag","embeddable":true,"href":"https:\/\/bakkerspraypaint.com\/fr\/wp-json\/wp\/v2\/product_tag?post=26875"}],"curies":[{"name":"wp","href":"https:\/\/api.w.org\/{rel}","templated":true}]}}