{"id":26052,"date":"2023-11-16T19:11:32","date_gmt":"2023-11-16T18:11:32","guid":{"rendered":"https:\/\/bakkerspraypaint.com\/belton-argent-metallique\/"},"modified":"2024-11-13T19:01:47","modified_gmt":"2024-11-13T18:01:47","slug":"belton-argent-metallique","status":"publish","type":"product","link":"https:\/\/bakkerspraypaint.com\/fr\/produit\/belton-argent-metallique\/","title":{"rendered":"Belton Argent M\u00e9tallique"},"content":{"rendered":"\t\t<div data-elementor-type=\"product-post\" data-elementor-id=\"26052\" class=\"elementor elementor-26052 elementor-7393\" data-elementor-post-type=\"product\">\n\t\t\t\t<div class=\"elementor-element elementor-element-47234a06 e-flex e-con-boxed e-con e-parent\" data-id=\"47234a06\" data-element_type=\"container\" data-e-type=\"container\" data-settings=\"{&quot;jet_parallax_layout_list&quot;:[]}\">\n\t\t\t\t\t<div class=\"e-con-inner\">\n\t\t\t\t<div class=\"elementor-element elementor-element-2450d94d elementor-widget elementor-widget-text-editor\" data-id=\"2450d94d\" data-element_type=\"widget\" data-e-type=\"widget\" data-widget_type=\"text-editor.default\">\n\t\t\t\t\t\t\t\t\tLa peinture m\u00e9tallis\u00e9e de haute qualit\u00e9 \u00e0 s\u00e9chage rapide est la finition de votre projet.\nLa peinture donne une belle couche lisse et ferm\u00e9e et r\u00e9siste parfaitement aux intemp\u00e9ries.\nLa finition avec un vernis Belton prot\u00e8ge votre projet et donne de la profondeur \u00e0 l&rsquo;effet m\u00e9tallique.\nNous aimerions vous pr\u00e9senter les avantages de la peinture m\u00e9tallis\u00e9e Belton : &#8211; La peinture s\u00e8che rapidement &#8211; La peinture offre une bonne couverture &#8211; Elle cr\u00e9e facilement un effet m\u00e9tallique brillant &#8211; La peinture peut \u00eatre utilis\u00e9e aussi bien \u00e0 l&rsquo;int\u00e9rieur qu&rsquo;\u00e0 l&rsquo;ext\u00e9rieur et est tr\u00e8s r\u00e9sistante aux intemp\u00e9ries.\t\t\t\t\t\t\t\t<\/div>\n\t\t\t\t\t<\/div>\n\t\t\t\t<\/div>\n\t\t\t\t<\/div>\n\t\t","protected":false},"excerpt":{"rendered":"<p>La peinture m\u00e9tallis\u00e9e de haute qualit\u00e9 \u00e0 s\u00e9chage rapide est la finition de votre projet. La peinture donne une belle couche lisse et ferm\u00e9e et r\u00e9siste parfaitement aux intemp\u00e9ries. La finition avec un vernis Belton prot\u00e8ge votre projet et donne de la profondeur \u00e0 l&rsquo;effet m\u00e9tallique. Nous aimerions vous pr\u00e9senter les avantages de la peinture [&hellip;]<\/p>\n","protected":false},"featured_media":26054,"comment_status":"open","ping_status":"closed","template":"","meta":{"_acf_changed":false},"pwb-brand":[1969],"product_brand":[],"product_cat":[2153,2058,2059],"product_tag":[1989,2037],"class_list":{"0":"post-26052","1":"product","2":"type-product","3":"status-publish","4":"has-post-thumbnail","6":"pwb-brand-belton-fr","7":"product_cat-finition-metallisee-chatoyante-bakkerspraypaint","8":"product_cat-spray-a-effet","9":"product_cat-spray-a-effet-1k","10":"product_tag-1k-produits","11":"product_tag-brillant","13":"first","14":"outofstock","15":"taxable","16":"shipping-taxable","17":"purchasable","18":"product-type-simple"},"bundled_by":[],"bundle_stock_status":"outofstock","bundle_stock_quantity":0,"bundle_virtual":false,"bundle_layout":"","bundle_add_to_cart_form_location":"","bundle_editable_in_cart":false,"bundle_sold_individually_context":"","bundle_item_grouping":"","bundle_min_size":"","bundle_max_size":"","bundle_price":[],"bundled_items":[],"bundle_sell_ids":[],"acf":[],"brands":[{"id":1969,"name":"Belton","slug":"belton-fr"}],"_links":{"self":[{"href":"https:\/\/bakkerspraypaint.com\/fr\/wp-json\/wp\/v2\/product\/26052","targetHints":{"allow":["GET"]}}],"collection":[{"href":"https:\/\/bakkerspraypaint.com\/fr\/wp-json\/wp\/v2\/product"}],"about":[{"href":"https:\/\/bakkerspraypaint.com\/fr\/wp-json\/wp\/v2\/types\/product"}],"replies":[{"embeddable":true,"href":"https:\/\/bakkerspraypaint.com\/fr\/wp-json\/wp\/v2\/comments?post=26052"}],"version-history":[{"count":3,"href":"https:\/\/bakkerspraypaint.com\/fr\/wp-json\/wp\/v2\/product\/26052\/revisions"}],"predecessor-version":[{"id":27846,"href":"https:\/\/bakkerspraypaint.com\/fr\/wp-json\/wp\/v2\/product\/26052\/revisions\/27846"}],"wp:featuredmedia":[{"embeddable":true,"href":"https:\/\/bakkerspraypaint.com\/fr\/wp-json\/wp\/v2\/media\/26054"}],"wp:attachment":[{"href":"https:\/\/bakkerspraypaint.com\/fr\/wp-json\/wp\/v2\/media?parent=26052"}],"wp:term":[{"taxonomy":"pwb-brand","embeddable":true,"href":"https:\/\/bakkerspraypaint.com\/fr\/wp-json\/wp\/v2\/pwb-brand?post=26052"},{"taxonomy":"product_brand","embeddable":true,"href":"https:\/\/bakkerspraypaint.com\/fr\/wp-json\/wp\/v2\/product_brand?post=26052"},{"taxonomy":"product_cat","embeddable":true,"href":"https:\/\/bakkerspraypaint.com\/fr\/wp-json\/wp\/v2\/product_cat?post=26052"},{"taxonomy":"product_tag","embeddable":true,"href":"https:\/\/bakkerspraypaint.com\/fr\/wp-json\/wp\/v2\/product_tag?post=26052"}],"curies":[{"name":"wp","href":"https:\/\/api.w.org\/{rel}","templated":true}]}}