{"id":26012,"date":"2023-11-16T17:50:00","date_gmt":"2023-11-16T16:50:00","guid":{"rendered":"https:\/\/bakkerspraypaint.com\/belton-2-in-1-red-high-gloss-400ml\/"},"modified":"2023-11-16T17:50:00","modified_gmt":"2023-11-16T16:50:00","slug":"belton-2-in-1-red-high-gloss-400ml","status":"publish","type":"product","link":"https:\/\/bakkerspraypaint.com\/fr\/produit\/belton-2-in-1-red-high-gloss-400ml\/","title":{"rendered":"Belton 2 IN 1 Red High Gloss 400ml"},"content":{"rendered":"<p>Protection puissante avec une teinte rouge vif L&rsquo;appr\u00eat et laque Belton en 1 rouge (num\u00e9ro d&rsquo;article 323655) offre une combinaison puissante d&rsquo;appr\u00eat et de peinture dans un a\u00e9rosol pratique.<br \/>\nCette teinte rouge \u00e9blouissante ajoute non seulement de la protection, mais aussi de l&rsquo;\u00e9clat \u00e0 divers projets.<br \/>\nCaract\u00e9ristiques principales : Efficacit\u00e9 dans un seul vaporisateur : Profitez \u00e0 la fois des propri\u00e9t\u00e9s adh\u00e9sives d&rsquo;un appr\u00eat et de la protection durable d&rsquo;une peinture rouge, le tout en une seule application facile.<br \/>\nExcellente adh\u00e9rence : L&rsquo;appr\u00eat avanc\u00e9 offre une excellente adh\u00e9rence \u00e0 diverses surfaces, tandis que la peinture rouge offre une protection \u00e0 long terme contre la corrosion et les intemp\u00e9ries.<br \/>\nTeinte rouge vif : donnez \u00e0 vos projets un aspect accrocheur gr\u00e2ce \u00e0 la teinte rouge vif, parfaite pour d\u00e9corer des pi\u00e8ces de voiture, des meubles et d&rsquo;autres objets.<br \/>\nPour plus d&rsquo;informations : Consultez la fiche technique ou la fiche de donn\u00e9es de s\u00e9curit\u00e9 sur cette page pour obtenir des donn\u00e9es techniques d\u00e9taill\u00e9es et des directives d&rsquo;application.<br \/>\nSi vous avez des questions sp\u00e9cifiques ou si vous avez besoin de conseils d&rsquo;experts, nous sommes toujours pr\u00eats \u00e0 vous aider.<br \/>\nProt\u00e9gez et embellissez efficacement vos projets avec le Belton Primer &amp; Lacquer in 1 Red (Num\u00e9ro d&rsquo;article 323655).<br \/>\nQue vous soyez un amateur ou un professionnel, cette bombe a\u00e9rosol offre une solution tout-en-un pour des r\u00e9sultats professionnels.        <\/p>\n","protected":false},"excerpt":{"rendered":"<p>Protection puissante avec une teinte rouge vif L&rsquo;appr\u00eat et laque Belton en 1 rouge (num\u00e9ro d&rsquo;article 323655) offre une combinaison puissante d&rsquo;appr\u00eat et de peinture dans un a\u00e9rosol pratique. Cette teinte rouge \u00e9blouissante ajoute non seulement de la protection, mais aussi de l&rsquo;\u00e9clat \u00e0 divers projets. Caract\u00e9ristiques principales : Efficacit\u00e9 dans un seul vaporisateur : [&hellip;]<\/p>\n","protected":false},"featured_media":26022,"comment_status":"open","ping_status":"closed","template":"","meta":{"_acf_changed":false},"pwb-brand":[1969],"product_brand":[],"product_cat":[2122,2121],"product_tag":[1989,2123,2037],"class_list":{"0":"post-26012","1":"product","2":"type-product","3":"status-publish","4":"has-post-thumbnail","6":"pwb-brand-belton-fr","7":"product_cat-1k-primer-lacquer-en-1","8":"product_cat-primaire-et-laque-en-1","9":"product_tag-1k-produits","10":"product_tag-belton-2-en-1-brillant","11":"product_tag-brillant","13":"first","14":"instock","15":"taxable","16":"shipping-taxable","17":"purchasable","18":"product-type-simple"},"bundled_by":[],"bundle_stock_status":"instock","bundle_stock_quantity":8,"bundle_virtual":false,"bundle_layout":"","bundle_add_to_cart_form_location":"","bundle_editable_in_cart":false,"bundle_sold_individually_context":"","bundle_item_grouping":"","bundle_min_size":"","bundle_max_size":"","bundle_price":[],"bundled_items":[],"bundle_sell_ids":[],"acf":[],"brands":[{"id":1969,"name":"Belton","slug":"belton-fr"}],"_links":{"self":[{"href":"https:\/\/bakkerspraypaint.com\/fr\/wp-json\/wp\/v2\/product\/26012","targetHints":{"allow":["GET"]}}],"collection":[{"href":"https:\/\/bakkerspraypaint.com\/fr\/wp-json\/wp\/v2\/product"}],"about":[{"href":"https:\/\/bakkerspraypaint.com\/fr\/wp-json\/wp\/v2\/types\/product"}],"replies":[{"embeddable":true,"href":"https:\/\/bakkerspraypaint.com\/fr\/wp-json\/wp\/v2\/comments?post=26012"}],"version-history":[{"count":0,"href":"https:\/\/bakkerspraypaint.com\/fr\/wp-json\/wp\/v2\/product\/26012\/revisions"}],"wp:featuredmedia":[{"embeddable":true,"href":"https:\/\/bakkerspraypaint.com\/fr\/wp-json\/wp\/v2\/media\/26022"}],"wp:attachment":[{"href":"https:\/\/bakkerspraypaint.com\/fr\/wp-json\/wp\/v2\/media?parent=26012"}],"wp:term":[{"taxonomy":"pwb-brand","embeddable":true,"href":"https:\/\/bakkerspraypaint.com\/fr\/wp-json\/wp\/v2\/pwb-brand?post=26012"},{"taxonomy":"product_brand","embeddable":true,"href":"https:\/\/bakkerspraypaint.com\/fr\/wp-json\/wp\/v2\/product_brand?post=26012"},{"taxonomy":"product_cat","embeddable":true,"href":"https:\/\/bakkerspraypaint.com\/fr\/wp-json\/wp\/v2\/product_cat?post=26012"},{"taxonomy":"product_tag","embeddable":true,"href":"https:\/\/bakkerspraypaint.com\/fr\/wp-json\/wp\/v2\/product_tag?post=26012"}],"curies":[{"name":"wp","href":"https:\/\/api.w.org\/{rel}","templated":true}]}}