{"id":25969,"date":"2023-11-16T18:47:19","date_gmt":"2023-11-16T17:47:19","guid":{"rendered":"https:\/\/bakkerspraypaint.com\/belton-couleurs-ral-satin-gloss-ral-5015\/"},"modified":"2025-06-24T00:20:07","modified_gmt":"2025-06-23T22:20:07","slug":"belton-couleurs-ral-satin-gloss-ral-5015","status":"publish","type":"product","link":"https:\/\/bakkerspraypaint.com\/fr\/produit\/belton-couleurs-ral-satin-gloss-ral-5015\/","title":{"rendered":"Belton Couleurs RAL Satin Gloss RAL 5015"},"content":{"rendered":"\t\t<div data-elementor-type=\"product-post\" data-elementor-id=\"25969\" class=\"elementor elementor-25969 elementor-7359\" data-elementor-post-type=\"product\">\n\t\t\t\t<div class=\"elementor-element elementor-element-155f7c97 e-flex e-con-boxed e-con e-parent\" data-id=\"155f7c97\" data-element_type=\"container\" data-e-type=\"container\" data-settings=\"{&quot;jet_parallax_layout_list&quot;:[]}\">\n\t\t\t\t\t<div class=\"e-con-inner\">\n\t\t\t\t<div class=\"elementor-element elementor-element-26c2e5a6 elementor-widget elementor-widget-text-editor\" data-id=\"26c2e5a6\" data-element_type=\"widget\" data-e-type=\"widget\" data-widget_type=\"text-editor.default\">\n\t\t\t\t\t\t\t\t\t<h2>Le Belton RAL 5015 avec le num\u00e9ro d&rsquo;article 324307<\/h2>  Fait partie de la famille des couleurs : Bleu.\nCe produit a une couleur satin\u00e9e.\nLe nom de cette couleur est Himmelblau.\nBelton est synonyme de qualit\u00e9 allemande classique, qui est utilis\u00e9e \u00e0 la fois sur les march\u00e9s professionnels et cr\u00e9atifs.\nLes normes de haute qualit\u00e9, combin\u00e9es \u00e0 une convivialit\u00e9 maximale, garantissent d&rsquo;excellents r\u00e9sultats.\nToujours la bonne teinte ! <a href=\"https:\/\/bakkerspraypaint.com\/ral-colours\/\">Belton RAL<\/a> offre une large gamme de teintes qui sont utilis\u00e9es dans diff\u00e9rents secteurs, tels que l&rsquo;ameublement, la d\u00e9coration int\u00e9rieure et la r\u00e9paration de dommages.\nPour l&rsquo;int\u00e9rieur et l&rsquo;ext\u00e9rieur.\nVous visualisez actuellement les couleurs semi-brillantes !\nVous recherchez une couleur <a href=\"https:\/\/bakkerspraypaint.com\/belton-ral-colors-high-gloss-ral-5010\/\">tr\u00e8s brillante<\/a> ou <a href=\"https:\/\/bakkerspraypaint.com\/belton-ral-colors-matt-ral-9005\/\">mate<\/a>?\nCliquez alors sur satin brillant ou mat pour voir notre gamme.\nLa couleur dont vous avez besoin n&rsquo;est pas disponible dans un autre niveau de brillance en standard ?\nDans ce cas, utilisez un vernis transparent pour obtenir la bonne finition.             <div>Oh, et saviez-vous que vous pouvez \u00e9galement vaporiser votre <a href=\"https:\/\/bakkerspraypaint.com\/spray-radiator\/\">radiateur<\/a> avec toutes les bombes a\u00e9rosols RAL ?\nUn radiateur chauffe, mais pas autant qu&rsquo;un pot d&rsquo;\u00e9chappement ou une cuisini\u00e8re. <\/div>\n<div><\/div>\n<div>Si vous souhaitez peindre le radiateur en blanc, nous vous recommandons d&rsquo;utiliser la<a href=\"https:\/\/bakkerspraypaint.com\/belton-radiator-paint-white\/\"> peinture pour radiateur Belton<\/a>.\nCelle-ci emp\u00eache le jaunissement du radiateur apr\u00e8s l&rsquo;avoir chauff\u00e9.\nLes autres couleurs ne posent aucun probl\u00e8me !  <\/div>\n<div>Outre la couleur parfaite, vous souhaitez \u00e9galement une adh\u00e9rence parfaite \u00e0 votre surface ?\nD\u00e9couvrez nos <a href=\"https:\/\/bakkerspraypaint.com\/primers\/\">appr\u00eats<\/a>! <\/div>\n<div><\/div>\n<div><\/div>\n<h2><strong>Pourquoi choisir <a href=\"https:\/\/bakkerspraypaint.com\/spuitbus-ral-colours\/\">Belton RAL<\/a>?<\/strong><\/h2>\n<div>\n<ul>\n \t<li><strong>Une qualit\u00e9 de peinture parfaite<\/strong>: Nos peintures r\u00e9pondent \u00e0 des normes de qualit\u00e9 strictes, garantissant des r\u00e9sultats exceptionnels.<\/li>\n \t<li><strong>R\u00e9sistance des couleurs<\/strong>: Profitez de teintes vibrantes qui r\u00e9sistent \u00e0 l&rsquo;\u00e9preuve du temps et conservent leur \u00e9clat pendant des ann\u00e9es.<\/li>\n \t<li><strong>Bonne couverture et temps de s\u00e9chage<\/strong>: obtenez des r\u00e9sultats efficaces gr\u00e2ce \u00e0 d&rsquo;excellentes propri\u00e9t\u00e9s de couverture et de s\u00e9chage, minimisant ainsi les temps d&rsquo;arr\u00eat.<\/li>\n \t<li><strong>Une vaste gamme de couleurs<\/strong>: Avec une palette \u00e9tendue \u00e0 votre disposition, vous trouverez toujours la teinte parfaite pour votre projet.<\/li>\n \t<li><strong>Livraison rapide<\/strong>: Comptez sur nous pour une livraison rapide, garantissant le respect du calendrier et des d\u00e9lais de votre projet.<\/li>\n<\/ul>  Chez Belton RAL, l&rsquo;excellence n&rsquo;est pas seulement une norme ; c&rsquo;est une promesse que nous tenons \u00e0 chaque fois, soutenue par des ann\u00e9es d&rsquo;expertise et de d\u00e9vouement \u00e0 l&rsquo;artisanat de qualit\u00e9.  <\/div>  De temps en temps, nous t\u00e9l\u00e9chargeons \u00e9galement des vid\u00e9os d&rsquo;application int\u00e9ressantes sur notre cha\u00eene YouTube : <a href=\"https:\/\/www.youtube.com\/@bakkersteenbergen1812\" target=\"_blank\" rel=\"noopener\">Bakker Spraypaint.<\/a> Comme vous l&rsquo;avez peut-\u00eatre d\u00e9j\u00e0 d\u00e9couvert, Bakker SprayPaint est l&rsquo;importateur officiel des bombes a\u00e9rosols de <a href=\"https:\/\/www.kwasny.com\/en\/\" target=\"_blank\" rel=\"noopener\">Peter Kwasny GMBH<\/a>.\t\t\t\t\t\t\t\t<\/div>\n\t\t\t\t\t<\/div>\n\t\t\t\t<\/div>\n\t\t\t\t<\/div>\n\t\t","protected":false},"excerpt":{"rendered":"<p><a href=\"https:\/\/bakkerspraypaint.com\/fr\/produit\/belton-ral-colors-high-gloss-ral-5015\/\"><button style=\"margin-left: 10px; background-color: #ed680600; padding: 5px 10px 5px 10px; border: 0px; border-radius: 3px;\">Brillant<\/button><\/a><a href=\"#\"><button style=\"margin-left: 10px; background-color: #ed6806; padding: 5px 10px 5px 10px; border: 0px; border-radius: 3px;\">Brillant de soie<\/button><\/a><a href=\"https:\/\/bakkerspraypaint.com\/fr\/produit\/belton-ral-couleurs-mat-ral-5015\/\"><button style=\"margin-left: 10px; background-color: #ed680600; padding: 5px 10px 5px 10px; border: 0px; border-radius: 3px;\">MAT<\/button><\/a><\/p>\n","protected":false},"featured_media":25971,"comment_status":"open","ping_status":"closed","template":"","meta":{"_acf_changed":false},"pwb-brand":[1445],"product_brand":[],"product_cat":[522,1516],"product_tag":[2052],"class_list":{"0":"post-25969","1":"product","2":"type-product","3":"status-publish","4":"has-post-thumbnail","6":"pwb-brand-belton-nl","7":"product_cat-belton-ral","8":"product_cat-belton-ral-colours-silk-gloss","9":"product_tag-brillant-de-soie","11":"first","12":"outofstock","13":"taxable","14":"shipping-taxable","15":"purchasable","16":"product-type-simple"},"bundled_by":[],"bundle_stock_status":"outofstock","bundle_stock_quantity":0,"bundle_virtual":false,"bundle_layout":"","bundle_add_to_cart_form_location":"","bundle_editable_in_cart":false,"bundle_sold_individually_context":"","bundle_item_grouping":"","bundle_min_size":"","bundle_max_size":"","bundle_price":[],"bundled_items":[],"bundle_sell_ids":[],"acf":[],"brands":[{"id":1969,"name":"Belton","slug":"belton-fr"}],"_links":{"self":[{"href":"https:\/\/bakkerspraypaint.com\/fr\/wp-json\/wp\/v2\/product\/25969","targetHints":{"allow":["GET"]}}],"collection":[{"href":"https:\/\/bakkerspraypaint.com\/fr\/wp-json\/wp\/v2\/product"}],"about":[{"href":"https:\/\/bakkerspraypaint.com\/fr\/wp-json\/wp\/v2\/types\/product"}],"replies":[{"embeddable":true,"href":"https:\/\/bakkerspraypaint.com\/fr\/wp-json\/wp\/v2\/comments?post=25969"}],"version-history":[{"count":5,"href":"https:\/\/bakkerspraypaint.com\/fr\/wp-json\/wp\/v2\/product\/25969\/revisions"}],"predecessor-version":[{"id":47263,"href":"https:\/\/bakkerspraypaint.com\/fr\/wp-json\/wp\/v2\/product\/25969\/revisions\/47263"}],"wp:featuredmedia":[{"embeddable":true,"href":"https:\/\/bakkerspraypaint.com\/fr\/wp-json\/wp\/v2\/media\/25971"}],"wp:attachment":[{"href":"https:\/\/bakkerspraypaint.com\/fr\/wp-json\/wp\/v2\/media?parent=25969"}],"wp:term":[{"taxonomy":"pwb-brand","embeddable":true,"href":"https:\/\/bakkerspraypaint.com\/fr\/wp-json\/wp\/v2\/pwb-brand?post=25969"},{"taxonomy":"product_brand","embeddable":true,"href":"https:\/\/bakkerspraypaint.com\/fr\/wp-json\/wp\/v2\/product_brand?post=25969"},{"taxonomy":"product_cat","embeddable":true,"href":"https:\/\/bakkerspraypaint.com\/fr\/wp-json\/wp\/v2\/product_cat?post=25969"},{"taxonomy":"product_tag","embeddable":true,"href":"https:\/\/bakkerspraypaint.com\/fr\/wp-json\/wp\/v2\/product_tag?post=25969"}],"curies":[{"name":"wp","href":"https:\/\/api.w.org\/{rel}","templated":true}]}}