{"id":25928,"date":"2023-11-16T17:56:48","date_gmt":"2023-11-16T16:56:48","guid":{"rendered":"https:\/\/bakkerspraypaint.com\/belton-2-in-1-titanium-mat-400ml\/"},"modified":"2023-11-16T17:56:48","modified_gmt":"2023-11-16T16:56:48","slug":"belton-2-in-1-titanium-mat-400ml","status":"publish","type":"product","link":"https:\/\/bakkerspraypaint.com\/fr\/produit\/belton-2-in-1-titanium-mat-400ml\/","title":{"rendered":"Belton 2 IN 1 Titanium Mat 400ml"},"content":{"rendered":"<p>Protection durable avec une teinte titane Le Belton Primer &amp; Lacquer in 1 Titanium (num\u00e9ro d&rsquo;article 323654) offre une combinaison puissante d&rsquo;appr\u00eat et de peinture dans un a\u00e9rosol pratique.<br \/>\nGr\u00e2ce \u00e0 l&rsquo;\u00e9l\u00e9gante teinte titane, vous ajoutez non seulement de la protection mais aussi du style \u00e0 vos diff\u00e9rents projets.<br \/>\nCaract\u00e9ristiques principales : Efficacit\u00e9 dans un seul vaporisateur : B\u00e9n\u00e9ficiez \u00e0 la fois des propri\u00e9t\u00e9s adh\u00e9sives d&rsquo;un appr\u00eat et de la protection durable d&rsquo;une peinture au titane, le tout en une seule application facile.<br \/>\nExcellente adh\u00e9rence : L&rsquo;appr\u00eat avanc\u00e9 offre une excellente adh\u00e9rence \u00e0 diverses surfaces, tandis que la peinture au titane offre une protection \u00e0 long terme contre la corrosion et les intemp\u00e9ries.<br \/>\n\u00c9l\u00e9gante teinte titane : Donnez \u00e0 vos projets un aspect contemporain gr\u00e2ce \u00e0 l&rsquo;\u00e9l\u00e9gante teinte titane, parfaite pour d\u00e9corer des pi\u00e8ces de voiture, des meubles et d&rsquo;autres objets.<br \/>\nPour plus d&rsquo;informations : Consultez la fiche technique ou la fiche de donn\u00e9es de s\u00e9curit\u00e9 sur cette page pour obtenir des donn\u00e9es techniques d\u00e9taill\u00e9es et des directives d&rsquo;application.<br \/>\nSi vous avez des questions sp\u00e9cifiques ou si vous avez besoin de conseils d&rsquo;experts, nous sommes toujours pr\u00eats \u00e0 vous aider.<br \/>\nProt\u00e9gez et embellissez efficacement vos projets avec le Belton Primer &amp; Lacquer in 1 Titanium (r\u00e9f\u00e9rence 323654).<br \/>\nQue vous soyez un amateur ou un professionnel, ce spray vous offre une solution tout-en-un pour des r\u00e9sultats professionnels.        <\/p>\n","protected":false},"excerpt":{"rendered":"<p>Protection durable avec une teinte titane Le Belton Primer &amp; Lacquer in 1 Titanium (num\u00e9ro d&rsquo;article 323654) offre une combinaison puissante d&rsquo;appr\u00eat et de peinture dans un a\u00e9rosol pratique. Gr\u00e2ce \u00e0 l&rsquo;\u00e9l\u00e9gante teinte titane, vous ajoutez non seulement de la protection mais aussi du style \u00e0 vos diff\u00e9rents projets. Caract\u00e9ristiques principales : Efficacit\u00e9 dans un [&hellip;]<\/p>\n","protected":false},"featured_media":25930,"comment_status":"open","ping_status":"closed","template":"","meta":{"_acf_changed":false},"pwb-brand":[1969],"product_brand":[],"product_cat":[2122,2121],"product_tag":[1989,2151,2045],"class_list":{"0":"post-25928","1":"product","2":"type-product","3":"status-publish","4":"has-post-thumbnail","6":"pwb-brand-belton-fr","7":"product_cat-1k-primer-lacquer-en-1","8":"product_cat-primaire-et-laque-en-1","9":"product_tag-1k-produits","10":"product_tag-323654-1-fr","11":"product_tag-matt-fr","13":"first","14":"instock","15":"taxable","16":"shipping-taxable","17":"purchasable","18":"product-type-simple"},"bundled_by":[],"bundle_stock_status":"instock","bundle_stock_quantity":4,"bundle_virtual":false,"bundle_layout":"","bundle_add_to_cart_form_location":"","bundle_editable_in_cart":false,"bundle_sold_individually_context":"","bundle_item_grouping":"","bundle_min_size":"","bundle_max_size":"","bundle_price":[],"bundled_items":[],"bundle_sell_ids":[],"acf":[],"brands":[{"id":1969,"name":"Belton","slug":"belton-fr"}],"_links":{"self":[{"href":"https:\/\/bakkerspraypaint.com\/fr\/wp-json\/wp\/v2\/product\/25928","targetHints":{"allow":["GET"]}}],"collection":[{"href":"https:\/\/bakkerspraypaint.com\/fr\/wp-json\/wp\/v2\/product"}],"about":[{"href":"https:\/\/bakkerspraypaint.com\/fr\/wp-json\/wp\/v2\/types\/product"}],"replies":[{"embeddable":true,"href":"https:\/\/bakkerspraypaint.com\/fr\/wp-json\/wp\/v2\/comments?post=25928"}],"version-history":[{"count":0,"href":"https:\/\/bakkerspraypaint.com\/fr\/wp-json\/wp\/v2\/product\/25928\/revisions"}],"wp:featuredmedia":[{"embeddable":true,"href":"https:\/\/bakkerspraypaint.com\/fr\/wp-json\/wp\/v2\/media\/25930"}],"wp:attachment":[{"href":"https:\/\/bakkerspraypaint.com\/fr\/wp-json\/wp\/v2\/media?parent=25928"}],"wp:term":[{"taxonomy":"pwb-brand","embeddable":true,"href":"https:\/\/bakkerspraypaint.com\/fr\/wp-json\/wp\/v2\/pwb-brand?post=25928"},{"taxonomy":"product_brand","embeddable":true,"href":"https:\/\/bakkerspraypaint.com\/fr\/wp-json\/wp\/v2\/product_brand?post=25928"},{"taxonomy":"product_cat","embeddable":true,"href":"https:\/\/bakkerspraypaint.com\/fr\/wp-json\/wp\/v2\/product_cat?post=25928"},{"taxonomy":"product_tag","embeddable":true,"href":"https:\/\/bakkerspraypaint.com\/fr\/wp-json\/wp\/v2\/product_tag?post=25928"}],"curies":[{"name":"wp","href":"https:\/\/api.w.org\/{rel}","templated":true}]}}