{"id":25770,"date":"2023-11-16T14:52:59","date_gmt":"2023-11-16T13:52:59","guid":{"rendered":"https:\/\/bakkerspraypaint.com\/belton-pearl-effect-violet\/"},"modified":"2024-12-03T03:18:20","modified_gmt":"2024-12-03T02:18:20","slug":"belton-pearl-effect-violet","status":"publish","type":"product","link":"https:\/\/bakkerspraypaint.com\/fr\/produit\/belton-pearl-effect-violet\/","title":{"rendered":"Belton Pearl Effect Violet"},"content":{"rendered":"\t\t<div data-elementor-type=\"product-post\" data-elementor-id=\"25770\" class=\"elementor elementor-25770 elementor-7279\" data-elementor-post-type=\"product\">\n\t\t\t\t<div class=\"elementor-element elementor-element-37c3d8d6 e-flex e-con-boxed e-con e-parent\" data-id=\"37c3d8d6\" data-element_type=\"container\" data-e-type=\"container\" data-settings=\"{&quot;jet_parallax_layout_list&quot;:[]}\">\n\t\t\t\t\t<div class=\"e-con-inner\">\n\t\t\t\t<div class=\"elementor-element elementor-element-6b0bf3be elementor-widget elementor-widget-text-editor\" data-id=\"6b0bf3be\" data-element_type=\"widget\" data-e-type=\"widget\" data-widget_type=\"text-editor.default\">\n\t\t\t\t\t\t\t\t\t<div>La laque nacr\u00e9e Belton donne une finition brillante \u00e0 votre peinture avec une couleur nacr\u00e9e.\nLe vernis nacr\u00e9 est une couleur claire avec de petites particules m\u00e9talliques nacr\u00e9es qui donnent l&rsquo;effet de brillance et de scintillement. <\/div>\n<div><\/div>\n<div>La couleur nacre donne un aspect unique et luxueux \u00e0 votre objet.<\/div>\n<div>Sp\u00e9cifications du produit :<\/div>\n<div>Base du liant : r\u00e9sines acryliques<\/div>\n<div><\/div>\n<div>Application par pulv\u00e9risation :<\/div>\n<div>2-3 couches fines et r\u00e9guli\u00e8res<\/div>\n<div>\u00c9paisseur de la couche : 40-50 \u00b5m<\/div>\n<div>Distance de pulv\u00e9risation : 15-25 cm<\/div>\n<div><\/div>\n<div>Temps de s\u00e9chage :<\/div>\n<div>&#8211; poussi\u00e8re s\u00e8che : apr\u00e8s 20 min.<\/div>\n<div>&#8211; Utilisation rapide : apr\u00e8s 60 minutes.<\/div>\n<div>&#8211; s\u00e9chage dur : apr\u00e8s environ\n12 heures <\/div>\n<div><\/div>\n<div>Remise en peinture :<\/div>\n<div>&#8211; avec lui-m\u00eame : \u00e0 tout moment<\/div>\n<div>&#8211; avec toutes les peintures Belton : \u00e0 tout moment<\/div>\t\t\t\t\t\t\t\t<\/div>\n\t\t\t\t\t<\/div>\n\t\t\t\t<\/div>\n\t\t\t\t<\/div>\n\t\t","protected":false},"excerpt":{"rendered":"<p>La laque nacr\u00e9e Belton donne une finition brillante \u00e0 votre peinture avec une couleur nacr\u00e9e. Le vernis nacr\u00e9 est une couleur claire avec de petites particules m\u00e9talliques nacr\u00e9es qui donnent l&rsquo;effet de brillance et de scintillement. La couleur nacre donne un aspect unique et luxueux \u00e0 votre objet. Sp\u00e9cifications du produit : Base du liant [&hellip;]<\/p>\n","protected":false},"featured_media":25772,"comment_status":"open","ping_status":"closed","template":"","meta":{"_acf_changed":false},"pwb-brand":[1969],"product_brand":[],"product_cat":[2058,2059],"product_tag":[2037],"class_list":{"0":"post-25770","1":"product","2":"type-product","3":"status-publish","4":"has-post-thumbnail","6":"pwb-brand-belton-fr","7":"product_cat-spray-a-effet","8":"product_cat-spray-a-effet-1k","9":"product_tag-brillant","11":"first","12":"instock","13":"taxable","14":"shipping-taxable","15":"purchasable","16":"product-type-simple"},"bundled_by":[],"bundle_stock_status":"instock","bundle_stock_quantity":10,"bundle_virtual":false,"bundle_layout":"","bundle_add_to_cart_form_location":"","bundle_editable_in_cart":false,"bundle_sold_individually_context":"","bundle_item_grouping":"","bundle_min_size":"","bundle_max_size":"","bundle_price":[],"bundled_items":[],"bundle_sell_ids":[],"acf":[],"brands":[{"id":1969,"name":"Belton","slug":"belton-fr"}],"_links":{"self":[{"href":"https:\/\/bakkerspraypaint.com\/fr\/wp-json\/wp\/v2\/product\/25770","targetHints":{"allow":["GET"]}}],"collection":[{"href":"https:\/\/bakkerspraypaint.com\/fr\/wp-json\/wp\/v2\/product"}],"about":[{"href":"https:\/\/bakkerspraypaint.com\/fr\/wp-json\/wp\/v2\/types\/product"}],"replies":[{"embeddable":true,"href":"https:\/\/bakkerspraypaint.com\/fr\/wp-json\/wp\/v2\/comments?post=25770"}],"version-history":[{"count":3,"href":"https:\/\/bakkerspraypaint.com\/fr\/wp-json\/wp\/v2\/product\/25770\/revisions"}],"predecessor-version":[{"id":28151,"href":"https:\/\/bakkerspraypaint.com\/fr\/wp-json\/wp\/v2\/product\/25770\/revisions\/28151"}],"wp:featuredmedia":[{"embeddable":true,"href":"https:\/\/bakkerspraypaint.com\/fr\/wp-json\/wp\/v2\/media\/25772"}],"wp:attachment":[{"href":"https:\/\/bakkerspraypaint.com\/fr\/wp-json\/wp\/v2\/media?parent=25770"}],"wp:term":[{"taxonomy":"pwb-brand","embeddable":true,"href":"https:\/\/bakkerspraypaint.com\/fr\/wp-json\/wp\/v2\/pwb-brand?post=25770"},{"taxonomy":"product_brand","embeddable":true,"href":"https:\/\/bakkerspraypaint.com\/fr\/wp-json\/wp\/v2\/product_brand?post=25770"},{"taxonomy":"product_cat","embeddable":true,"href":"https:\/\/bakkerspraypaint.com\/fr\/wp-json\/wp\/v2\/product_cat?post=25770"},{"taxonomy":"product_tag","embeddable":true,"href":"https:\/\/bakkerspraypaint.com\/fr\/wp-json\/wp\/v2\/product_tag?post=25770"}],"curies":[{"name":"wp","href":"https:\/\/api.w.org\/{rel}","templated":true}]}}