{"id":25749,"date":"2023-11-16T13:32:11","date_gmt":"2023-11-16T12:32:11","guid":{"rendered":"https:\/\/bakkerspraypaint.com\/belton-chrome-effect-silver\/"},"modified":"2025-03-07T13:36:32","modified_gmt":"2025-03-07T12:36:32","slug":"belton-chrome-effect-silver","status":"publish","type":"product","link":"https:\/\/bakkerspraypaint.com\/fr\/produit\/belton-chrome-effect-silver\/","title":{"rendered":"Belton Chrome Effect Silver"},"content":{"rendered":"<p>Avec l&rsquo;effet Auto-K Chrome gold, vous pouvez cr\u00e9er un effet brillant saisissant sur n&rsquo;importe quel objet ! Ce produit est tr\u00e8s couvrant et donne un effet saisissant. Attention ! Vous ne pouvez pas vaporiser de la laque transparente sur l&rsquo;argent chrom\u00e9. Si vous le faites, le blanc appara\u00eetra. Utilisez donc ce produit sur des objets que vous n&rsquo;avez pas besoin de tenir ou de nettoyer souvent. C&rsquo;est une question d&rsquo;\u00e9vidence. La peinture n&rsquo;est pas r\u00e9sistante aux taches. Elle convient parfaitement \u00e0 un usage int\u00e9rieur. Le pied d&rsquo;une lampe, par exemple, ou des objets pos\u00e9s sur une \u00e9tag\u00e8re en guise de d\u00e9coration.         <\/p>\n","protected":false},"excerpt":{"rendered":"<p>Avec l&rsquo;effet Auto-K Chrome gold, vous pouvez cr\u00e9er un effet brillant saisissant sur n&rsquo;importe quel objet ! Ce produit est tr\u00e8s couvrant et donne un effet saisissant. Attention ! Vous ne pouvez pas vaporiser de la laque transparente sur l&rsquo;argent chrom\u00e9. Si vous le faites, le blanc appara\u00eetra. Utilisez donc ce produit sur des objets [&hellip;]<\/p>\n","protected":false},"featured_media":25751,"comment_status":"open","ping_status":"closed","template":"","meta":{"_acf_changed":false},"pwb-brand":[1969],"product_brand":[],"product_cat":[2111,2058,2059],"product_tag":[1989,2135,2037],"class_list":{"0":"post-25749","1":"product","2":"type-product","3":"status-publish","4":"has-post-thumbnail","6":"pwb-brand-belton-fr","7":"product_cat-finition-miroir-a-effet-chrome","8":"product_cat-spray-a-effet","9":"product_cat-spray-a-effet-1k","10":"product_tag-1k-produits","11":"product_tag-belton-effet-chrome","12":"product_tag-brillant","14":"first","15":"instock","16":"taxable","17":"shipping-taxable","18":"purchasable","19":"product-type-simple"},"bundled_by":[],"bundle_stock_status":"instock","bundle_stock_quantity":21,"bundle_virtual":false,"bundle_layout":"","bundle_add_to_cart_form_location":"","bundle_editable_in_cart":false,"bundle_sold_individually_context":"","bundle_item_grouping":"","bundle_min_size":"","bundle_max_size":"","bundle_price":[],"bundled_items":[],"bundle_sell_ids":[],"acf":[],"brands":[{"id":1969,"name":"Belton","slug":"belton-fr"}],"_links":{"self":[{"href":"https:\/\/bakkerspraypaint.com\/fr\/wp-json\/wp\/v2\/product\/25749","targetHints":{"allow":["GET"]}}],"collection":[{"href":"https:\/\/bakkerspraypaint.com\/fr\/wp-json\/wp\/v2\/product"}],"about":[{"href":"https:\/\/bakkerspraypaint.com\/fr\/wp-json\/wp\/v2\/types\/product"}],"replies":[{"embeddable":true,"href":"https:\/\/bakkerspraypaint.com\/fr\/wp-json\/wp\/v2\/comments?post=25749"}],"version-history":[{"count":1,"href":"https:\/\/bakkerspraypaint.com\/fr\/wp-json\/wp\/v2\/product\/25749\/revisions"}],"predecessor-version":[{"id":28990,"href":"https:\/\/bakkerspraypaint.com\/fr\/wp-json\/wp\/v2\/product\/25749\/revisions\/28990"}],"wp:featuredmedia":[{"embeddable":true,"href":"https:\/\/bakkerspraypaint.com\/fr\/wp-json\/wp\/v2\/media\/25751"}],"wp:attachment":[{"href":"https:\/\/bakkerspraypaint.com\/fr\/wp-json\/wp\/v2\/media?parent=25749"}],"wp:term":[{"taxonomy":"pwb-brand","embeddable":true,"href":"https:\/\/bakkerspraypaint.com\/fr\/wp-json\/wp\/v2\/pwb-brand?post=25749"},{"taxonomy":"product_brand","embeddable":true,"href":"https:\/\/bakkerspraypaint.com\/fr\/wp-json\/wp\/v2\/product_brand?post=25749"},{"taxonomy":"product_cat","embeddable":true,"href":"https:\/\/bakkerspraypaint.com\/fr\/wp-json\/wp\/v2\/product_cat?post=25749"},{"taxonomy":"product_tag","embeddable":true,"href":"https:\/\/bakkerspraypaint.com\/fr\/wp-json\/wp\/v2\/product_tag?post=25749"}],"curies":[{"name":"wp","href":"https:\/\/api.w.org\/{rel}","templated":true}]}}