{"id":25748,"date":"2023-11-16T14:09:19","date_gmt":"2023-11-16T13:09:19","guid":{"rendered":"https:\/\/bakkerspraypaint.com\/belton-granite-spray-anthracite\/"},"modified":"2023-11-16T14:09:19","modified_gmt":"2023-11-16T13:09:19","slug":"belton-granite-spray-anthracite","status":"publish","type":"product","link":"https:\/\/bakkerspraypaint.com\/fr\/produit\/belton-granite-spray-anthracite\/","title":{"rendered":"Belton Granite Spray Anthracite"},"content":{"rendered":"<p>Enrichissez vos projets avec une profondeur \u00e9l\u00e9gante Apportez de la profondeur et de la modernit\u00e9 \u00e0 vos projets avec Belton Anthracite Granite (r\u00e9f\u00e9rence 323355).<br \/>\nCette peinture de haute qualit\u00e9 offre un effet granit anthracite unique, vous permettant d&#8217;embellir les surfaces de mani\u00e8re \u00e9l\u00e9gante et contemporaine.<br \/>\nCaract\u00e9ristiques principales : Effet granit anthracite : Belton Granite Anthracite offre un effet granit anthracite sophistiqu\u00e9, conf\u00e9rant aux surfaces un aspect et une profondeur contemporains.<br \/>\nId\u00e9al pour rehausser les meubles, les objets d\u00e9coratifs et autres.<br \/>\nExcellente adh\u00e9rence : La peinture adh\u00e8re parfaitement \u00e0 diverses surfaces, telles que le bois, le m\u00e9tal et le plastique.<br \/>\nLe r\u00e9sultat est durable et fiable, m\u00eame en cas d&rsquo;utilisation intensive.<br \/>\nR\u00e9sistance aux intemp\u00e9ries : Belton Anthracite Granite est con\u00e7u pour r\u00e9sister aux intemp\u00e9ries, ce qui le rend adapt\u00e9 aux applications int\u00e9rieures et ext\u00e9rieures.<br \/>\nL&rsquo;effet granit reste beau pendant longtemps, m\u00eame sous l&rsquo;influence des \u00e9l\u00e9ments.<br \/>\nFacile \u00e0 appliquer : Gr\u00e2ce \u00e0 sa formule conviviale, Belton Anthracite Granite est facile \u00e0 appliquer, ce qui permet aux d\u00e9butants comme aux professionnels de r\u00e9aliser des projets de peinture sans effort.<br \/>\nPour plus d&rsquo;informations : Reportez-vous \u00e0 la fiche technique ou \u00e0 la fiche de donn\u00e9es de s\u00e9curit\u00e9 sur cette page pour obtenir des donn\u00e9es techniques d\u00e9taill\u00e9es et des conseils d&rsquo;application.<br \/>\nPour des questions sp\u00e9cifiques ou des conseils d&rsquo;experts, nous sommes \u00e0 votre disposition.<br \/>\nAjoutez une touche de profondeur \u00e9l\u00e9gante \u00e0 vos projets cr\u00e9atifs avec Belton Anthracite Granite (r\u00e9f\u00e9rence 323355) &#8211; le choix parfait pour une finition contemporaine et sophistiqu\u00e9e.           <\/p>\n","protected":false},"excerpt":{"rendered":"<p>Enrichissez vos projets avec une profondeur \u00e9l\u00e9gante Apportez de la profondeur et de la modernit\u00e9 \u00e0 vos projets avec Belton Anthracite Granite (r\u00e9f\u00e9rence 323355). Cette peinture de haute qualit\u00e9 offre un effet granit anthracite unique, vous permettant d&#8217;embellir les surfaces de mani\u00e8re \u00e9l\u00e9gante et contemporaine. Caract\u00e9ristiques principales : Effet granit anthracite : Belton Granite Anthracite [&hellip;]<\/p>\n","protected":false},"featured_media":25750,"comment_status":"open","ping_status":"closed","template":"","meta":{"_acf_changed":false},"pwb-brand":[1969],"product_brand":[],"product_cat":[2133,2058],"product_tag":[1989,2052],"class_list":{"0":"post-25748","1":"product","2":"type-product","3":"status-publish","4":"has-post-thumbnail","6":"pwb-brand-belton-fr","7":"product_cat-graniet-effect-stone-texture-bakkerspraypaint","8":"product_cat-spray-a-effet","9":"product_tag-1k-produits","10":"product_tag-brillant-de-soie","12":"first","13":"instock","14":"taxable","15":"shipping-taxable","16":"purchasable","17":"product-type-simple"},"bundled_by":[],"bundle_stock_status":"instock","bundle_stock_quantity":8,"bundle_virtual":false,"bundle_layout":"","bundle_add_to_cart_form_location":"","bundle_editable_in_cart":false,"bundle_sold_individually_context":"","bundle_item_grouping":"","bundle_min_size":"","bundle_max_size":"","bundle_price":[],"bundled_items":[],"bundle_sell_ids":[],"acf":[],"brands":[{"id":1969,"name":"Belton","slug":"belton-fr"}],"_links":{"self":[{"href":"https:\/\/bakkerspraypaint.com\/fr\/wp-json\/wp\/v2\/product\/25748","targetHints":{"allow":["GET"]}}],"collection":[{"href":"https:\/\/bakkerspraypaint.com\/fr\/wp-json\/wp\/v2\/product"}],"about":[{"href":"https:\/\/bakkerspraypaint.com\/fr\/wp-json\/wp\/v2\/types\/product"}],"replies":[{"embeddable":true,"href":"https:\/\/bakkerspraypaint.com\/fr\/wp-json\/wp\/v2\/comments?post=25748"}],"version-history":[{"count":0,"href":"https:\/\/bakkerspraypaint.com\/fr\/wp-json\/wp\/v2\/product\/25748\/revisions"}],"wp:featuredmedia":[{"embeddable":true,"href":"https:\/\/bakkerspraypaint.com\/fr\/wp-json\/wp\/v2\/media\/25750"}],"wp:attachment":[{"href":"https:\/\/bakkerspraypaint.com\/fr\/wp-json\/wp\/v2\/media?parent=25748"}],"wp:term":[{"taxonomy":"pwb-brand","embeddable":true,"href":"https:\/\/bakkerspraypaint.com\/fr\/wp-json\/wp\/v2\/pwb-brand?post=25748"},{"taxonomy":"product_brand","embeddable":true,"href":"https:\/\/bakkerspraypaint.com\/fr\/wp-json\/wp\/v2\/product_brand?post=25748"},{"taxonomy":"product_cat","embeddable":true,"href":"https:\/\/bakkerspraypaint.com\/fr\/wp-json\/wp\/v2\/product_cat?post=25748"},{"taxonomy":"product_tag","embeddable":true,"href":"https:\/\/bakkerspraypaint.com\/fr\/wp-json\/wp\/v2\/product_tag?post=25748"}],"curies":[{"name":"wp","href":"https:\/\/api.w.org\/{rel}","templated":true}]}}