{"id":25711,"date":"2023-11-16T14:14:04","date_gmt":"2023-11-16T13:14:04","guid":{"rendered":"https:\/\/bakkerspraypaint.com\/belton-granite-spray-sand\/"},"modified":"2023-11-16T14:14:04","modified_gmt":"2023-11-16T13:14:04","slug":"belton-granite-spray-sand","status":"publish","type":"product","link":"https:\/\/bakkerspraypaint.com\/fr\/produit\/belton-granite-spray-sand\/","title":{"rendered":"Belton Granite Spray Sand"},"content":{"rendered":"<p>Cr\u00e9ez facilement des effets granit\u00e9s atmosph\u00e9riques Donnez \u00e0 vos projets une touche de chaleur et d&rsquo;atmosph\u00e8re avec Belton Granite Sand (r\u00e9f. 323352).<br \/>\nCette peinture de haute qualit\u00e9 offre un effet granit\u00e9 unique qui permet de transformer facilement les surfaces.<br \/>\nCaract\u00e9ristiques principales : Effet granit : Belton Granite Sand offre un magnifique effet granit, donnant aux surfaces un aspect naturel et sophistiqu\u00e9.<br \/>\nC&rsquo;est le choix id\u00e9al pour am\u00e9liorer le mobilier, les accessoires et les objets de d\u00e9coration.<br \/>\nExcellente adh\u00e9rence : La peinture adh\u00e8re parfaitement \u00e0 diverses surfaces, telles que le bois, le m\u00e9tal et le plastique.<br \/>\nLe r\u00e9sultat est durable et fiable, m\u00eame en cas d&rsquo;utilisation intensive.<br \/>\nR\u00e9sistance aux intemp\u00e9ries : Belton Granite Sand est con\u00e7u pour r\u00e9sister aux intemp\u00e9ries, ce qui le rend adapt\u00e9 aux applications int\u00e9rieures et ext\u00e9rieures.<br \/>\nL&rsquo;effet granit reste beau pendant longtemps, m\u00eame sous l&rsquo;influence des \u00e9l\u00e9ments.<br \/>\nFacile \u00e0 appliquer : Gr\u00e2ce \u00e0 sa formule conviviale, Belton Granite Sand est facile \u00e0 appliquer, m\u00eame pour les d\u00e9butants.<br \/>\nVous pouvez ainsi obtenir des r\u00e9sultats professionnels sans effort.<br \/>\nPour plus d&rsquo;informations : Pour des donn\u00e9es techniques d\u00e9taill\u00e9es et des conseils d&rsquo;application, nous vous recommandons de consulter la fiche technique ou la fiche de donn\u00e9es de s\u00e9curit\u00e9 sur cette page.<br \/>\nPour des questions sp\u00e9cifiques, nous sommes pr\u00eats \u00e0 vous aider.<br \/>\nN&rsquo;h\u00e9sitez pas \u00e0 nous contacter pour obtenir des conseils d&rsquo;experts.<br \/>\nDonnez aux surfaces un effet granit\u00e9 attrayant avec Belton Granite Sand (r\u00e9f\u00e9rence 323352) &#8211; le choix id\u00e9al pour embellir divers objets avec une touche subtile d&rsquo;\u00e9l\u00e9gance.             <\/p>\n","protected":false},"excerpt":{"rendered":"<p>Cr\u00e9ez facilement des effets granit\u00e9s atmosph\u00e9riques Donnez \u00e0 vos projets une touche de chaleur et d&rsquo;atmosph\u00e8re avec Belton Granite Sand (r\u00e9f. 323352). Cette peinture de haute qualit\u00e9 offre un effet granit\u00e9 unique qui permet de transformer facilement les surfaces. Caract\u00e9ristiques principales : Effet granit : Belton Granite Sand offre un magnifique effet granit, donnant aux [&hellip;]<\/p>\n","protected":false},"featured_media":25715,"comment_status":"open","ping_status":"closed","template":"","meta":{"_acf_changed":false},"pwb-brand":[1969],"product_brand":[],"product_cat":[2133,2058,2059],"product_tag":[1989,2052],"class_list":{"0":"post-25711","1":"product","2":"type-product","3":"status-publish","4":"has-post-thumbnail","6":"pwb-brand-belton-fr","7":"product_cat-graniet-effect-stone-texture-bakkerspraypaint","8":"product_cat-spray-a-effet","9":"product_cat-spray-a-effet-1k","10":"product_tag-1k-produits","11":"product_tag-brillant-de-soie","13":"first","14":"instock","15":"taxable","16":"shipping-taxable","17":"purchasable","18":"product-type-simple"},"bundled_by":[],"bundle_stock_status":"instock","bundle_stock_quantity":8,"bundle_virtual":false,"bundle_layout":"","bundle_add_to_cart_form_location":"","bundle_editable_in_cart":false,"bundle_sold_individually_context":"","bundle_item_grouping":"","bundle_min_size":"","bundle_max_size":"","bundle_price":[],"bundled_items":[],"bundle_sell_ids":[],"acf":[],"brands":[{"id":1969,"name":"Belton","slug":"belton-fr"}],"_links":{"self":[{"href":"https:\/\/bakkerspraypaint.com\/fr\/wp-json\/wp\/v2\/product\/25711","targetHints":{"allow":["GET"]}}],"collection":[{"href":"https:\/\/bakkerspraypaint.com\/fr\/wp-json\/wp\/v2\/product"}],"about":[{"href":"https:\/\/bakkerspraypaint.com\/fr\/wp-json\/wp\/v2\/types\/product"}],"replies":[{"embeddable":true,"href":"https:\/\/bakkerspraypaint.com\/fr\/wp-json\/wp\/v2\/comments?post=25711"}],"version-history":[{"count":0,"href":"https:\/\/bakkerspraypaint.com\/fr\/wp-json\/wp\/v2\/product\/25711\/revisions"}],"wp:featuredmedia":[{"embeddable":true,"href":"https:\/\/bakkerspraypaint.com\/fr\/wp-json\/wp\/v2\/media\/25715"}],"wp:attachment":[{"href":"https:\/\/bakkerspraypaint.com\/fr\/wp-json\/wp\/v2\/media?parent=25711"}],"wp:term":[{"taxonomy":"pwb-brand","embeddable":true,"href":"https:\/\/bakkerspraypaint.com\/fr\/wp-json\/wp\/v2\/pwb-brand?post=25711"},{"taxonomy":"product_brand","embeddable":true,"href":"https:\/\/bakkerspraypaint.com\/fr\/wp-json\/wp\/v2\/product_brand?post=25711"},{"taxonomy":"product_cat","embeddable":true,"href":"https:\/\/bakkerspraypaint.com\/fr\/wp-json\/wp\/v2\/product_cat?post=25711"},{"taxonomy":"product_tag","embeddable":true,"href":"https:\/\/bakkerspraypaint.com\/fr\/wp-json\/wp\/v2\/product_tag?post=25711"}],"curies":[{"name":"wp","href":"https:\/\/api.w.org\/{rel}","templated":true}]}}