{"id":25699,"date":"2023-11-16T14:01:45","date_gmt":"2023-11-16T13:01:45","guid":{"rendered":"https:\/\/bakkerspraypaint.com\/apprets-universels-belton-gris\/"},"modified":"2025-03-17T09:46:34","modified_gmt":"2025-03-17T08:46:34","slug":"apprets-universels-belton-gris","status":"publish","type":"product","link":"https:\/\/bakkerspraypaint.com\/fr\/produit\/apprets-universels-belton-gris\/","title":{"rendered":"Appr\u00eats universels Belton gris"},"content":{"rendered":"<p>L&rsquo;appr\u00eat gris de Belton est une base id\u00e9ale pour tout projet concernant des objets \u00e0 l&rsquo;int\u00e9rieur et autour de la maison. Pensez aux vases, aux abat-jour, aux pots de fleurs, etc. Il adh\u00e8re \u00e0 diff\u00e9rentes surfaces et donne un r\u00e9sultat final lisse. En utilisant le gris comme couleur de base, vous disposez d&rsquo;une bonne base pour couvrir diff\u00e9rentes couleurs. L&#8217;emballage de 400 ml en fait un bidon maniable et donc agr\u00e9able \u00e0 utiliser.    <\/p>\n","protected":false},"excerpt":{"rendered":"<p>L&rsquo;appr\u00eat gris de Belton est une base id\u00e9ale pour tout projet concernant des objets \u00e0 l&rsquo;int\u00e9rieur et autour de la maison. Pensez aux vases, aux abat-jour, aux pots de fleurs, etc. Il adh\u00e8re \u00e0 diff\u00e9rentes surfaces et donne un r\u00e9sultat final lisse. En utilisant le gris comme couleur de base, vous disposez d&rsquo;une bonne base [&hellip;]<\/p>\n","protected":false},"featured_media":25702,"comment_status":"open","ping_status":"closed","template":"","meta":{"_acf_changed":false},"pwb-brand":[1969],"product_brand":[],"product_cat":[2051,2049,2081],"product_tag":[1989,2045,2134],"class_list":{"0":"post-25699","1":"product","2":"type-product","3":"status-publish","4":"has-post-thumbnail","6":"pwb-brand-belton-fr","7":"product_cat-decouvrez-la-gamme-dapprets-1k-de-bakkerspraypaint","8":"product_cat-labecedaire","9":"product_cat-primaire-universel-bakkerspraypaint","10":"product_tag-1k-produits","11":"product_tag-matt-fr","12":"product_tag-primaire-universel-belton","14":"first","15":"instock","16":"taxable","17":"shipping-taxable","18":"purchasable","19":"product-type-simple"},"bundled_by":[],"bundle_stock_status":"instock","bundle_stock_quantity":293,"bundle_virtual":false,"bundle_layout":"","bundle_add_to_cart_form_location":"","bundle_editable_in_cart":false,"bundle_sold_individually_context":"","bundle_item_grouping":"","bundle_min_size":"","bundle_max_size":"","bundle_price":[],"bundled_items":[],"bundle_sell_ids":[],"acf":[],"brands":[{"id":1969,"name":"Belton","slug":"belton-fr"}],"_links":{"self":[{"href":"https:\/\/bakkerspraypaint.com\/fr\/wp-json\/wp\/v2\/product\/25699","targetHints":{"allow":["GET"]}}],"collection":[{"href":"https:\/\/bakkerspraypaint.com\/fr\/wp-json\/wp\/v2\/product"}],"about":[{"href":"https:\/\/bakkerspraypaint.com\/fr\/wp-json\/wp\/v2\/types\/product"}],"replies":[{"embeddable":true,"href":"https:\/\/bakkerspraypaint.com\/fr\/wp-json\/wp\/v2\/comments?post=25699"}],"version-history":[{"count":1,"href":"https:\/\/bakkerspraypaint.com\/fr\/wp-json\/wp\/v2\/product\/25699\/revisions"}],"predecessor-version":[{"id":29356,"href":"https:\/\/bakkerspraypaint.com\/fr\/wp-json\/wp\/v2\/product\/25699\/revisions\/29356"}],"wp:featuredmedia":[{"embeddable":true,"href":"https:\/\/bakkerspraypaint.com\/fr\/wp-json\/wp\/v2\/media\/25702"}],"wp:attachment":[{"href":"https:\/\/bakkerspraypaint.com\/fr\/wp-json\/wp\/v2\/media?parent=25699"}],"wp:term":[{"taxonomy":"pwb-brand","embeddable":true,"href":"https:\/\/bakkerspraypaint.com\/fr\/wp-json\/wp\/v2\/pwb-brand?post=25699"},{"taxonomy":"product_brand","embeddable":true,"href":"https:\/\/bakkerspraypaint.com\/fr\/wp-json\/wp\/v2\/product_brand?post=25699"},{"taxonomy":"product_cat","embeddable":true,"href":"https:\/\/bakkerspraypaint.com\/fr\/wp-json\/wp\/v2\/product_cat?post=25699"},{"taxonomy":"product_tag","embeddable":true,"href":"https:\/\/bakkerspraypaint.com\/fr\/wp-json\/wp\/v2\/product_tag?post=25699"}],"curies":[{"name":"wp","href":"https:\/\/api.w.org\/{rel}","templated":true}]}}