{"id":25633,"date":"2023-11-16T13:24:07","date_gmt":"2023-11-16T12:24:07","guid":{"rendered":"https:\/\/bakkerspraypaint.com\/belton-bronze-effet-cuivre\/"},"modified":"2025-03-07T13:35:38","modified_gmt":"2025-03-07T12:35:38","slug":"belton-bronze-effet-cuivre","status":"publish","type":"product","link":"https:\/\/bakkerspraypaint.com\/fr\/produit\/belton-bronze-effet-cuivre\/","title":{"rendered":"Belton Bronze Effet Cuivre"},"content":{"rendered":"<p>L&rsquo;effet bronze de la couleur cuivre peut \u00eatre utilis\u00e9 \u00e0 d&rsquo;innombrables fins. C&rsquo;est un produit id\u00e9al, en particulier pour la maison, comme un projet de bricolage. Vous voulez donner un nouveau look \u00e0 votre vase ennuyeux ou \u00e0 votre cadre de miroir, ou vous allez sortir le grand jeu avec vos d\u00e9corations de No\u00ebl ? Utilisez le cuivre \u00e0 effet bronze ! Si vous souhaitez pulv\u00e9riser du polystyr\u00e8ne, utilisez d&rsquo;abord l&rsquo;appr\u00eat sp\u00e9cial pour polystyr\u00e8ne. Si vous ne le faites pas, votre mousse de polystyr\u00e8ne se dissoudra et vous ne voulez pas cela ! Ah oui, et ce produit est \u00e9galement tr\u00e8s r\u00e9sistant aux intemp\u00e9ries. Si vous souhaitez redonner un coup de jeune \u00e0 la d\u00e9coration de votre jardin, c&rsquo;est tout \u00e0 fait possible ! Si vous le terminez avec le belton clear coat, vous pouvez \u00eatre s\u00fbr que la couleur est bien prot\u00e9g\u00e9e !        <\/p>\n","protected":false},"excerpt":{"rendered":"<p>L&rsquo;effet bronze de la couleur cuivre peut \u00eatre utilis\u00e9 \u00e0 d&rsquo;innombrables fins. C&rsquo;est un produit id\u00e9al, en particulier pour la maison, comme un projet de bricolage. Vous voulez donner un nouveau look \u00e0 votre vase ennuyeux ou \u00e0 votre cadre de miroir, ou vous allez sortir le grand jeu avec vos d\u00e9corations de No\u00ebl ? [&hellip;]<\/p>\n","protected":false},"featured_media":25642,"comment_status":"open","ping_status":"closed","template":"","meta":{"_acf_changed":false},"pwb-brand":[1969],"product_brand":[],"product_cat":[2058,2059,2130],"product_tag":[1989,2037],"class_list":{"0":"post-25633","1":"product","2":"type-product","3":"status-publish","4":"has-post-thumbnail","6":"pwb-brand-belton-fr","7":"product_cat-spray-a-effet","8":"product_cat-spray-a-effet-1k","9":"product_cat-transformez-les-surfaces-avec-style-decor-bakkerspraypaints","10":"product_tag-1k-produits","11":"product_tag-brillant","13":"first","14":"instock","15":"taxable","16":"shipping-taxable","17":"purchasable","18":"product-type-simple"},"bundled_by":[],"bundle_stock_status":"instock","bundle_stock_quantity":47,"bundle_virtual":false,"bundle_layout":"","bundle_add_to_cart_form_location":"","bundle_editable_in_cart":false,"bundle_sold_individually_context":"","bundle_item_grouping":"","bundle_min_size":"","bundle_max_size":"","bundle_price":[],"bundled_items":[],"bundle_sell_ids":[],"acf":[],"brands":[{"id":1969,"name":"Belton","slug":"belton-fr"}],"_links":{"self":[{"href":"https:\/\/bakkerspraypaint.com\/fr\/wp-json\/wp\/v2\/product\/25633","targetHints":{"allow":["GET"]}}],"collection":[{"href":"https:\/\/bakkerspraypaint.com\/fr\/wp-json\/wp\/v2\/product"}],"about":[{"href":"https:\/\/bakkerspraypaint.com\/fr\/wp-json\/wp\/v2\/types\/product"}],"replies":[{"embeddable":true,"href":"https:\/\/bakkerspraypaint.com\/fr\/wp-json\/wp\/v2\/comments?post=25633"}],"version-history":[{"count":1,"href":"https:\/\/bakkerspraypaint.com\/fr\/wp-json\/wp\/v2\/product\/25633\/revisions"}],"predecessor-version":[{"id":28986,"href":"https:\/\/bakkerspraypaint.com\/fr\/wp-json\/wp\/v2\/product\/25633\/revisions\/28986"}],"wp:featuredmedia":[{"embeddable":true,"href":"https:\/\/bakkerspraypaint.com\/fr\/wp-json\/wp\/v2\/media\/25642"}],"wp:attachment":[{"href":"https:\/\/bakkerspraypaint.com\/fr\/wp-json\/wp\/v2\/media?parent=25633"}],"wp:term":[{"taxonomy":"pwb-brand","embeddable":true,"href":"https:\/\/bakkerspraypaint.com\/fr\/wp-json\/wp\/v2\/pwb-brand?post=25633"},{"taxonomy":"product_brand","embeddable":true,"href":"https:\/\/bakkerspraypaint.com\/fr\/wp-json\/wp\/v2\/product_brand?post=25633"},{"taxonomy":"product_cat","embeddable":true,"href":"https:\/\/bakkerspraypaint.com\/fr\/wp-json\/wp\/v2\/product_cat?post=25633"},{"taxonomy":"product_tag","embeddable":true,"href":"https:\/\/bakkerspraypaint.com\/fr\/wp-json\/wp\/v2\/product_tag?post=25633"}],"curies":[{"name":"wp","href":"https:\/\/api.w.org\/{rel}","templated":true}]}}