{"id":25621,"date":"2023-11-16T13:38:02","date_gmt":"2023-11-16T12:38:02","guid":{"rendered":"https:\/\/bakkerspraypaint.com\/auto-k-peinture-plastique-anthracite\/"},"modified":"2023-11-16T13:38:02","modified_gmt":"2023-11-16T12:38:02","slug":"auto-k-peinture-plastique-anthracite","status":"publish","type":"product","link":"https:\/\/bakkerspraypaint.com\/fr\/produit\/auto-k-peinture-plastique-anthracite\/","title":{"rendered":"Auto-K Peinture plastique Anthracite"},"content":{"rendered":"<p>Les peintures plastiques Auto-K sont id\u00e9ales pour r\u00e9parer les pi\u00e8ces en plastique dur de votre voiture, scooter, etc.<br \/>\nIl s&rsquo;agit de pi\u00e8ces telles que les pare-chocs en plastique, les miroirs de porte, les spoilers, etc.<br \/>\nCes couleurs sont souvent universelles et donc faciles \u00e0 utiliser.<br \/>\nGr\u00e2ce \u00e0 sa composition sp\u00e9ciale, ce produit s\u00e8che rapidement et couvre tr\u00e8s bien.<br \/>\nVeuillez noter que ce produit ne convient pas \u00e0 l&rsquo;application directe sur le plastique.<br \/>\nLe nom du produit est un peu trompeur&#8230;<br \/>\nAppliquez d&rsquo;abord une fine couche d&rsquo;appr\u00eat pour plastique afin d&rsquo;obtenir une adh\u00e9rence optimale.<br \/>\nDe nombreux produits d&rsquo;entretien automobile contiennent des silicones.<br \/>\nLa peinture n&rsquo;y adh\u00e8re pas !<br \/>\nC&rsquo;est pourquoi il faut toujours bien d\u00e9graisser la surface lors de la pr\u00e9paration.<br \/>\nAvantages du produit : &#8211; Facile \u00e0 mettre en oeuvre, facile \u00e0 utiliser &#8211; Bonne adh\u00e9rence, tr\u00e8s \u00e9conomique &#8211; S\u00e9chage rapide &#8211; Sans m\u00e9taux lourds : pas de plomb, de cadmium, de chrome Base du liant : &#8211; R\u00e9sine combin\u00e9e nitro Rev\u00eatement par pulv\u00e9risation : &#8211; Pour 2 couches crois\u00e9es : 20-30 \u03bcm d&rsquo;\u00e9paisseur de couche s\u00e8che Temps de s\u00e9chage : -S\u00e9chage \u00e0 la poussi\u00e8re : apr\u00e8s env.<br \/>\n30 minutes.<br \/>\n&#8211; Rapide \u00e0 mettre en \u0153uvre : apr\u00e8s environ 1 heure &#8211; S\u00e9chage dur : Peut \u00eatre repeint apr\u00e8s environ 24 heures : &#8211; Avec lui-m\u00eame : apr\u00e8s 15 minutes Structure de la peinture :<br \/>\n1. Liant plastique Auto-K<br \/>\n2. Auto-K spray pour mati\u00e8res plastiques Remarque : Ne pas pulv\u00e9riser sur des surfaces recouvertes de r\u00e9sines synth\u00e9tiques, car la peinture peut se d\u00e9tacher.              <\/p>\n","protected":false},"excerpt":{"rendered":"<p>Les peintures plastiques Auto-K sont id\u00e9ales pour r\u00e9parer les pi\u00e8ces en plastique dur de votre voiture, scooter, etc. Il s&rsquo;agit de pi\u00e8ces telles que les pare-chocs en plastique, les miroirs de porte, les spoilers, etc. Ces couleurs sont souvent universelles et donc faciles \u00e0 utiliser. Gr\u00e2ce \u00e0 sa composition sp\u00e9ciale, ce produit s\u00e8che rapidement et [&hellip;]<\/p>\n","protected":false},"featured_media":25624,"comment_status":"open","ping_status":"closed","template":"","meta":{"_acf_changed":false},"pwb-brand":[2010],"product_brand":[],"product_cat":[2112],"product_tag":[1989,2045],"class_list":{"0":"post-25621","1":"product","2":"type-product","3":"status-publish","4":"has-post-thumbnail","6":"pwb-brand-auto-k-fr","7":"product_cat-laque-plastique-bakkerspraypaint","8":"product_tag-1k-produits","9":"product_tag-matt-fr","11":"first","12":"instock","13":"taxable","14":"shipping-taxable","15":"purchasable","16":"product-type-simple"},"bundled_by":[],"bundle_stock_status":"instock","bundle_stock_quantity":21,"bundle_virtual":false,"bundle_layout":"","bundle_add_to_cart_form_location":"","bundle_editable_in_cart":false,"bundle_sold_individually_context":"","bundle_item_grouping":"","bundle_min_size":"","bundle_max_size":"","bundle_price":[],"bundled_items":[],"bundle_sell_ids":[],"acf":[],"brands":[{"id":2010,"name":"Auto-K","slug":"auto-k-fr"}],"_links":{"self":[{"href":"https:\/\/bakkerspraypaint.com\/fr\/wp-json\/wp\/v2\/product\/25621","targetHints":{"allow":["GET"]}}],"collection":[{"href":"https:\/\/bakkerspraypaint.com\/fr\/wp-json\/wp\/v2\/product"}],"about":[{"href":"https:\/\/bakkerspraypaint.com\/fr\/wp-json\/wp\/v2\/types\/product"}],"replies":[{"embeddable":true,"href":"https:\/\/bakkerspraypaint.com\/fr\/wp-json\/wp\/v2\/comments?post=25621"}],"version-history":[{"count":0,"href":"https:\/\/bakkerspraypaint.com\/fr\/wp-json\/wp\/v2\/product\/25621\/revisions"}],"wp:featuredmedia":[{"embeddable":true,"href":"https:\/\/bakkerspraypaint.com\/fr\/wp-json\/wp\/v2\/media\/25624"}],"wp:attachment":[{"href":"https:\/\/bakkerspraypaint.com\/fr\/wp-json\/wp\/v2\/media?parent=25621"}],"wp:term":[{"taxonomy":"pwb-brand","embeddable":true,"href":"https:\/\/bakkerspraypaint.com\/fr\/wp-json\/wp\/v2\/pwb-brand?post=25621"},{"taxonomy":"product_brand","embeddable":true,"href":"https:\/\/bakkerspraypaint.com\/fr\/wp-json\/wp\/v2\/product_brand?post=25621"},{"taxonomy":"product_cat","embeddable":true,"href":"https:\/\/bakkerspraypaint.com\/fr\/wp-json\/wp\/v2\/product_cat?post=25621"},{"taxonomy":"product_tag","embeddable":true,"href":"https:\/\/bakkerspraypaint.com\/fr\/wp-json\/wp\/v2\/product_tag?post=25621"}],"curies":[{"name":"wp","href":"https:\/\/api.w.org\/{rel}","templated":true}]}}