{"id":25618,"date":"2023-11-16T13:18:10","date_gmt":"2023-11-16T12:18:10","guid":{"rendered":"https:\/\/bakkerspraypaint.com\/belton-laque-transparente-noir\/"},"modified":"2024-12-03T03:13:32","modified_gmt":"2024-12-03T02:13:32","slug":"belton-laque-transparente-noir","status":"publish","type":"product","link":"https:\/\/bakkerspraypaint.com\/fr\/produit\/belton-laque-transparente-noir\/","title":{"rendered":"Belton Laque transparente Noir"},"content":{"rendered":"\t\t<div data-elementor-type=\"product-post\" data-elementor-id=\"25618\" class=\"elementor elementor-25618 elementor-7170\" data-elementor-post-type=\"product\">\n\t\t\t\t<div class=\"elementor-element elementor-element-c87dbb7 e-flex e-con-boxed e-con e-parent\" data-id=\"c87dbb7\" data-element_type=\"container\" data-e-type=\"container\" data-settings=\"{&quot;jet_parallax_layout_list&quot;:[]}\">\n\t\t\t\t\t<div class=\"e-con-inner\">\n\t\t\t\t<div class=\"elementor-element elementor-element-38cf0a24 elementor-widget elementor-widget-text-editor\" data-id=\"38cf0a24\" data-element_type=\"widget\" data-e-type=\"widget\" data-widget_type=\"text-editor.default\">\n\t\t\t\t\t\t\t\t\t\u00ab\u00a0Donnez \u00e0 vos projets cr\u00e9atifs un aspect intemporel avec le spray transparent Belton en noir (r\u00e9f\u00e9rence 326102).\nCe spray transparent de haute qualit\u00e9 est sp\u00e9cialement con\u00e7u pour accentuer la couleur sous-jacente avec un brillant noir profond, donnant \u00e0 vos surfaces une finition \u00e9l\u00e9gante et durable.\nOu bien Qu&rsquo;il s&rsquo;agisse de bois, de m\u00e9tal, de plastique ou d&rsquo;autres mat\u00e9riaux, ce spray transparent ajoute une touche de style avec un aspect professionnel.\nLe spray transparent Belton est reconnu pour sa qualit\u00e9 et sa pr\u00e9cision dans la finition.\nEn plus de renforcer la couleur, ce spray offre une protection contre l&rsquo;usure, les rayures et les intemp\u00e9ries.\nVos projets conservent leur aspect raffin\u00e9, m\u00eame en cas d&rsquo;utilisation quotidienne.\nPour des informations techniques plus d\u00e9taill\u00e9es et des directives d&rsquo;application sp\u00e9cifiques, veuillez consulter la fiche technique ou la fiche de donn\u00e9es de s\u00e9curit\u00e9 sur notre site web.\nNous nous tenons \u00e0 votre disposition pour toute question suppl\u00e9mentaire.\nTransformez vos projets avec le Belton Transparent Spray Black et donnez-leur une finition intemporelle et durable qui attire et retient l&rsquo;attention.        \t\t\t\t\t\t\t\t<\/div>\n\t\t\t\t\t<\/div>\n\t\t\t\t<\/div>\n\t\t\t\t<\/div>\n\t\t","protected":false},"excerpt":{"rendered":"<p>\u00ab\u00a0Donnez \u00e0 vos projets cr\u00e9atifs un aspect intemporel avec le spray transparent Belton en noir (r\u00e9f\u00e9rence 326102). Ce spray transparent de haute qualit\u00e9 est sp\u00e9cialement con\u00e7u pour accentuer la couleur sous-jacente avec un brillant noir profond, donnant \u00e0 vos surfaces une finition \u00e9l\u00e9gante et durable. Ou bien Qu&rsquo;il s&rsquo;agisse de bois, de m\u00e9tal, de plastique [&hellip;]<\/p>\n","protected":false},"featured_media":25619,"comment_status":"open","ping_status":"closed","template":"","meta":{"_acf_changed":false},"pwb-brand":[1969],"product_brand":[],"product_cat":[2058,2127],"product_tag":[1989,2037],"class_list":{"0":"post-25618","1":"product","2":"type-product","3":"status-publish","4":"has-post-thumbnail","6":"pwb-brand-belton-fr","7":"product_cat-spray-a-effet","8":"product_cat-transparent-fr","9":"product_tag-1k-produits","10":"product_tag-brillant","12":"first","13":"instock","14":"taxable","15":"shipping-taxable","16":"purchasable","17":"product-type-simple"},"bundled_by":[],"bundle_stock_status":"instock","bundle_stock_quantity":9,"bundle_virtual":false,"bundle_layout":"","bundle_add_to_cart_form_location":"","bundle_editable_in_cart":false,"bundle_sold_individually_context":"","bundle_item_grouping":"","bundle_min_size":"","bundle_max_size":"","bundle_price":[],"bundled_items":[],"bundle_sell_ids":[],"acf":[],"brands":[{"id":1969,"name":"Belton","slug":"belton-fr"}],"_links":{"self":[{"href":"https:\/\/bakkerspraypaint.com\/fr\/wp-json\/wp\/v2\/product\/25618","targetHints":{"allow":["GET"]}}],"collection":[{"href":"https:\/\/bakkerspraypaint.com\/fr\/wp-json\/wp\/v2\/product"}],"about":[{"href":"https:\/\/bakkerspraypaint.com\/fr\/wp-json\/wp\/v2\/types\/product"}],"replies":[{"embeddable":true,"href":"https:\/\/bakkerspraypaint.com\/fr\/wp-json\/wp\/v2\/comments?post=25618"}],"version-history":[{"count":3,"href":"https:\/\/bakkerspraypaint.com\/fr\/wp-json\/wp\/v2\/product\/25618\/revisions"}],"predecessor-version":[{"id":28134,"href":"https:\/\/bakkerspraypaint.com\/fr\/wp-json\/wp\/v2\/product\/25618\/revisions\/28134"}],"wp:featuredmedia":[{"embeddable":true,"href":"https:\/\/bakkerspraypaint.com\/fr\/wp-json\/wp\/v2\/media\/25619"}],"wp:attachment":[{"href":"https:\/\/bakkerspraypaint.com\/fr\/wp-json\/wp\/v2\/media?parent=25618"}],"wp:term":[{"taxonomy":"pwb-brand","embeddable":true,"href":"https:\/\/bakkerspraypaint.com\/fr\/wp-json\/wp\/v2\/pwb-brand?post=25618"},{"taxonomy":"product_brand","embeddable":true,"href":"https:\/\/bakkerspraypaint.com\/fr\/wp-json\/wp\/v2\/product_brand?post=25618"},{"taxonomy":"product_cat","embeddable":true,"href":"https:\/\/bakkerspraypaint.com\/fr\/wp-json\/wp\/v2\/product_cat?post=25618"},{"taxonomy":"product_tag","embeddable":true,"href":"https:\/\/bakkerspraypaint.com\/fr\/wp-json\/wp\/v2\/product_tag?post=25618"}],"curies":[{"name":"wp","href":"https:\/\/api.w.org\/{rel}","templated":true}]}}