{"id":25543,"date":"2023-11-16T12:29:28","date_gmt":"2023-11-16T11:29:28","guid":{"rendered":"https:\/\/bakkerspraypaint.com\/spraymax-direct-to-plastic-noir\/"},"modified":"2023-11-16T12:29:28","modified_gmt":"2023-11-16T11:29:28","slug":"spraymax-direct-to-plastic-noir","status":"publish","type":"product","link":"https:\/\/bakkerspraypaint.com\/fr\/produit\/spraymax-direct-to-plastic-noir\/","title":{"rendered":"SprayMax Direct-To-Plastic Noir"},"content":{"rendered":"<p>SprayMax Direct-To-Plastic noir.<br \/>\nLe nom dit tout : sans appr\u00eat, directement sur les plastiques.<br \/>\nBien entendu, nettoyez, poncez et d\u00e9graissez comme il se doit.<br \/>\nVous \u00e9conomisez une couche suppl\u00e9mentaire, et donc du temps et de l&rsquo;argent !<br \/>\nId\u00e9al pour votre pare-chocs, votre r\u00e9troviseur ou d&rsquo;autres pi\u00e8ces en plastique, par exemple.<br \/>\nAvant de commencer, v\u00e9rifiez toujours les informations techniques !     <\/p>\n","protected":false},"excerpt":{"rendered":"<p>SprayMax Direct-To-Plastic noir. Le nom dit tout : sans appr\u00eat, directement sur les plastiques. Bien entendu, nettoyez, poncez et d\u00e9graissez comme il se doit. Vous \u00e9conomisez une couche suppl\u00e9mentaire, et donc du temps et de l&rsquo;argent ! Id\u00e9al pour votre pare-chocs, votre r\u00e9troviseur ou d&rsquo;autres pi\u00e8ces en plastique, par exemple. Avant de commencer, v\u00e9rifiez toujours [&hellip;]<\/p>\n","protected":false},"featured_media":25546,"comment_status":"open","ping_status":"closed","template":"","meta":{"_acf_changed":false},"pwb-brand":[2008],"product_brand":[],"product_cat":[2117,1968],"product_tag":[1989,2124,2052],"class_list":{"0":"post-25543","1":"product","2":"type-product","3":"status-publish","4":"has-post-thumbnail","6":"pwb-brand-spraymax-fr","7":"product_cat-direct-to-plastic-bakkerspraypaint","8":"product_cat-produits-1k","9":"product_tag-1k-produits","10":"product_tag-680046-fr","11":"product_tag-brillant-de-soie","13":"first","14":"instock","15":"taxable","16":"shipping-taxable","17":"purchasable","18":"product-type-simple"},"bundled_by":[],"bundle_stock_status":"instock","bundle_stock_quantity":72,"bundle_virtual":false,"bundle_layout":"","bundle_add_to_cart_form_location":"","bundle_editable_in_cart":false,"bundle_sold_individually_context":"","bundle_item_grouping":"","bundle_min_size":"","bundle_max_size":"","bundle_price":[],"bundled_items":[],"bundle_sell_ids":[],"acf":[],"brands":[{"id":2008,"name":"SprayMax","slug":"spraymax-fr"}],"_links":{"self":[{"href":"https:\/\/bakkerspraypaint.com\/fr\/wp-json\/wp\/v2\/product\/25543","targetHints":{"allow":["GET"]}}],"collection":[{"href":"https:\/\/bakkerspraypaint.com\/fr\/wp-json\/wp\/v2\/product"}],"about":[{"href":"https:\/\/bakkerspraypaint.com\/fr\/wp-json\/wp\/v2\/types\/product"}],"replies":[{"embeddable":true,"href":"https:\/\/bakkerspraypaint.com\/fr\/wp-json\/wp\/v2\/comments?post=25543"}],"version-history":[{"count":0,"href":"https:\/\/bakkerspraypaint.com\/fr\/wp-json\/wp\/v2\/product\/25543\/revisions"}],"wp:featuredmedia":[{"embeddable":true,"href":"https:\/\/bakkerspraypaint.com\/fr\/wp-json\/wp\/v2\/media\/25546"}],"wp:attachment":[{"href":"https:\/\/bakkerspraypaint.com\/fr\/wp-json\/wp\/v2\/media?parent=25543"}],"wp:term":[{"taxonomy":"pwb-brand","embeddable":true,"href":"https:\/\/bakkerspraypaint.com\/fr\/wp-json\/wp\/v2\/pwb-brand?post=25543"},{"taxonomy":"product_brand","embeddable":true,"href":"https:\/\/bakkerspraypaint.com\/fr\/wp-json\/wp\/v2\/product_brand?post=25543"},{"taxonomy":"product_cat","embeddable":true,"href":"https:\/\/bakkerspraypaint.com\/fr\/wp-json\/wp\/v2\/product_cat?post=25543"},{"taxonomy":"product_tag","embeddable":true,"href":"https:\/\/bakkerspraypaint.com\/fr\/wp-json\/wp\/v2\/product_tag?post=25543"}],"curies":[{"name":"wp","href":"https:\/\/api.w.org\/{rel}","templated":true}]}}