{"id":25526,"date":"2023-11-16T12:17:58","date_gmt":"2023-11-16T11:17:58","guid":{"rendered":"https:\/\/bakkerspraypaint.com\/apprets-de-remplissage-spraymax-gris-moyen\/"},"modified":"2023-11-16T12:17:58","modified_gmt":"2023-11-16T11:17:58","slug":"apprets-de-remplissage-spraymax-gris-moyen","status":"publish","type":"product","link":"https:\/\/bakkerspraypaint.com\/fr\/produit\/apprets-de-remplissage-spraymax-gris-moyen\/","title":{"rendered":"Appr\u00eats de remplissage SprayMax Gris moyen"},"content":{"rendered":"<p>D\u00e9couvrez la polyvalence du SprayMax Filling Primer Medium Gray (r\u00e9f\u00e9rence 680274).<br \/>\nCet appr\u00eat de remplissage de haute qualit\u00e9 a \u00e9t\u00e9 sp\u00e9cialement con\u00e7u pour niveler efficacement les surfaces et constitue la base parfaite pour une finition professionnelle, quel que soit le type de projet.<br \/>\nLe SprayMax Filling Primer Medium Gray est connu pour ses excellentes propri\u00e9t\u00e9s de remplissage et son adh\u00e9rence incontest\u00e9e.<br \/>\nLes imperfections et les d\u00e9fauts sur diverses surfaces, y compris le m\u00e9tal, le plastique et le bois, sont nivel\u00e9s sans effort.<br \/>\nLa couleur gris moyen sp\u00e9cifique de cet appr\u00eat garnissant sert non seulement de couche de base, mais favorise \u00e9galement l&rsquo;opacit\u00e9 de la couche de peinture finale.<br \/>\nVous obtenez ainsi une finition \u00e9l\u00e9gante et professionnelle.<br \/>\nParticuli\u00e8rement adapt\u00e9 aux couleurs moyennement fonc\u00e9es.<br \/>\nGr\u00e2ce \u00e0 sa formule \u00e0 s\u00e9chage rapide, l&rsquo;appr\u00eat de rebouchage minimise le temps d&rsquo;attente entre les couches, ce qui vous permet de passer rapidement \u00e0 d&rsquo;autres traitements.<br \/>\nC&rsquo;est essentiel pour l&rsquo;efficacit\u00e9 des processus de travail et le gain de temps.<br \/>\nRespectez les temps de s\u00e9chage interm\u00e9diaires de +\/- 5 \u00e0 10 minutes par couche.<br \/>\nSi vous d\u00e9cidez d&rsquo;attendre une heure, laissez s\u00e9cher la peinture (24 heures) pour \u00e9viter les br\u00fblures.<br \/>\nL&rsquo;appr\u00eat adh\u00e8re parfaitement \u00e0 divers mat\u00e9riaux, y compris le m\u00e9tal, le plastique et le bois.<br \/>\nCela permet non seulement de cr\u00e9er une base solide, mais aussi de garantir la durabilit\u00e9 de la finition finale.<br \/>\nPour des informations techniques d\u00e9taill\u00e9es et des conseils d&rsquo;application, nous vous recommandons de consulter la fiche technique ou la fiche de donn\u00e9es de s\u00e9curit\u00e9 sur cette page.<br \/>\nNous sommes \u00e0 votre disposition pour r\u00e9pondre \u00e0 vos questions sp\u00e9cifiques.<br \/>\nN&rsquo;h\u00e9sitez pas \u00e0 nous contacter pour obtenir des conseils d&rsquo;experts.<br \/>\nPr\u00e9parez votre projet pour une finition professionnelle avec l&rsquo;appr\u00eat de remplissage polyvalent SprayMax gris moyen &#8211; la cl\u00e9 d&rsquo;un r\u00e9sultat durable et \u00e9l\u00e9gant.                <\/p>\n","protected":false},"excerpt":{"rendered":"<p>D\u00e9couvrez la polyvalence du SprayMax Filling Primer Medium Gray (r\u00e9f\u00e9rence 680274). Cet appr\u00eat de remplissage de haute qualit\u00e9 a \u00e9t\u00e9 sp\u00e9cialement con\u00e7u pour niveler efficacement les surfaces et constitue la base parfaite pour une finition professionnelle, quel que soit le type de projet. Le SprayMax Filling Primer Medium Gray est connu pour ses excellentes propri\u00e9t\u00e9s [&hellip;]<\/p>\n","protected":false},"featured_media":25536,"comment_status":"open","ping_status":"closed","template":"","meta":{"_acf_changed":false},"pwb-brand":[2008],"product_brand":[],"product_cat":[1363,1504,1341],"product_tag":[1483,1768,1442,1538],"class_list":{"0":"post-25526","1":"product","2":"type-product","3":"status-publish","4":"has-post-thumbnail","6":"pwb-brand-spraymax-fr","7":"product_cat-vulprimer","8":"product_cat-1k-grondverf","9":"product_cat-primer-nl","10":"product_tag-1k-producten","11":"product_tag-spraymax-filling-primers-nl","12":"product_tag-mat","13":"product_tag-primers-vullen","15":"first","16":"instock","17":"taxable","18":"shipping-taxable","19":"purchasable","20":"product-type-simple"},"bundled_by":[],"bundle_stock_status":"instock","bundle_stock_quantity":114,"bundle_virtual":false,"bundle_layout":"","bundle_add_to_cart_form_location":"","bundle_editable_in_cart":false,"bundle_sold_individually_context":"","bundle_item_grouping":"","bundle_min_size":"","bundle_max_size":"","bundle_price":[],"bundled_items":[],"bundle_sell_ids":[],"acf":[],"brands":[{"id":2008,"name":"SprayMax","slug":"spraymax-fr"}],"_links":{"self":[{"href":"https:\/\/bakkerspraypaint.com\/fr\/wp-json\/wp\/v2\/product\/25526","targetHints":{"allow":["GET"]}}],"collection":[{"href":"https:\/\/bakkerspraypaint.com\/fr\/wp-json\/wp\/v2\/product"}],"about":[{"href":"https:\/\/bakkerspraypaint.com\/fr\/wp-json\/wp\/v2\/types\/product"}],"replies":[{"embeddable":true,"href":"https:\/\/bakkerspraypaint.com\/fr\/wp-json\/wp\/v2\/comments?post=25526"}],"version-history":[{"count":0,"href":"https:\/\/bakkerspraypaint.com\/fr\/wp-json\/wp\/v2\/product\/25526\/revisions"}],"wp:featuredmedia":[{"embeddable":true,"href":"https:\/\/bakkerspraypaint.com\/fr\/wp-json\/wp\/v2\/media\/25536"}],"wp:attachment":[{"href":"https:\/\/bakkerspraypaint.com\/fr\/wp-json\/wp\/v2\/media?parent=25526"}],"wp:term":[{"taxonomy":"pwb-brand","embeddable":true,"href":"https:\/\/bakkerspraypaint.com\/fr\/wp-json\/wp\/v2\/pwb-brand?post=25526"},{"taxonomy":"product_brand","embeddable":true,"href":"https:\/\/bakkerspraypaint.com\/fr\/wp-json\/wp\/v2\/product_brand?post=25526"},{"taxonomy":"product_cat","embeddable":true,"href":"https:\/\/bakkerspraypaint.com\/fr\/wp-json\/wp\/v2\/product_cat?post=25526"},{"taxonomy":"product_tag","embeddable":true,"href":"https:\/\/bakkerspraypaint.com\/fr\/wp-json\/wp\/v2\/product_tag?post=25526"}],"curies":[{"name":"wp","href":"https:\/\/api.w.org\/{rel}","templated":true}]}}