{"id":25525,"date":"2023-11-16T12:19:14","date_gmt":"2023-11-16T11:19:14","guid":{"rendered":"https:\/\/bakkerspraypaint.com\/apprets-de-remplissage-spraymax-blanc\/"},"modified":"2023-11-16T12:19:14","modified_gmt":"2023-11-16T11:19:14","slug":"apprets-de-remplissage-spraymax-blanc","status":"publish","type":"product","link":"https:\/\/bakkerspraypaint.com\/fr\/produit\/apprets-de-remplissage-spraymax-blanc\/","title":{"rendered":"Appr\u00eats de remplissage SprayMax Blanc"},"content":{"rendered":"<p>D\u00e9couvrez le pouvoir de la pr\u00e9paration avec le SprayMax Filling Primer White (r\u00e9f\u00e9rence 680271).<br \/>\nCet appr\u00eat de remplissage de haute qualit\u00e9 a \u00e9t\u00e9 con\u00e7u pour niveler les surfaces sans effort et constitue la base essentielle d&rsquo;une finition professionnelle, quel que soit le projet.  Pourquoi le primaire de remplissage SprayMax ? Le SprayMax Filling Primer White est connu pour ses excellentes propri\u00e9t\u00e9s de remplissage.<br \/>\nIl lisse sans effort les petites bosses et imperfections sur diverses surfaces, y compris le m\u00e9tal, le plastique et le bois.<br \/>\nLa couleur blanche sp\u00e9cifique de cet appr\u00eat de remplissage sert non seulement de couche de base, mais favorise \u00e9galement l&rsquo;opacit\u00e9 de la couche de peinture finale.<br \/>\nCela permet d&rsquo;obtenir une finition claire et uniforme.<br \/>\nLe multipirmer est disponible en diff\u00e9rentes couleurs.<br \/>\nVous obtenez ainsi toujours la base parfaite pour votre couleur.<br \/>\nIl convient particuli\u00e8rement aux couleurs claires.       Gr\u00e2ce \u00e0 sa formule \u00e0 s\u00e9chage rapide, l&rsquo;appr\u00eat de rebouchage r\u00e9duit le temps d&rsquo;attente entre les couches, ce qui vous permet de passer rapidement \u00e0 d&rsquo;autres traitements.<br \/>\nC&rsquo;est essentiel pour l&rsquo;efficacit\u00e9 des processus de travail et le gain de temps.<br \/>\nRespectez les temps de s\u00e9chage interm\u00e9diaires de +\/- 5 \u00e0 10 minutes par couche.<br \/>\nSi vous d\u00e9cidez d&rsquo;attendre une heure, laissez s\u00e9cher la peinture (24 heures) pour \u00e9viter les br\u00fblures.    L&rsquo;appr\u00eat adh\u00e8re parfaitement \u00e0 divers mat\u00e9riaux, y compris le m\u00e9tal, le plastique et le bois.<br \/>\nCela permet non seulement de cr\u00e9er une bonne base, mais aussi de garantir la durabilit\u00e9 de la finition finale.  Pour des informations techniques d\u00e9taill\u00e9es et des directives d&rsquo;application, nous vous recommandons de consulter la fiche technique ou la fiche de donn\u00e9es de s\u00e9curit\u00e9 sur cette page.<br \/>\nNous sommes \u00e0 votre disposition pour r\u00e9pondre \u00e0 vos questions sp\u00e9cifiques.<br \/>\nN&rsquo;h\u00e9sitez pas \u00e0 nous contacter pour obtenir des conseils d&rsquo;experts.   Pr\u00e9parez votre projet pour une finition impeccable avec le SprayMax Filling Primer White &#8211; le choix id\u00e9al pour un r\u00e9sultat radieux.<\/p>\n","protected":false},"excerpt":{"rendered":"<p>D\u00e9couvrez le pouvoir de la pr\u00e9paration avec le SprayMax Filling Primer White (r\u00e9f\u00e9rence 680271). Cet appr\u00eat de remplissage de haute qualit\u00e9 a \u00e9t\u00e9 con\u00e7u pour niveler les surfaces sans effort et constitue la base essentielle d&rsquo;une finition professionnelle, quel que soit le projet. Pourquoi le primaire de remplissage SprayMax ? Le SprayMax Filling Primer White [&hellip;]<\/p>\n","protected":false},"featured_media":25528,"comment_status":"open","ping_status":"closed","template":"","meta":{"_acf_changed":false},"pwb-brand":[2008],"product_brand":[],"product_cat":[2114,2051,2049],"product_tag":[1989,2116,2045,2106],"class_list":{"0":"post-25525","1":"product","2":"type-product","3":"status-publish","4":"has-post-thumbnail","6":"pwb-brand-spraymax-fr","7":"product_cat-appret-de-remplissage-bakkerspraypaint","8":"product_cat-decouvrez-la-gamme-dapprets-1k-de-bakkerspraypaint","9":"product_cat-labecedaire","10":"product_tag-1k-produits","11":"product_tag-apprets-de-remplissage-spraymax","12":"product_tag-matt-fr","13":"product_tag-remplissage-des-amorces","15":"first","16":"instock","17":"taxable","18":"shipping-taxable","19":"purchasable","20":"product-type-simple"},"bundled_by":[],"bundle_stock_status":"instock","bundle_stock_quantity":250,"bundle_virtual":false,"bundle_layout":"","bundle_add_to_cart_form_location":"","bundle_editable_in_cart":false,"bundle_sold_individually_context":"","bundle_item_grouping":"","bundle_min_size":"","bundle_max_size":"","bundle_price":[],"bundled_items":[],"bundle_sell_ids":[],"acf":[],"brands":[{"id":2008,"name":"SprayMax","slug":"spraymax-fr"}],"_links":{"self":[{"href":"https:\/\/bakkerspraypaint.com\/fr\/wp-json\/wp\/v2\/product\/25525","targetHints":{"allow":["GET"]}}],"collection":[{"href":"https:\/\/bakkerspraypaint.com\/fr\/wp-json\/wp\/v2\/product"}],"about":[{"href":"https:\/\/bakkerspraypaint.com\/fr\/wp-json\/wp\/v2\/types\/product"}],"replies":[{"embeddable":true,"href":"https:\/\/bakkerspraypaint.com\/fr\/wp-json\/wp\/v2\/comments?post=25525"}],"version-history":[{"count":0,"href":"https:\/\/bakkerspraypaint.com\/fr\/wp-json\/wp\/v2\/product\/25525\/revisions"}],"wp:featuredmedia":[{"embeddable":true,"href":"https:\/\/bakkerspraypaint.com\/fr\/wp-json\/wp\/v2\/media\/25528"}],"wp:attachment":[{"href":"https:\/\/bakkerspraypaint.com\/fr\/wp-json\/wp\/v2\/media?parent=25525"}],"wp:term":[{"taxonomy":"pwb-brand","embeddable":true,"href":"https:\/\/bakkerspraypaint.com\/fr\/wp-json\/wp\/v2\/pwb-brand?post=25525"},{"taxonomy":"product_brand","embeddable":true,"href":"https:\/\/bakkerspraypaint.com\/fr\/wp-json\/wp\/v2\/product_brand?post=25525"},{"taxonomy":"product_cat","embeddable":true,"href":"https:\/\/bakkerspraypaint.com\/fr\/wp-json\/wp\/v2\/product_cat?post=25525"},{"taxonomy":"product_tag","embeddable":true,"href":"https:\/\/bakkerspraypaint.com\/fr\/wp-json\/wp\/v2\/product_tag?post=25525"}],"curies":[{"name":"wp","href":"https:\/\/api.w.org\/{rel}","templated":true}]}}