{"id":25453,"date":"2023-11-15T20:54:37","date_gmt":"2023-11-15T19:54:37","guid":{"rendered":"https:\/\/bakkerspraypaint.com\/belton-vintage-blanc\/"},"modified":"2023-11-15T20:54:37","modified_gmt":"2023-11-15T19:54:37","slug":"belton-vintage-blanc","status":"publish","type":"product","link":"https:\/\/bakkerspraypaint.com\/fr\/produit\/belton-vintage-blanc\/","title":{"rendered":"Belton Vintage Blanc"},"content":{"rendered":"<p>Avec Belton Vintage, donnez \u00e0 vos meubles un look hippe vintage.<br \/>\nSi vous souhaitez l&rsquo;appliquer \u00e0 votre cuisine, \u00e0 vos v\u00eatements ou \u00e0 d&rsquo;autres petits objets, il est tout \u00e0 fait possible de le faire.<br \/>\nLa combinaison de l&rsquo;\u00e9toffe et de l&rsquo;\u00e9chenilloir donne un effet nostalgique unique !    <\/p>\n<div>Ce produit est \u00e0 base d&rsquo;eau et est donc aujourd&rsquo;hui tr\u00e8s appr\u00e9ci\u00e9.<\/div>\n<div>Les atouts de Belton Vintage : <span style=\"letter-spacing: 0px;\">&#8211; Un look vintage branch\u00e9 <\/span><span style=\"letter-spacing: 0px;\">&#8211; Un service de qualit\u00e9 <\/span><span style=\"letter-spacing: 0px;\">&#8211; Une base d&rsquo;eau<\/span><\/div>\n","protected":false},"excerpt":{"rendered":"<p>Avec Belton Vintage, donnez \u00e0 vos meubles un look hippe vintage. Si vous souhaitez l&rsquo;appliquer \u00e0 votre cuisine, \u00e0 vos v\u00eatements ou \u00e0 d&rsquo;autres petits objets, il est tout \u00e0 fait possible de le faire. La combinaison de l&rsquo;\u00e9toffe et de l&rsquo;\u00e9chenilloir donne un effet nostalgique unique ! Ce produit est \u00e0 base d&rsquo;eau et [&hellip;]<\/p>\n","protected":false},"featured_media":25462,"comment_status":"open","ping_status":"closed","template":"","meta":{"_acf_changed":false},"pwb-brand":[1969],"product_brand":[],"product_cat":[2110,2058,2059],"product_tag":[1989,2052],"class_list":{"0":"post-25453","1":"product","2":"type-product","3":"status-publish","4":"has-post-thumbnail","6":"pwb-brand-belton-fr","7":"product_cat-finition-antique-a-effet-vintage-bakkerspraypaint","8":"product_cat-spray-a-effet","9":"product_cat-spray-a-effet-1k","10":"product_tag-1k-produits","11":"product_tag-brillant-de-soie","13":"first","14":"instock","15":"taxable","16":"shipping-taxable","17":"purchasable","18":"product-type-simple"},"bundled_by":[],"bundle_stock_status":"instock","bundle_stock_quantity":7,"bundle_virtual":false,"bundle_layout":"","bundle_add_to_cart_form_location":"","bundle_editable_in_cart":false,"bundle_sold_individually_context":"","bundle_item_grouping":"","bundle_min_size":"","bundle_max_size":"","bundle_price":[],"bundled_items":[],"bundle_sell_ids":[],"acf":[],"brands":[{"id":1969,"name":"Belton","slug":"belton-fr"}],"_links":{"self":[{"href":"https:\/\/bakkerspraypaint.com\/fr\/wp-json\/wp\/v2\/product\/25453","targetHints":{"allow":["GET"]}}],"collection":[{"href":"https:\/\/bakkerspraypaint.com\/fr\/wp-json\/wp\/v2\/product"}],"about":[{"href":"https:\/\/bakkerspraypaint.com\/fr\/wp-json\/wp\/v2\/types\/product"}],"replies":[{"embeddable":true,"href":"https:\/\/bakkerspraypaint.com\/fr\/wp-json\/wp\/v2\/comments?post=25453"}],"version-history":[{"count":0,"href":"https:\/\/bakkerspraypaint.com\/fr\/wp-json\/wp\/v2\/product\/25453\/revisions"}],"wp:featuredmedia":[{"embeddable":true,"href":"https:\/\/bakkerspraypaint.com\/fr\/wp-json\/wp\/v2\/media\/25462"}],"wp:attachment":[{"href":"https:\/\/bakkerspraypaint.com\/fr\/wp-json\/wp\/v2\/media?parent=25453"}],"wp:term":[{"taxonomy":"pwb-brand","embeddable":true,"href":"https:\/\/bakkerspraypaint.com\/fr\/wp-json\/wp\/v2\/pwb-brand?post=25453"},{"taxonomy":"product_brand","embeddable":true,"href":"https:\/\/bakkerspraypaint.com\/fr\/wp-json\/wp\/v2\/product_brand?post=25453"},{"taxonomy":"product_cat","embeddable":true,"href":"https:\/\/bakkerspraypaint.com\/fr\/wp-json\/wp\/v2\/product_cat?post=25453"},{"taxonomy":"product_tag","embeddable":true,"href":"https:\/\/bakkerspraypaint.com\/fr\/wp-json\/wp\/v2\/product_tag?post=25453"}],"curies":[{"name":"wp","href":"https:\/\/api.w.org\/{rel}","templated":true}]}}