{"id":25428,"date":"2023-11-15T20:30:14","date_gmt":"2023-11-15T19:30:14","guid":{"rendered":"https:\/\/bakkerspraypaint.com\/spraymax-acrylic-fillers-gris-fonce\/"},"modified":"2024-12-03T03:57:17","modified_gmt":"2024-12-03T02:57:17","slug":"spraymax-acrylic-fillers-gris-fonce","status":"publish","type":"product","link":"https:\/\/bakkerspraypaint.com\/fr\/produit\/spraymax-acrylic-fillers-gris-fonce\/","title":{"rendered":"SprayMax Acrylic fillers Gris fonc\u00e9"},"content":{"rendered":"\t\t<div data-elementor-type=\"product-post\" data-elementor-id=\"25428\" class=\"elementor elementor-25428 elementor-7052\" data-elementor-post-type=\"product\">\n\t\t\t\t<div class=\"elementor-element elementor-element-63cc6e94 e-flex e-con-boxed e-con e-parent\" data-id=\"63cc6e94\" data-element_type=\"container\" data-e-type=\"container\" data-settings=\"{&quot;jet_parallax_layout_list&quot;:[]}\">\n\t\t\t\t\t<div class=\"e-con-inner\">\n\t\t\t\t<div class=\"elementor-element elementor-element-15c6ae7f elementor-widget elementor-widget-text-editor\" data-id=\"15c6ae7f\" data-element_type=\"widget\" data-e-type=\"widget\" data-widget_type=\"text-editor.default\">\n\t\t\t\t\t\t\t\t\tCr\u00e9er une surface lisse comme un miroir et facilement pon\u00e7able, c&rsquo;est exactement ce que le mastic acrylique permet de faire !\nLe mastic acrylique Spraymax a une grande capacit\u00e9 de remplissage et ne s&rsquo;affaisse pas rapidement.\nIl se ponce tr\u00e8s bien apr\u00e8s 15\/20 minutes.\nAussi bien \u00e0 sec qu&rsquo;\u00e0 l&rsquo;\u00e9tat humide.\nCe mastic acrylique adh\u00e8re parfaitement aux surfaces telles que l&rsquo;acier, l&rsquo;acier galvanis\u00e9, l&rsquo;acier galvanis\u00e9, l&rsquo;aluminium, le polyester et le KTL, le MDF et les anciennes couches de peinture.\nIl va de soi que vous avez bien nettoy\u00e9 et ponc\u00e9 toutes les surfaces.\nSi vous devez pulv\u00e9riser des mati\u00e8res plastiques, utilisez d&rsquo;abord le 680009.\nLe traitement du mastic acrylique n&rsquo;est pas difficile.\nBien entendu, vous devez d&rsquo;abord bien agiter le produit pendant 2 minutes.\nIl est pr\u00e9f\u00e9rable de travailler en plusieurs couches fines pour faciliter le s\u00e9chage.\nAttendez environ 5 minutes entre chaque couche avant d&rsquo;appliquer la couche suivante.\nVous pouvez adapter le jet \u00e0 votre objet \u00e0 l&rsquo;aide du capuchon variateur r\u00e9glable.\nApr\u00e8s avoir laiss\u00e9 s\u00e9cher le mastic acrylique pendant environ 15\/20 minutes, vous pouvez poncer la couche de base ou m\u00eame l&rsquo;asperger de la couleur souhait\u00e9e.\nIl peut s&rsquo;agir d&rsquo;un produit 1K ou 2K.\nM\u00eame une peinture \u00e0 base d&rsquo;eau peut \u00eatre utilis\u00e9e sur cette surface.\nLe mod\u00e8le de pulv\u00e9risation est en fait la v\u00e9ritable raison d&rsquo;acheter SprayMax.\nIl existe d&rsquo;autres bombes a\u00e9rosols avec un bon contenu.\nMais ils ne pulv\u00e9risent pas comme SprayMax.\nLa technologie brevet\u00e9e assure une pulv\u00e9risation tr\u00e8s fine et peu de d\u00e9bordements.\nGr\u00e2ce \u00e0 la pression de travail plus \u00e9lev\u00e9e, il y a beaucoup moins de poussi\u00e8re de pulv\u00e9risation.\nCelle-ci ne peut donc pas tomber sur votre travail !\nLes bombes a\u00e9rosols SprayMax conservent \u00e9galement leur pression de service constante jusqu&rsquo;\u00e0 la derni\u00e8re goutte.\nC&rsquo;est le seul a\u00e9rosol qui peut \u00eatre compar\u00e9 \u00e0 un pistolet de pulv\u00e9risation en termes de traitement.                       Peut \u00eatre repeint avec tous les syst\u00e8mes de peinture 1K et 2K courants, qu&rsquo;ils soient conventionnels ou \u00e0 base d&rsquo;eau.\t\t\t\t\t\t\t\t<\/div>\n\t\t\t\t\t<\/div>\n\t\t\t\t<\/div>\n\t\t\t\t<\/div>\n\t\t","protected":false},"excerpt":{"rendered":"<p>Cr\u00e9er une surface lisse comme un miroir et facilement pon\u00e7able, c&rsquo;est exactement ce que le mastic acrylique permet de faire ! Le mastic acrylique Spraymax a une grande capacit\u00e9 de remplissage et ne s&rsquo;affaisse pas rapidement. Il se ponce tr\u00e8s bien apr\u00e8s 15\/20 minutes. Aussi bien \u00e0 sec qu&rsquo;\u00e0 l&rsquo;\u00e9tat humide. Ce mastic acrylique adh\u00e8re [&hellip;]<\/p>\n","protected":false},"featured_media":25432,"comment_status":"open","ping_status":"closed","template":"","meta":{"_acf_changed":false},"pwb-brand":[2008],"product_brand":[],"product_cat":[2103,2104,2051,2049],"product_tag":[1989,2045,2106,2105],"class_list":{"0":"post-25428","1":"product","2":"type-product","3":"status-publish","4":"has-post-thumbnail","6":"pwb-brand-spraymax-fr","7":"product_cat-remplissage-acrylique-bakkerspraypaint","8":"product_cat-1k-acrylique-de-remplissage","9":"product_cat-decouvrez-la-gamme-dapprets-1k-de-bakkerspraypaint","10":"product_cat-labecedaire","11":"product_tag-1k-produits","12":"product_tag-matt-fr","13":"product_tag-remplissage-des-amorces","14":"product_tag-spraymax-acrylic-filler-fr","16":"first","17":"instock","18":"taxable","19":"shipping-taxable","20":"purchasable","21":"product-type-simple"},"bundled_by":[],"bundle_stock_status":"instock","bundle_stock_quantity":293,"bundle_virtual":false,"bundle_layout":"","bundle_add_to_cart_form_location":"","bundle_editable_in_cart":false,"bundle_sold_individually_context":"","bundle_item_grouping":"","bundle_min_size":"","bundle_max_size":"","bundle_price":[],"bundled_items":[],"bundle_sell_ids":[],"acf":[],"brands":[{"id":2008,"name":"SprayMax","slug":"spraymax-fr"}],"_links":{"self":[{"href":"https:\/\/bakkerspraypaint.com\/fr\/wp-json\/wp\/v2\/product\/25428","targetHints":{"allow":["GET"]}}],"collection":[{"href":"https:\/\/bakkerspraypaint.com\/fr\/wp-json\/wp\/v2\/product"}],"about":[{"href":"https:\/\/bakkerspraypaint.com\/fr\/wp-json\/wp\/v2\/types\/product"}],"replies":[{"embeddable":true,"href":"https:\/\/bakkerspraypaint.com\/fr\/wp-json\/wp\/v2\/comments?post=25428"}],"version-history":[{"count":3,"href":"https:\/\/bakkerspraypaint.com\/fr\/wp-json\/wp\/v2\/product\/25428\/revisions"}],"predecessor-version":[{"id":28230,"href":"https:\/\/bakkerspraypaint.com\/fr\/wp-json\/wp\/v2\/product\/25428\/revisions\/28230"}],"wp:featuredmedia":[{"embeddable":true,"href":"https:\/\/bakkerspraypaint.com\/fr\/wp-json\/wp\/v2\/media\/25432"}],"wp:attachment":[{"href":"https:\/\/bakkerspraypaint.com\/fr\/wp-json\/wp\/v2\/media?parent=25428"}],"wp:term":[{"taxonomy":"pwb-brand","embeddable":true,"href":"https:\/\/bakkerspraypaint.com\/fr\/wp-json\/wp\/v2\/pwb-brand?post=25428"},{"taxonomy":"product_brand","embeddable":true,"href":"https:\/\/bakkerspraypaint.com\/fr\/wp-json\/wp\/v2\/product_brand?post=25428"},{"taxonomy":"product_cat","embeddable":true,"href":"https:\/\/bakkerspraypaint.com\/fr\/wp-json\/wp\/v2\/product_cat?post=25428"},{"taxonomy":"product_tag","embeddable":true,"href":"https:\/\/bakkerspraypaint.com\/fr\/wp-json\/wp\/v2\/product_tag?post=25428"}],"curies":[{"name":"wp","href":"https:\/\/api.w.org\/{rel}","templated":true}]}}