{"id":25380,"date":"2023-11-15T20:22:31","date_gmt":"2023-11-15T19:22:31","guid":{"rendered":"https:\/\/bakkerspraypaint.com\/auto-k-tapis-bleu-resistant-a-la-chaleur\/"},"modified":"2023-11-15T20:22:31","modified_gmt":"2023-11-15T19:22:31","slug":"auto-k-tapis-bleu-resistant-a-la-chaleur","status":"publish","type":"product","link":"https:\/\/bakkerspraypaint.com\/fr\/produit\/auto-k-tapis-bleu-resistant-a-la-chaleur\/","title":{"rendered":"Auto-K Tapis bleu r\u00e9sistant \u00e0 la chaleur"},"content":{"rendered":"<p>Protection \u00e9l\u00e9gante contre les temp\u00e9ratures extr\u00eames Faites ressortir votre v\u00e9hicule tout en prot\u00e9geant les pi\u00e8ces sensibles \u00e0 la chaleur avec Auto-K Heat Resistant Blue (650 degr\u00e9s) &#8211; num\u00e9ro d&rsquo;article 233070.<br \/>\nCette peinture thermor\u00e9sistante de haute qualit\u00e9 offre non seulement une protection fonctionnelle contre les temp\u00e9ratures extr\u00eames, mais donne \u00e9galement une finition bleue vibrante et durable aux tuyaux d&rsquo;\u00e9chappement, aux \u00e9triers de frein et \u00e0 d&rsquo;autres composants sensibles \u00e0 la chaleur.<br \/>\nCaract\u00e9ristiques principales : R\u00e9sistance \u00e0 la chaleur jusqu&rsquo;\u00e0 650 degr\u00e9s : Sp\u00e9cialement con\u00e7u pour r\u00e9sister aux temp\u00e9ratures extr\u00eames, le bleu r\u00e9sistant \u00e0 la chaleur Auto-K est id\u00e9al pour les tuyaux d&rsquo;\u00e9chappement, les amortisseurs et les pi\u00e8ces du moteur qui sont expos\u00e9s \u00e0 une forte chaleur.<br \/>\nFinition bleue vibrante : Donnez \u00e0 votre v\u00e9hicule un look unique avec la finition bleue vibrante de cette peinture r\u00e9sistante \u00e0 la chaleur.<br \/>\nFaites une d\u00e9claration avec une couleur qui est \u00e0 la fois fonctionnelle et \u00e9l\u00e9gante.<br \/>\nDurable et r\u00e9sistante : Outre la r\u00e9sistance \u00e0 la chaleur, la peinture offre une finition durable qui r\u00e9siste \u00e0 l&rsquo;usure et aux intemp\u00e9ries, de sorte que la couleur est conserv\u00e9e pendant longtemps.<br \/>\nPour plus d&rsquo;informations : Consultez la fiche technique ou la fiche de donn\u00e9es de s\u00e9curit\u00e9 sur cette page pour obtenir des donn\u00e9es techniques d\u00e9taill\u00e9es et des conseils d&rsquo;application.<br \/>\nPour des questions sp\u00e9cifiques ou des conseils d&rsquo;experts, nous nous tenons volontiers \u00e0 votre disposition.<br \/>\nAjoutez non seulement une protection mais aussi un style accrocheur \u00e0 votre v\u00e9hicule avec Auto-K Heat Resistant Blue (650 degr\u00e9s) &#8211; num\u00e9ro d&rsquo;article 233070.<br \/>\nTransformez les pi\u00e8ces sensibles \u00e0 la chaleur avec cette peinture thermor\u00e9sistante de haute qualit\u00e9.         <\/p>\n","protected":false},"excerpt":{"rendered":"<p>Protection \u00e9l\u00e9gante contre les temp\u00e9ratures extr\u00eames Faites ressortir votre v\u00e9hicule tout en prot\u00e9geant les pi\u00e8ces sensibles \u00e0 la chaleur avec Auto-K Heat Resistant Blue (650 degr\u00e9s) &#8211; num\u00e9ro d&rsquo;article 233070. Cette peinture thermor\u00e9sistante de haute qualit\u00e9 offre non seulement une protection fonctionnelle contre les temp\u00e9ratures extr\u00eames, mais donne \u00e9galement une finition bleue vibrante et durable [&hellip;]<\/p>\n","protected":false},"featured_media":25384,"comment_status":"open","ping_status":"closed","template":"","meta":{"_acf_changed":false},"pwb-brand":[2010],"product_brand":[],"product_cat":[2044],"product_tag":[1989,2109,2045],"class_list":{"0":"post-25380","1":"product","2":"type-product","3":"status-publish","4":"has-post-thumbnail","6":"pwb-brand-auto-k-fr","7":"product_cat-protection-thermique-resistante-a-la-chaleur-bakkerspraypaint","8":"product_tag-1k-produits","9":"product_tag-233070-fr","10":"product_tag-matt-fr","12":"first","13":"instock","14":"taxable","15":"shipping-taxable","16":"purchasable","17":"product-type-simple"},"bundled_by":[],"bundle_stock_status":"instock","bundle_stock_quantity":9,"bundle_virtual":false,"bundle_layout":"","bundle_add_to_cart_form_location":"","bundle_editable_in_cart":false,"bundle_sold_individually_context":"","bundle_item_grouping":"","bundle_min_size":"","bundle_max_size":"","bundle_price":[],"bundled_items":[],"bundle_sell_ids":[],"acf":[],"brands":[{"id":2010,"name":"Auto-K","slug":"auto-k-fr"}],"_links":{"self":[{"href":"https:\/\/bakkerspraypaint.com\/fr\/wp-json\/wp\/v2\/product\/25380","targetHints":{"allow":["GET"]}}],"collection":[{"href":"https:\/\/bakkerspraypaint.com\/fr\/wp-json\/wp\/v2\/product"}],"about":[{"href":"https:\/\/bakkerspraypaint.com\/fr\/wp-json\/wp\/v2\/types\/product"}],"replies":[{"embeddable":true,"href":"https:\/\/bakkerspraypaint.com\/fr\/wp-json\/wp\/v2\/comments?post=25380"}],"version-history":[{"count":0,"href":"https:\/\/bakkerspraypaint.com\/fr\/wp-json\/wp\/v2\/product\/25380\/revisions"}],"wp:featuredmedia":[{"embeddable":true,"href":"https:\/\/bakkerspraypaint.com\/fr\/wp-json\/wp\/v2\/media\/25384"}],"wp:attachment":[{"href":"https:\/\/bakkerspraypaint.com\/fr\/wp-json\/wp\/v2\/media?parent=25380"}],"wp:term":[{"taxonomy":"pwb-brand","embeddable":true,"href":"https:\/\/bakkerspraypaint.com\/fr\/wp-json\/wp\/v2\/pwb-brand?post=25380"},{"taxonomy":"product_brand","embeddable":true,"href":"https:\/\/bakkerspraypaint.com\/fr\/wp-json\/wp\/v2\/product_brand?post=25380"},{"taxonomy":"product_cat","embeddable":true,"href":"https:\/\/bakkerspraypaint.com\/fr\/wp-json\/wp\/v2\/product_cat?post=25380"},{"taxonomy":"product_tag","embeddable":true,"href":"https:\/\/bakkerspraypaint.com\/fr\/wp-json\/wp\/v2\/product_tag?post=25380"}],"curies":[{"name":"wp","href":"https:\/\/api.w.org\/{rel}","templated":true}]}}