{"id":25231,"date":"2023-10-06T15:25:20","date_gmt":"2023-10-06T13:25:20","guid":{"rendered":"https:\/\/bakkerspraypaint.com\/belton-primer-for-wood\/"},"modified":"2023-10-06T15:25:20","modified_gmt":"2023-10-06T13:25:20","slug":"belton-primer-for-wood","status":"publish","type":"product","link":"https:\/\/bakkerspraypaint.com\/fr\/produit\/belton-primer-for-wood\/","title":{"rendered":"Belton Primer for Wood"},"content":{"rendered":"<div>Le Belton Primer pour le bois est un appr\u00eat de remplissage qui sert de pr\u00e9traitement sur le bois non trait\u00e9.<\/div>\n<div><\/div>\n<div><\/div>\n<div>Cela agit comme un fixateur et garantit que le vernis de couleur n&rsquo;est pas absorb\u00e9 par le bois, mais qu&rsquo;il est imm\u00e9diatement recouvert par la premi\u00e8re couche.<\/div>\n<div>Cela signifie qu&rsquo;il faut moins de vernis color\u00e9.<\/div>\n<div><\/div>\n<div>Cette propri\u00e9t\u00e9 rend \u00e9galement l&rsquo;appr\u00eat tr\u00e8s appropri\u00e9 pour le carton ou le papier, par exemple.<\/div>\n<div>Apr\u00e8s s\u00e9chage, il peut \u00eatre fini avec n&rsquo;importe quel vernis.<\/div>\n<div><\/div>\n<div><\/div>\n<div>Sp\u00e9cifications du produit :<\/div>\n<div>Base du classeur :<\/div>\n<div>R\u00e9sines combin\u00e9es nitro<\/div>\n<div><\/div>\n<div>Application par pulv\u00e9risation :<\/div>\n<div>2-3 couches uniform\u00e9ment fines<\/div>\n<div><\/div>\n<div>\u00c9paisseur de la couche :<\/div>\n<div>40-50 m<\/div>\n<div><\/div>\n<div>Distance de pulv\u00e9risation :<\/div>\n<div>15-25cm<\/div>\n<div><\/div>\n<div>Temps de s\u00e9chage :<\/div>\n<div><\/div>\n<div>&#8211; s\u00e9chage \u00e0 la poussi\u00e8re : apr\u00e8s environ<br \/>\n20 minutes. <\/div>\n<div>&#8211; utilisation rapide : apr\u00e8s environ<br \/>\n60 minutes <\/div>\n<div>&#8211; s\u00e9chage dur : apr\u00e8s environ<br \/>\n24 heures <\/div>\n<div><\/div>\n<div>Remise en peinture :<\/div>\n<div><\/div>\n<div>&#8211; avec lui-m\u00eame : \u00e0 tout moment<\/div>\n<div>&#8211; avec toutes les peintures Belton : \u00e0 tout moment<\/div>\n","protected":false},"excerpt":{"rendered":"<p>Le Belton Primer pour le bois est un appr\u00eat de remplissage qui sert de pr\u00e9traitement sur le bois non trait\u00e9. Cela agit comme un fixateur et garantit que le vernis de couleur n&rsquo;est pas absorb\u00e9 par le bois, mais qu&rsquo;il est imm\u00e9diatement recouvert par la premi\u00e8re couche. Cela signifie qu&rsquo;il faut moins de vernis color\u00e9. [&hellip;]<\/p>\n","protected":false},"featured_media":25242,"comment_status":"open","ping_status":"closed","template":"","meta":{"_acf_changed":false},"pwb-brand":[1969],"product_brand":[],"product_cat":[2051,2049],"product_tag":[1989,2045],"class_list":{"0":"post-25231","1":"product","2":"type-product","3":"status-publish","4":"has-post-thumbnail","6":"pwb-brand-belton-fr","7":"product_cat-decouvrez-la-gamme-dapprets-1k-de-bakkerspraypaint","8":"product_cat-labecedaire","9":"product_tag-1k-produits","10":"product_tag-matt-fr","12":"first","13":"instock","14":"taxable","15":"shipping-taxable","16":"purchasable","17":"product-type-simple"},"bundled_by":[],"bundle_stock_status":"instock","bundle_stock_quantity":6,"bundle_virtual":false,"bundle_layout":"","bundle_add_to_cart_form_location":"","bundle_editable_in_cart":false,"bundle_sold_individually_context":"","bundle_item_grouping":"","bundle_min_size":"","bundle_max_size":"","bundle_price":[],"bundled_items":[],"bundle_sell_ids":[],"acf":[],"brands":[{"id":1969,"name":"Belton","slug":"belton-fr"}],"_links":{"self":[{"href":"https:\/\/bakkerspraypaint.com\/fr\/wp-json\/wp\/v2\/product\/25231","targetHints":{"allow":["GET"]}}],"collection":[{"href":"https:\/\/bakkerspraypaint.com\/fr\/wp-json\/wp\/v2\/product"}],"about":[{"href":"https:\/\/bakkerspraypaint.com\/fr\/wp-json\/wp\/v2\/types\/product"}],"replies":[{"embeddable":true,"href":"https:\/\/bakkerspraypaint.com\/fr\/wp-json\/wp\/v2\/comments?post=25231"}],"version-history":[{"count":0,"href":"https:\/\/bakkerspraypaint.com\/fr\/wp-json\/wp\/v2\/product\/25231\/revisions"}],"wp:featuredmedia":[{"embeddable":true,"href":"https:\/\/bakkerspraypaint.com\/fr\/wp-json\/wp\/v2\/media\/25242"}],"wp:attachment":[{"href":"https:\/\/bakkerspraypaint.com\/fr\/wp-json\/wp\/v2\/media?parent=25231"}],"wp:term":[{"taxonomy":"pwb-brand","embeddable":true,"href":"https:\/\/bakkerspraypaint.com\/fr\/wp-json\/wp\/v2\/pwb-brand?post=25231"},{"taxonomy":"product_brand","embeddable":true,"href":"https:\/\/bakkerspraypaint.com\/fr\/wp-json\/wp\/v2\/product_brand?post=25231"},{"taxonomy":"product_cat","embeddable":true,"href":"https:\/\/bakkerspraypaint.com\/fr\/wp-json\/wp\/v2\/product_cat?post=25231"},{"taxonomy":"product_tag","embeddable":true,"href":"https:\/\/bakkerspraypaint.com\/fr\/wp-json\/wp\/v2\/product_tag?post=25231"}],"curies":[{"name":"wp","href":"https:\/\/api.w.org\/{rel}","templated":true}]}}