{"id":25129,"date":"2023-10-06T15:15:09","date_gmt":"2023-10-06T13:15:09","guid":{"rendered":"https:\/\/bakkerspraypaint.com\/jeu-de-douilles-spraymax-fillclean\/"},"modified":"2023-10-06T15:15:09","modified_gmt":"2023-10-06T13:15:09","slug":"jeu-de-douilles-spraymax-fillclean","status":"publish","type":"product","link":"https:\/\/bakkerspraypaint.com\/fr\/produit\/jeu-de-douilles-spraymax-fillclean\/","title":{"rendered":"Jeu de douilles SprayMax FillClean"},"content":{"rendered":"<div>Le bouchon original Fillon Fill-Clean.<br \/>\nIl est indispensable pour remplir les bombes a\u00e9rosols avec la machine FillOn Fill-One. <\/div>\n<div>Ce kit contient \u00e9galement des anneaux permettant de fixer le bouchon sur les bombes a\u00e9rosols \u00e0 collet.<br \/>\nPensez aux bus SpayMax 2K. <\/div>\n<div><\/div>\n<div>NB !<br \/>\nCet article se compose d&rsquo;un ensemble de 6 casquettes, y compris 6 anneaux ! <\/div>\n<div><\/div>\n<div>Si vous avez besoin de bouchons en vrac, jetez un coup d&rsquo;\u0153il au Cap FillClean Loose.<\/div>\n","protected":false},"excerpt":{"rendered":"<p>Le bouchon original Fillon Fill-Clean. Il est indispensable pour remplir les bombes a\u00e9rosols avec la machine FillOn Fill-One. Ce kit contient \u00e9galement des anneaux permettant de fixer le bouchon sur les bombes a\u00e9rosols \u00e0 collet. Pensez aux bus SpayMax 2K. NB ! Cet article se compose d&rsquo;un ensemble de 6 casquettes, y compris 6 anneaux [&hellip;]<\/p>\n","protected":false},"featured_media":25153,"comment_status":"open","ping_status":"closed","template":"","meta":{"_acf_changed":false},"pwb-brand":[2008],"product_brand":[],"product_cat":[2088],"product_tag":[],"class_list":{"0":"post-25129","1":"product","2":"type-product","3":"status-publish","4":"has-post-thumbnail","6":"pwb-brand-spraymax-fr","7":"product_cat-accessoires-fr","9":"first","10":"instock","11":"taxable","12":"shipping-taxable","13":"purchasable","14":"product-type-simple"},"bundled_by":[],"bundle_stock_status":"instock","bundle_stock_quantity":1,"bundle_virtual":false,"bundle_layout":"","bundle_add_to_cart_form_location":"","bundle_editable_in_cart":false,"bundle_sold_individually_context":"","bundle_item_grouping":"","bundle_min_size":"","bundle_max_size":"","bundle_price":[],"bundled_items":[],"bundle_sell_ids":[],"acf":[],"brands":[{"id":2008,"name":"SprayMax","slug":"spraymax-fr"}],"_links":{"self":[{"href":"https:\/\/bakkerspraypaint.com\/fr\/wp-json\/wp\/v2\/product\/25129","targetHints":{"allow":["GET"]}}],"collection":[{"href":"https:\/\/bakkerspraypaint.com\/fr\/wp-json\/wp\/v2\/product"}],"about":[{"href":"https:\/\/bakkerspraypaint.com\/fr\/wp-json\/wp\/v2\/types\/product"}],"replies":[{"embeddable":true,"href":"https:\/\/bakkerspraypaint.com\/fr\/wp-json\/wp\/v2\/comments?post=25129"}],"version-history":[{"count":0,"href":"https:\/\/bakkerspraypaint.com\/fr\/wp-json\/wp\/v2\/product\/25129\/revisions"}],"wp:featuredmedia":[{"embeddable":true,"href":"https:\/\/bakkerspraypaint.com\/fr\/wp-json\/wp\/v2\/media\/25153"}],"wp:attachment":[{"href":"https:\/\/bakkerspraypaint.com\/fr\/wp-json\/wp\/v2\/media?parent=25129"}],"wp:term":[{"taxonomy":"pwb-brand","embeddable":true,"href":"https:\/\/bakkerspraypaint.com\/fr\/wp-json\/wp\/v2\/pwb-brand?post=25129"},{"taxonomy":"product_brand","embeddable":true,"href":"https:\/\/bakkerspraypaint.com\/fr\/wp-json\/wp\/v2\/product_brand?post=25129"},{"taxonomy":"product_cat","embeddable":true,"href":"https:\/\/bakkerspraypaint.com\/fr\/wp-json\/wp\/v2\/product_cat?post=25129"},{"taxonomy":"product_tag","embeddable":true,"href":"https:\/\/bakkerspraypaint.com\/fr\/wp-json\/wp\/v2\/product_tag?post=25129"}],"curies":[{"name":"wp","href":"https:\/\/api.w.org\/{rel}","templated":true}]}}