{"id":25103,"date":"2023-10-06T15:04:04","date_gmt":"2023-10-06T13:04:04","guid":{"rendered":"https:\/\/bakkerspraypaint.com\/spraymax-check-paint-noir\/"},"modified":"2023-10-06T15:04:04","modified_gmt":"2023-10-06T13:04:04","slug":"spraymax-check-paint-noir","status":"publish","type":"product","link":"https:\/\/bakkerspraypaint.com\/fr\/produit\/spraymax-check-paint-noir\/","title":{"rendered":"SprayMax Check paint Noir"},"content":{"rendered":"<p>Le SprayMax Control Spray Black (r\u00e9f\u00e9rence 680100) offre la pr\u00e9cision ultime pour contr\u00f4ler et perfectionner vos travaux de peinture et de pon\u00e7age.<br \/>\nCe spray de contr\u00f4le de haute qualit\u00e9 a \u00e9t\u00e9 sp\u00e9cialement con\u00e7u pour tracer les imperfections ou les erreurs d&rsquo;adoucissement.<br \/>\nLa couleur noire rend les imperfections sur les surfaces claires plus visibles ou vous permet de mettre facilement en \u00e9vidence les zones qui n\u00e9cessitent une attention particuli\u00e8re.<br \/>\nQue vous fassiez des r\u00e9parations automobiles, de la restauration de meubles ou d&rsquo;autres travaux de pr\u00e9cision, ce spray de contr\u00f4le est polyvalent et convient \u00e0 diverses surfaces.<br \/>\nQualit\u00e9 professionnelle : SprayMax est connu pour ses produits de haute qualit\u00e9, et le Control Spray Black ne fait pas exception.<br \/>\nIl offre une qualit\u00e9 professionnelle.<br \/>\nLe spray ne s\u00e8che pas aussi dur que la laque \u00e0 laquelle vous \u00eates habitu\u00e9.<br \/>\nIl est donc facile de le poncer \u00e0 nouveau.        Pour des donn\u00e9es techniques d\u00e9taill\u00e9es et des directives d&rsquo;application, nous vous recommandons de consulter la fiche technique ou la fiche de donn\u00e9es de s\u00e9curit\u00e9 sur cette page.<br \/>\nNous sommes pr\u00eats \u00e0 vous aider pour toute question sp\u00e9cifique.<br \/>\nN&rsquo;h\u00e9sitez pas \u00e0 nous contacter pour obtenir des conseils d&rsquo;experts.   Contr\u00f4lez parfaitement votre peinture avec le SprayMax Control Spray Black (num\u00e9ro d&rsquo;article 680100) &#8211; le choix id\u00e9al pour les t\u00e2ches de pr\u00e9cision et un r\u00e9sultat professionnel.<\/p>\n","protected":false},"excerpt":{"rendered":"<p>Le SprayMax Control Spray Black (r\u00e9f\u00e9rence 680100) offre la pr\u00e9cision ultime pour contr\u00f4ler et perfectionner vos travaux de peinture et de pon\u00e7age. Ce spray de contr\u00f4le de haute qualit\u00e9 a \u00e9t\u00e9 sp\u00e9cialement con\u00e7u pour tracer les imperfections ou les erreurs d&rsquo;adoucissement. La couleur noire rend les imperfections sur les surfaces claires plus visibles ou vous [&hellip;]<\/p>\n","protected":false},"featured_media":25116,"comment_status":"open","ping_status":"closed","template":"","meta":{"_acf_changed":false},"pwb-brand":[2008],"product_brand":[],"product_cat":[2087],"product_tag":[1989,2045],"class_list":{"0":"post-25103","1":"product","2":"type-product","3":"status-publish","4":"has-post-thumbnail","6":"pwb-brand-spraymax-fr","7":"product_cat-application-de-precision-par-pulverisation-controlee","8":"product_tag-1k-produits","9":"product_tag-matt-fr","11":"first","12":"instock","13":"taxable","14":"shipping-taxable","15":"purchasable","16":"product-type-simple"},"bundled_by":[],"bundle_stock_status":"instock","bundle_stock_quantity":6,"bundle_virtual":false,"bundle_layout":"","bundle_add_to_cart_form_location":"","bundle_editable_in_cart":false,"bundle_sold_individually_context":"","bundle_item_grouping":"","bundle_min_size":"","bundle_max_size":"","bundle_price":[],"bundled_items":[],"bundle_sell_ids":[],"acf":[],"brands":[{"id":2008,"name":"SprayMax","slug":"spraymax-fr"}],"_links":{"self":[{"href":"https:\/\/bakkerspraypaint.com\/fr\/wp-json\/wp\/v2\/product\/25103","targetHints":{"allow":["GET"]}}],"collection":[{"href":"https:\/\/bakkerspraypaint.com\/fr\/wp-json\/wp\/v2\/product"}],"about":[{"href":"https:\/\/bakkerspraypaint.com\/fr\/wp-json\/wp\/v2\/types\/product"}],"replies":[{"embeddable":true,"href":"https:\/\/bakkerspraypaint.com\/fr\/wp-json\/wp\/v2\/comments?post=25103"}],"version-history":[{"count":0,"href":"https:\/\/bakkerspraypaint.com\/fr\/wp-json\/wp\/v2\/product\/25103\/revisions"}],"wp:featuredmedia":[{"embeddable":true,"href":"https:\/\/bakkerspraypaint.com\/fr\/wp-json\/wp\/v2\/media\/25116"}],"wp:attachment":[{"href":"https:\/\/bakkerspraypaint.com\/fr\/wp-json\/wp\/v2\/media?parent=25103"}],"wp:term":[{"taxonomy":"pwb-brand","embeddable":true,"href":"https:\/\/bakkerspraypaint.com\/fr\/wp-json\/wp\/v2\/pwb-brand?post=25103"},{"taxonomy":"product_brand","embeddable":true,"href":"https:\/\/bakkerspraypaint.com\/fr\/wp-json\/wp\/v2\/product_brand?post=25103"},{"taxonomy":"product_cat","embeddable":true,"href":"https:\/\/bakkerspraypaint.com\/fr\/wp-json\/wp\/v2\/product_cat?post=25103"},{"taxonomy":"product_tag","embeddable":true,"href":"https:\/\/bakkerspraypaint.com\/fr\/wp-json\/wp\/v2\/product_tag?post=25103"}],"curies":[{"name":"wp","href":"https:\/\/api.w.org\/{rel}","templated":true}]}}