{"id":24973,"date":"2023-09-21T12:58:35","date_gmt":"2023-09-21T10:58:35","guid":{"rendered":"https:\/\/bakkerspraypaint.com\/belton-styrofoam-primer\/"},"modified":"2025-03-07T13:34:24","modified_gmt":"2025-03-07T12:34:24","slug":"belton-styrofoam-primer","status":"publish","type":"product","link":"https:\/\/bakkerspraypaint.com\/fr\/produit\/belton-styrofoam-primer\/","title":{"rendered":"Belton Styrofoam primer"},"content":{"rendered":"<p>Le primaire Belton Styrofoam prot\u00e8ge le polystyr\u00e8ne, le styropor ou le styromousse vuln\u00e9rable. Commencez par bien agiter. Vaporisez d&rsquo;abord votre objet avec l&rsquo;appr\u00eat sp\u00e9cial. Vous disposez alors d&rsquo;une base sur laquelle vous pouvez appliquer les couleurs ou les effets froids souhait\u00e9s. Les avantages de cet appr\u00eat pour styromousse sont les suivants : S\u00e8che rapidement Donne une surface lisse, remplit.    <\/p>\n","protected":false},"excerpt":{"rendered":"<p>Le primaire Belton Styrofoam prot\u00e8ge le polystyr\u00e8ne, le styropor ou le styromousse vuln\u00e9rable. Commencez par bien agiter. Vaporisez d&rsquo;abord votre objet avec l&rsquo;appr\u00eat sp\u00e9cial. Vous disposez alors d&rsquo;une base sur laquelle vous pouvez appliquer les couleurs ou les effets froids souhait\u00e9s. Les avantages de cet appr\u00eat pour styromousse sont les suivants : S\u00e8che rapidement Donne [&hellip;]<\/p>\n","protected":false},"featured_media":24989,"comment_status":"open","ping_status":"closed","template":"","meta":{"_acf_changed":false},"pwb-brand":[1969],"product_brand":[],"product_cat":[2050,2051,2049],"product_tag":[1989,2045],"class_list":{"0":"post-24973","1":"product","2":"type-product","3":"status-publish","4":"has-post-thumbnail","6":"pwb-brand-belton-fr","7":"product_cat-appret-special-bakkerspraypaint","8":"product_cat-decouvrez-la-gamme-dapprets-1k-de-bakkerspraypaint","9":"product_cat-labecedaire","10":"product_tag-1k-produits","11":"product_tag-matt-fr","13":"first","14":"instock","15":"taxable","16":"shipping-taxable","17":"purchasable","18":"product-type-simple"},"bundled_by":[],"bundle_stock_status":"instock","bundle_stock_quantity":8,"bundle_virtual":false,"bundle_layout":"","bundle_add_to_cart_form_location":"","bundle_editable_in_cart":false,"bundle_sold_individually_context":"","bundle_item_grouping":"","bundle_min_size":"","bundle_max_size":"","bundle_price":[],"bundled_items":[],"bundle_sell_ids":[],"acf":[],"brands":[{"id":1969,"name":"Belton","slug":"belton-fr"}],"_links":{"self":[{"href":"https:\/\/bakkerspraypaint.com\/fr\/wp-json\/wp\/v2\/product\/24973","targetHints":{"allow":["GET"]}}],"collection":[{"href":"https:\/\/bakkerspraypaint.com\/fr\/wp-json\/wp\/v2\/product"}],"about":[{"href":"https:\/\/bakkerspraypaint.com\/fr\/wp-json\/wp\/v2\/types\/product"}],"replies":[{"embeddable":true,"href":"https:\/\/bakkerspraypaint.com\/fr\/wp-json\/wp\/v2\/comments?post=24973"}],"version-history":[{"count":1,"href":"https:\/\/bakkerspraypaint.com\/fr\/wp-json\/wp\/v2\/product\/24973\/revisions"}],"predecessor-version":[{"id":28981,"href":"https:\/\/bakkerspraypaint.com\/fr\/wp-json\/wp\/v2\/product\/24973\/revisions\/28981"}],"wp:featuredmedia":[{"embeddable":true,"href":"https:\/\/bakkerspraypaint.com\/fr\/wp-json\/wp\/v2\/media\/24989"}],"wp:attachment":[{"href":"https:\/\/bakkerspraypaint.com\/fr\/wp-json\/wp\/v2\/media?parent=24973"}],"wp:term":[{"taxonomy":"pwb-brand","embeddable":true,"href":"https:\/\/bakkerspraypaint.com\/fr\/wp-json\/wp\/v2\/pwb-brand?post=24973"},{"taxonomy":"product_brand","embeddable":true,"href":"https:\/\/bakkerspraypaint.com\/fr\/wp-json\/wp\/v2\/product_brand?post=24973"},{"taxonomy":"product_cat","embeddable":true,"href":"https:\/\/bakkerspraypaint.com\/fr\/wp-json\/wp\/v2\/product_cat?post=24973"},{"taxonomy":"product_tag","embeddable":true,"href":"https:\/\/bakkerspraypaint.com\/fr\/wp-json\/wp\/v2\/product_tag?post=24973"}],"curies":[{"name":"wp","href":"https:\/\/api.w.org\/{rel}","templated":true}]}}