{"id":24935,"date":"2023-09-21T12:57:56","date_gmt":"2023-09-21T10:57:56","guid":{"rendered":"https:\/\/bakkerspraypaint.com\/belton-effet-verre-depoli\/"},"modified":"2025-09-27T17:40:00","modified_gmt":"2025-09-27T15:40:00","slug":"belton-effet-verre-depoli","status":"publish","type":"product","link":"https:\/\/bakkerspraypaint.com\/fr\/produit\/belton-effet-verre-depoli\/","title":{"rendered":"Belton Effet verre d\u00e9poli"},"content":{"rendered":"<p>Le spray Belton Frosted Glass Effect transforme les surfaces ordinaires en d&rsquo;\u00e9l\u00e9gantes finitions mates semblables \u00e0 du verre, cr\u00e9ant ainsi un look subtil et \u00e9l\u00e9gant.<br \/>\nCe spray de haute qualit\u00e9 est facile \u00e0 utiliser et fournit un rev\u00eatement durable et mat qui est parfait pour une vari\u00e9t\u00e9 d&rsquo;applications.<br \/>\nCaract\u00e9ristiques : Finition mate semblable \u00e0 du verre pour un aspect luxueux.<br \/>\nFacile \u00e0 appliquer avec une couverture uniforme.<br \/>\nDurable et r\u00e9sistant \u00e0 l&rsquo;usure quotidienne.<br \/>\nConvient \u00e0 divers mat\u00e9riaux tels que le bois, le m\u00e9tal, le plastique et bien d&rsquo;autres encore.<br \/>\nApplications : Le spray Belton Frosted Glass Effect est id\u00e9al pour cr\u00e9er un aspect raffin\u00e9 sur les meubles, les objets d\u00e9coratifs, les accessoires et bien plus encore.<br \/>\nDonnez \u00e0 vos projets une finition moderne et mate gr\u00e2ce \u00e0 ce spray polyvalent.<br \/>\nUtilisation recommand\u00e9e : Pour des instructions d\u00e9taill\u00e9es et des conseils d&rsquo;application, nous vous recommandons de consulter la fiche technique ou la fiche de donn\u00e9es de s\u00e9curit\u00e9 sur notre site web.<br \/>\nNous sommes \u00e0 votre disposition pour toute question sp\u00e9cifique.<br \/>\nPour donner une touche unique et mate \u00e0 vos cr\u00e9ations, faites confiance \u00e0 la qualit\u00e9 de Belton Frosted Glass Effect.<br \/>\nTransformez facilement des objets quotidiens en chefs-d&rsquo;\u0153uvre saisissants.           <\/p>\n","protected":false},"excerpt":{"rendered":"<p>Le spray Belton Frosted Glass Effect transforme les surfaces ordinaires en d&rsquo;\u00e9l\u00e9gantes finitions mates semblables \u00e0 du verre, cr\u00e9ant ainsi un look subtil et \u00e9l\u00e9gant. Ce spray de haute qualit\u00e9 est facile \u00e0 utiliser et fournit un rev\u00eatement durable et mat qui est parfait pour une vari\u00e9t\u00e9 d&rsquo;applications. Caract\u00e9ristiques : Finition mate semblable \u00e0 du [&hellip;]<\/p>\n","protected":false},"featured_media":24945,"comment_status":"open","ping_status":"closed","template":"","meta":{"_acf_changed":false},"pwb-brand":[1969],"product_brand":[],"product_cat":[2058,2059],"product_tag":[1989,2045],"class_list":{"0":"post-24935","1":"product","2":"type-product","3":"status-publish","4":"has-post-thumbnail","6":"pwb-brand-belton-fr","7":"product_cat-spray-a-effet","8":"product_cat-spray-a-effet-1k","9":"product_tag-1k-produits","10":"product_tag-matt-fr","12":"first","13":"instock","14":"taxable","15":"shipping-taxable","16":"purchasable","17":"product-type-simple"},"bundled_by":[],"bundle_stock_status":"instock","bundle_stock_quantity":10,"bundle_virtual":false,"bundle_layout":"","bundle_add_to_cart_form_location":"","bundle_editable_in_cart":false,"bundle_sold_individually_context":"","bundle_item_grouping":"","bundle_min_size":"","bundle_max_size":"","bundle_price":[],"bundled_items":[],"bundle_sell_ids":[],"acf":[],"brands":[{"id":1969,"name":"Belton","slug":"belton-fr"}],"_links":{"self":[{"href":"https:\/\/bakkerspraypaint.com\/fr\/wp-json\/wp\/v2\/product\/24935","targetHints":{"allow":["GET"]}}],"collection":[{"href":"https:\/\/bakkerspraypaint.com\/fr\/wp-json\/wp\/v2\/product"}],"about":[{"href":"https:\/\/bakkerspraypaint.com\/fr\/wp-json\/wp\/v2\/types\/product"}],"replies":[{"embeddable":true,"href":"https:\/\/bakkerspraypaint.com\/fr\/wp-json\/wp\/v2\/comments?post=24935"}],"version-history":[{"count":0,"href":"https:\/\/bakkerspraypaint.com\/fr\/wp-json\/wp\/v2\/product\/24935\/revisions"}],"wp:featuredmedia":[{"embeddable":true,"href":"https:\/\/bakkerspraypaint.com\/fr\/wp-json\/wp\/v2\/media\/24945"}],"wp:attachment":[{"href":"https:\/\/bakkerspraypaint.com\/fr\/wp-json\/wp\/v2\/media?parent=24935"}],"wp:term":[{"taxonomy":"pwb-brand","embeddable":true,"href":"https:\/\/bakkerspraypaint.com\/fr\/wp-json\/wp\/v2\/pwb-brand?post=24935"},{"taxonomy":"product_brand","embeddable":true,"href":"https:\/\/bakkerspraypaint.com\/fr\/wp-json\/wp\/v2\/product_brand?post=24935"},{"taxonomy":"product_cat","embeddable":true,"href":"https:\/\/bakkerspraypaint.com\/fr\/wp-json\/wp\/v2\/product_cat?post=24935"},{"taxonomy":"product_tag","embeddable":true,"href":"https:\/\/bakkerspraypaint.com\/fr\/wp-json\/wp\/v2\/product_tag?post=24935"}],"curies":[{"name":"wp","href":"https:\/\/api.w.org\/{rel}","templated":true}]}}