{"id":24916,"date":"2023-09-21T13:03:40","date_gmt":"2023-09-21T11:03:40","guid":{"rendered":"https:\/\/bakkerspraypaint.com\/spraymax-silicone-remover\/"},"modified":"2025-11-12T17:37:24","modified_gmt":"2025-11-12T16:37:24","slug":"spraymax-silicone-remover","status":"publish","type":"product","link":"https:\/\/bakkerspraypaint.com\/fr\/produit\/spraymax-silicone-remover\/","title":{"rendered":"SprayMax Silicone Remover"},"content":{"rendered":"<p>D\u00e9couvrez la puissance du nettoyant pour silicone SprayMax (r\u00e9f\u00e9rence 680090) &#8211; votre partenaire ultime pour \u00e9liminer les r\u00e9sidus de silicone et la salet\u00e9.<br \/>\nCon\u00e7ue dans un souci de pr\u00e9cision et d&rsquo;efficacit\u00e9, cette formule avanc\u00e9e offre une exp\u00e9rience de nettoyage in\u00e9gal\u00e9e pour une grande vari\u00e9t\u00e9 de surfaces. <strong>Caract\u00e9ristiques :<\/strong> \u00c9limination efficace des silicones : Gr\u00e2ce \u00e0 sa formule avanc\u00e9e, notre nettoyant pour silicone est extr\u00eamement efficace pour \u00e9liminer les r\u00e9sidus de silicone tenaces.<br \/>\nQu&rsquo;il s&rsquo;agisse de vitres de voiture, de surfaces de cuisine ou de carreaux de salle de bains, ce nettoyant garantit une \u00e9limination sans faille.<br \/>\nApplication polyvalente : Le nettoyant pour silicone SprayMax convient \u00e0 un large \u00e9ventail de mat\u00e9riaux, notamment le verre, le plastique, le m\u00e9tal et la c\u00e9ramique.<br \/>\nIl s&rsquo;agit donc d&rsquo;un choix polyvalent pour r\u00e9pondre aux diff\u00e9rents besoins de nettoyage \u00e0 la maison, au bureau ou dans la voiture. <strong>Facile \u00e0 utiliser<\/strong>: Gr\u00e2ce \u00e0 la conception pratique de l&rsquo;a\u00e9rosol, notre nettoyant pour silicone est facile \u00e0 appliquer.<br \/>\nLa fine brume assure une couverture uniforme, ce qui vous permet d&rsquo;\u00e9liminer les r\u00e9sidus de silicone rapidement et sans effort. <strong>Formule sans r\u00e9sidus :<\/strong> Apr\u00e8s utilisation, le nettoyant pour silicone SprayMax ne laisse aucun r\u00e9sidu ind\u00e9sirable.<br \/>\nProfitez d&rsquo;une surface impeccable sans traces ni taches, ce qui vous permet d&rsquo;\u00e9conomiser du temps et des efforts lors du nettoyage. <strong>Qualit\u00e9 professionnelle :<\/strong> SprayMax est connu pour ses produits de haute qualit\u00e9 et son engagement envers la qualit\u00e9.<br \/>\nLe nettoyant pour silicone portant la r\u00e9f\u00e9rence 680090 r\u00e9pond aux normes les plus strictes, de sorte que vous pouvez compter sur un r\u00e9sultat de nettoyage professionnel. <strong>Pour plus d&rsquo;informations :<\/strong> Pour des d\u00e9tails techniques approfondis et des directives d&rsquo;application, nous vous recommandons de consulter la fiche technique ou la fiche de donn\u00e9es de s\u00e9curit\u00e9 sur cette page.<br \/>\nPour des questions sp\u00e9cifiques, nous sommes \u00e9galement pr\u00eats \u00e0 vous aider, n&rsquo;h\u00e9sitez pas \u00e0 nous contacter.<br \/>\nD\u00e9couvrez pourquoi les professionnels choisissent le nettoyant pour silicone SprayMax pour une exp\u00e9rience de nettoyage in\u00e9gal\u00e9e.<br \/>\n\u00c9liminez les r\u00e9sidus de silicone tenaces et redonnez de l&rsquo;\u00e9clat \u00e0 vos surfaces avec le SprayMax Silicone Cleaner &#8211; une solution fiable pour tous vos d\u00e9fis de nettoyage.\u00a0\u00bb          <\/p>\n","protected":false},"excerpt":{"rendered":"<p>D\u00e9couvrez la puissance du nettoyant pour silicone SprayMax (r\u00e9f\u00e9rence 680090) &#8211; votre partenaire ultime pour \u00e9liminer les r\u00e9sidus de silicone et la salet\u00e9. Con\u00e7ue dans un souci de pr\u00e9cision et d&rsquo;efficacit\u00e9, cette formule avanc\u00e9e offre une exp\u00e9rience de nettoyage in\u00e9gal\u00e9e pour une grande vari\u00e9t\u00e9 de surfaces. Caract\u00e9ristiques : \u00c9limination efficace des silicones : Gr\u00e2ce \u00e0 [&hellip;]<\/p>\n","protected":false},"featured_media":24925,"comment_status":"open","ping_status":"closed","template":"","meta":{"_acf_changed":false},"pwb-brand":[2008],"product_brand":[],"product_cat":[2026],"product_tag":[1989,2027],"class_list":{"0":"post-24916","1":"product","2":"type-product","3":"status-publish","4":"has-post-thumbnail","6":"pwb-brand-spraymax-fr","7":"product_cat-nettoyants-degraissants","8":"product_tag-1k-produits","9":"product_tag-n-a-fr","11":"first","12":"instock","13":"taxable","14":"shipping-taxable","15":"purchasable","16":"product-type-simple"},"bundled_by":[],"bundle_stock_status":"instock","bundle_stock_quantity":140,"bundle_virtual":false,"bundle_layout":"","bundle_add_to_cart_form_location":"","bundle_editable_in_cart":false,"bundle_sold_individually_context":"","bundle_item_grouping":"","bundle_min_size":"","bundle_max_size":"","bundle_price":[],"bundled_items":[],"bundle_sell_ids":[],"acf":[],"brands":[{"id":2008,"name":"SprayMax","slug":"spraymax-fr"}],"_links":{"self":[{"href":"https:\/\/bakkerspraypaint.com\/fr\/wp-json\/wp\/v2\/product\/24916","targetHints":{"allow":["GET"]}}],"collection":[{"href":"https:\/\/bakkerspraypaint.com\/fr\/wp-json\/wp\/v2\/product"}],"about":[{"href":"https:\/\/bakkerspraypaint.com\/fr\/wp-json\/wp\/v2\/types\/product"}],"replies":[{"embeddable":true,"href":"https:\/\/bakkerspraypaint.com\/fr\/wp-json\/wp\/v2\/comments?post=24916"}],"version-history":[{"count":0,"href":"https:\/\/bakkerspraypaint.com\/fr\/wp-json\/wp\/v2\/product\/24916\/revisions"}],"wp:featuredmedia":[{"embeddable":true,"href":"https:\/\/bakkerspraypaint.com\/fr\/wp-json\/wp\/v2\/media\/24925"}],"wp:attachment":[{"href":"https:\/\/bakkerspraypaint.com\/fr\/wp-json\/wp\/v2\/media?parent=24916"}],"wp:term":[{"taxonomy":"pwb-brand","embeddable":true,"href":"https:\/\/bakkerspraypaint.com\/fr\/wp-json\/wp\/v2\/pwb-brand?post=24916"},{"taxonomy":"product_brand","embeddable":true,"href":"https:\/\/bakkerspraypaint.com\/fr\/wp-json\/wp\/v2\/product_brand?post=24916"},{"taxonomy":"product_cat","embeddable":true,"href":"https:\/\/bakkerspraypaint.com\/fr\/wp-json\/wp\/v2\/product_cat?post=24916"},{"taxonomy":"product_tag","embeddable":true,"href":"https:\/\/bakkerspraypaint.com\/fr\/wp-json\/wp\/v2\/product_tag?post=24916"}],"curies":[{"name":"wp","href":"https:\/\/api.w.org\/{rel}","templated":true}]}}