{"id":24913,"date":"2023-09-21T12:21:41","date_gmt":"2023-09-21T10:21:41","guid":{"rendered":"https:\/\/bakkerspraypaint.com\/belton-rust-converter-convertisseur-de-rouille\/"},"modified":"2023-09-21T12:21:41","modified_gmt":"2023-09-21T10:21:41","slug":"belton-rust-converter-convertisseur-de-rouille","status":"publish","type":"product","link":"https:\/\/bakkerspraypaint.com\/fr\/produit\/belton-rust-converter-convertisseur-de-rouille\/","title":{"rendered":"Belton Rust Converter (convertisseur de rouille)"},"content":{"rendered":"<p>Le Belton Rust Converter Spray peut \u00eatre pulv\u00e9ris\u00e9 directement sur une surface rouill\u00e9e.<br \/>\nBien s\u00fbr, il faut enlever soigneusement la rouille d\u00e9tach\u00e9e et la poussi\u00e8re \u00e0 l&rsquo;aide d&rsquo;une brosse en acier.<br \/>\nMais vous n&rsquo;avez plus qu&rsquo;\u00e0 appliquer une seule couche !<br \/>\nLa rouille se transforme en une couche imp\u00e9n\u00e9trable \u00e0 base d&rsquo;\u00e9poxy.<br \/>\nLe spray semble transparent, mais il prend une couleur gris-noir.<br \/>\nUne \u00e9tanch\u00e9it\u00e9 parfaite et une protection contre la rouille, rapide, belle et facile.<br \/>\nVous souhaitez donner une autre couleur \u00e0 l&rsquo;objet ?<br \/>\nPas de probl\u00e8me, votre base est maintenant en ordre, vous pouvez maintenant pulv\u00e9riser n&rsquo;importe quelle couleur directement dessus.       <\/p>\n","protected":false},"excerpt":{"rendered":"<p>Le Belton Rust Converter Spray peut \u00eatre pulv\u00e9ris\u00e9 directement sur une surface rouill\u00e9e. Bien s\u00fbr, il faut enlever soigneusement la rouille d\u00e9tach\u00e9e et la poussi\u00e8re \u00e0 l&rsquo;aide d&rsquo;une brosse en acier. Mais vous n&rsquo;avez plus qu&rsquo;\u00e0 appliquer une seule couche ! La rouille se transforme en une couche imp\u00e9n\u00e9trable \u00e0 base d&rsquo;\u00e9poxy. Le spray semble [&hellip;]<\/p>\n","protected":false},"featured_media":24919,"comment_status":"open","ping_status":"closed","template":"","meta":{"_acf_changed":false},"pwb-brand":[1969],"product_brand":[],"product_cat":[2050,2051,2049],"product_tag":[1989,2052],"class_list":{"0":"post-24913","1":"product","2":"type-product","3":"status-publish","4":"has-post-thumbnail","6":"pwb-brand-belton-fr","7":"product_cat-appret-special-bakkerspraypaint","8":"product_cat-decouvrez-la-gamme-dapprets-1k-de-bakkerspraypaint","9":"product_cat-labecedaire","10":"product_tag-1k-produits","11":"product_tag-brillant-de-soie","13":"first","14":"instock","15":"taxable","16":"shipping-taxable","17":"purchasable","18":"product-type-simple"},"bundled_by":[],"bundle_stock_status":"instock","bundle_stock_quantity":6,"bundle_virtual":false,"bundle_layout":"","bundle_add_to_cart_form_location":"","bundle_editable_in_cart":false,"bundle_sold_individually_context":"","bundle_item_grouping":"","bundle_min_size":"","bundle_max_size":"","bundle_price":[],"bundled_items":[],"bundle_sell_ids":[],"acf":[],"brands":[{"id":1969,"name":"Belton","slug":"belton-fr"}],"_links":{"self":[{"href":"https:\/\/bakkerspraypaint.com\/fr\/wp-json\/wp\/v2\/product\/24913","targetHints":{"allow":["GET"]}}],"collection":[{"href":"https:\/\/bakkerspraypaint.com\/fr\/wp-json\/wp\/v2\/product"}],"about":[{"href":"https:\/\/bakkerspraypaint.com\/fr\/wp-json\/wp\/v2\/types\/product"}],"replies":[{"embeddable":true,"href":"https:\/\/bakkerspraypaint.com\/fr\/wp-json\/wp\/v2\/comments?post=24913"}],"version-history":[{"count":0,"href":"https:\/\/bakkerspraypaint.com\/fr\/wp-json\/wp\/v2\/product\/24913\/revisions"}],"wp:featuredmedia":[{"embeddable":true,"href":"https:\/\/bakkerspraypaint.com\/fr\/wp-json\/wp\/v2\/media\/24919"}],"wp:attachment":[{"href":"https:\/\/bakkerspraypaint.com\/fr\/wp-json\/wp\/v2\/media?parent=24913"}],"wp:term":[{"taxonomy":"pwb-brand","embeddable":true,"href":"https:\/\/bakkerspraypaint.com\/fr\/wp-json\/wp\/v2\/pwb-brand?post=24913"},{"taxonomy":"product_brand","embeddable":true,"href":"https:\/\/bakkerspraypaint.com\/fr\/wp-json\/wp\/v2\/product_brand?post=24913"},{"taxonomy":"product_cat","embeddable":true,"href":"https:\/\/bakkerspraypaint.com\/fr\/wp-json\/wp\/v2\/product_cat?post=24913"},{"taxonomy":"product_tag","embeddable":true,"href":"https:\/\/bakkerspraypaint.com\/fr\/wp-json\/wp\/v2\/product_tag?post=24913"}],"curies":[{"name":"wp","href":"https:\/\/api.w.org\/{rel}","templated":true}]}}