{"id":24898,"date":"2023-09-21T12:44:43","date_gmt":"2023-09-21T10:44:43","guid":{"rendered":"https:\/\/bakkerspraypaint.com\/spraymax-diluant-dappoint\/"},"modified":"2023-09-21T12:44:43","modified_gmt":"2023-09-21T10:44:43","slug":"spraymax-diluant-dappoint","status":"publish","type":"product","link":"https:\/\/bakkerspraypaint.com\/fr\/produit\/spraymax-diluant-dappoint\/","title":{"rendered":"SprayMax Diluant d&rsquo;appoint"},"content":{"rendered":"<p>Diluant pour spray d&rsquo;appoint SprayMax &#8211; Num\u00e9ro d&rsquo;article 680093 : M\u00e9lange de solvants raffin\u00e9 pour une pulv\u00e9risation parfaite D\u00e9couvrez le diluant SprayMax Add-on (r\u00e9f\u00e9rence 680093), sp\u00e9cialement con\u00e7u pour garantir une pulv\u00e9risation optimale et une finition professionnelle pour les retouches et les r\u00e9parations mineures.<br \/>\nCaract\u00e9ristiques les plus importantes : Dilution optimale : La Dilution SprayMax est compos\u00e9e de solvants soigneusement choisis, qui ajustent la viscosit\u00e9 de la peinture pour une application parfaite au pistolet.<br \/>\nCela garantit une couverture uniforme et un r\u00e9sultat \u00e9l\u00e9gant.<br \/>\nCompatibilit\u00e9 avec divers syst\u00e8mes de peinture : Que vous travailliez avec une couche de base, une couche transparente ou d&rsquo;autres syst\u00e8mes de peinture, le diluant pour pulv\u00e9risation est con\u00e7u pour \u00eatre compatible avec diff\u00e9rents types de peinture.<br \/>\nIl est donc polyvalent et convient \u00e0 de nombreuses applications.<br \/>\nS\u00e9chage rapide : Le diluant pour pulv\u00e9risation acc\u00e9l\u00e8re le temps de s\u00e9chage de la peinture, ce qui vous permet de travailler plus efficacement et de proc\u00e9der rapidement \u00e0 d&rsquo;autres traitements.<br \/>\nCela contribue \u00e0 la fluidit\u00e9 du travail.<br \/>\nApplication simple : La bombe a\u00e9rosol rend l&rsquo;application du diluant d&rsquo;appoint facile et pr\u00e9cise.<br \/>\nLa fine brume assure un m\u00e9lange homog\u00e8ne avec la peinture, ce qui se traduit par une application uniforme par pulv\u00e9risation.<br \/>\nPour plus d&rsquo;informations : Pour des donn\u00e9es techniques d\u00e9taill\u00e9es et des directives d&rsquo;application, nous vous recommandons de consulter la fiche technique ou la fiche de donn\u00e9es de s\u00e9curit\u00e9 sur cette page.<br \/>\nNous sommes \u00e0 votre disposition pour r\u00e9pondre \u00e0 vos questions sp\u00e9cifiques.<br \/>\nN&rsquo;h\u00e9sitez pas \u00e0 nous contacter pour obtenir des conseils d&rsquo;experts.<br \/>\nChoisissez le SprayMax Add-on Spray Thinner (r\u00e9f\u00e9rence 680093) pour une application raffin\u00e9e et un r\u00e9sultat parfait pour les petites r\u00e9parations et les retouches.            <\/p>\n","protected":false},"excerpt":{"rendered":"<p>Diluant pour spray d&rsquo;appoint SprayMax &#8211; Num\u00e9ro d&rsquo;article 680093 : M\u00e9lange de solvants raffin\u00e9 pour une pulv\u00e9risation parfaite D\u00e9couvrez le diluant SprayMax Add-on (r\u00e9f\u00e9rence 680093), sp\u00e9cialement con\u00e7u pour garantir une pulv\u00e9risation optimale et une finition professionnelle pour les retouches et les r\u00e9parations mineures. Caract\u00e9ristiques les plus importantes : Dilution optimale : La Dilution SprayMax est [&hellip;]<\/p>\n","protected":false},"featured_media":24904,"comment_status":"open","ping_status":"closed","template":"","meta":{"_acf_changed":false},"pwb-brand":[2008],"product_brand":[],"product_cat":[2046],"product_tag":[1989,2037],"class_list":{"0":"post-24898","1":"product","2":"type-product","3":"status-publish","4":"has-post-thumbnail","6":"pwb-brand-spraymax-fr","7":"product_cat-diluant-pour-melangeur","8":"product_tag-1k-produits","9":"product_tag-brillant","11":"first","12":"instock","13":"taxable","14":"shipping-taxable","15":"purchasable","16":"product-type-simple"},"bundled_by":[],"bundle_stock_status":"instock","bundle_stock_quantity":49,"bundle_virtual":false,"bundle_layout":"","bundle_add_to_cart_form_location":"","bundle_editable_in_cart":false,"bundle_sold_individually_context":"","bundle_item_grouping":"","bundle_min_size":"","bundle_max_size":"","bundle_price":[],"bundled_items":[],"bundle_sell_ids":[],"acf":[],"brands":[{"id":2008,"name":"SprayMax","slug":"spraymax-fr"}],"_links":{"self":[{"href":"https:\/\/bakkerspraypaint.com\/fr\/wp-json\/wp\/v2\/product\/24898","targetHints":{"allow":["GET"]}}],"collection":[{"href":"https:\/\/bakkerspraypaint.com\/fr\/wp-json\/wp\/v2\/product"}],"about":[{"href":"https:\/\/bakkerspraypaint.com\/fr\/wp-json\/wp\/v2\/types\/product"}],"replies":[{"embeddable":true,"href":"https:\/\/bakkerspraypaint.com\/fr\/wp-json\/wp\/v2\/comments?post=24898"}],"version-history":[{"count":0,"href":"https:\/\/bakkerspraypaint.com\/fr\/wp-json\/wp\/v2\/product\/24898\/revisions"}],"wp:featuredmedia":[{"embeddable":true,"href":"https:\/\/bakkerspraypaint.com\/fr\/wp-json\/wp\/v2\/media\/24904"}],"wp:attachment":[{"href":"https:\/\/bakkerspraypaint.com\/fr\/wp-json\/wp\/v2\/media?parent=24898"}],"wp:term":[{"taxonomy":"pwb-brand","embeddable":true,"href":"https:\/\/bakkerspraypaint.com\/fr\/wp-json\/wp\/v2\/pwb-brand?post=24898"},{"taxonomy":"product_brand","embeddable":true,"href":"https:\/\/bakkerspraypaint.com\/fr\/wp-json\/wp\/v2\/product_brand?post=24898"},{"taxonomy":"product_cat","embeddable":true,"href":"https:\/\/bakkerspraypaint.com\/fr\/wp-json\/wp\/v2\/product_cat?post=24898"},{"taxonomy":"product_tag","embeddable":true,"href":"https:\/\/bakkerspraypaint.com\/fr\/wp-json\/wp\/v2\/product_tag?post=24898"}],"curies":[{"name":"wp","href":"https:\/\/api.w.org\/{rel}","templated":true}]}}