{"id":24875,"date":"2023-09-21T12:29:16","date_gmt":"2023-09-21T10:29:16","guid":{"rendered":"https:\/\/bakkerspraypaint.com\/belton-grill-spray\/"},"modified":"2023-09-21T12:29:16","modified_gmt":"2023-09-21T10:29:16","slug":"belton-grill-spray","status":"publish","type":"product","link":"https:\/\/bakkerspraypaint.com\/fr\/produit\/belton-grill-spray\/","title":{"rendered":"Belton Grill Spray"},"content":{"rendered":"<p>Le Belton Grill Spray est destin\u00e9 au barbecue, au four et au fumoir.<br \/>\nCe spray apporte une am\u00e9lioration optique et fonctionnelle aux grils soumis \u00e0 une chaleur extr\u00eame et \u00e0 la corrosion.<br \/>\nLe spray sp\u00e9cial Belton Grill a une duret\u00e9 de surface \u00e9lev\u00e9e et r\u00e9siste \u00e0 la chaleur jusqu&rsquo;\u00e0 650 degr\u00e9s Celsius.<br \/>\nVeuillez noter que la peinture durcit compl\u00e8tement \u00e0 250 degr\u00e9s Celsius.<br \/>\nSp\u00e9cifications du produit : Base de liant : R\u00e9sines de silicone Application du spray : 3-4 couches uniform\u00e9ment fines Epaisseur de la couche : 30-40 \u00b5m Distance de pulv\u00e9risation : 15-25 cm Temps de s\u00e9chage : &#8211; s\u00e9chage de la poussi\u00e8re : apr\u00e8s env.<br \/>\n30 minutes.<br \/>\n&#8211; rapide \u00e0 manipuler : apr\u00e8s env.<br \/>\n60 minutes &#8211; durcissement \u00e0 sec : la peinture ne durcit qu&rsquo;\u00e0 des temp\u00e9ratures sup\u00e9rieures \u00e0 +250 \u00b0C.<br \/>\nREMARQUE !<br \/>\nR\u00e9chauffez lentement.<br \/>\nRepeindre : &#8211; avec vous-m\u00eame : \u00e0 tout moment          <\/p>\n","protected":false},"excerpt":{"rendered":"<p>Le Belton Grill Spray est destin\u00e9 au barbecue, au four et au fumoir. Ce spray apporte une am\u00e9lioration optique et fonctionnelle aux grils soumis \u00e0 une chaleur extr\u00eame et \u00e0 la corrosion. Le spray sp\u00e9cial Belton Grill a une duret\u00e9 de surface \u00e9lev\u00e9e et r\u00e9siste \u00e0 la chaleur jusqu&rsquo;\u00e0 650 degr\u00e9s Celsius. Veuillez noter que [&hellip;]<\/p>\n","protected":false},"featured_media":24885,"comment_status":"open","ping_status":"closed","template":"","meta":{"_acf_changed":false},"pwb-brand":[1969],"product_brand":[],"product_cat":[2044],"product_tag":[1989,2045],"class_list":{"0":"post-24875","1":"product","2":"type-product","3":"status-publish","4":"has-post-thumbnail","6":"pwb-brand-belton-fr","7":"product_cat-protection-thermique-resistante-a-la-chaleur-bakkerspraypaint","8":"product_tag-1k-produits","9":"product_tag-matt-fr","11":"first","12":"instock","13":"taxable","14":"shipping-taxable","15":"purchasable","16":"product-type-simple"},"bundled_by":[],"bundle_stock_status":"instock","bundle_stock_quantity":6,"bundle_virtual":false,"bundle_layout":"","bundle_add_to_cart_form_location":"","bundle_editable_in_cart":false,"bundle_sold_individually_context":"","bundle_item_grouping":"","bundle_min_size":"","bundle_max_size":"","bundle_price":[],"bundled_items":[],"bundle_sell_ids":[],"acf":[],"brands":[{"id":1969,"name":"Belton","slug":"belton-fr"}],"_links":{"self":[{"href":"https:\/\/bakkerspraypaint.com\/fr\/wp-json\/wp\/v2\/product\/24875","targetHints":{"allow":["GET"]}}],"collection":[{"href":"https:\/\/bakkerspraypaint.com\/fr\/wp-json\/wp\/v2\/product"}],"about":[{"href":"https:\/\/bakkerspraypaint.com\/fr\/wp-json\/wp\/v2\/types\/product"}],"replies":[{"embeddable":true,"href":"https:\/\/bakkerspraypaint.com\/fr\/wp-json\/wp\/v2\/comments?post=24875"}],"version-history":[{"count":0,"href":"https:\/\/bakkerspraypaint.com\/fr\/wp-json\/wp\/v2\/product\/24875\/revisions"}],"wp:featuredmedia":[{"embeddable":true,"href":"https:\/\/bakkerspraypaint.com\/fr\/wp-json\/wp\/v2\/media\/24885"}],"wp:attachment":[{"href":"https:\/\/bakkerspraypaint.com\/fr\/wp-json\/wp\/v2\/media?parent=24875"}],"wp:term":[{"taxonomy":"pwb-brand","embeddable":true,"href":"https:\/\/bakkerspraypaint.com\/fr\/wp-json\/wp\/v2\/pwb-brand?post=24875"},{"taxonomy":"product_brand","embeddable":true,"href":"https:\/\/bakkerspraypaint.com\/fr\/wp-json\/wp\/v2\/product_brand?post=24875"},{"taxonomy":"product_cat","embeddable":true,"href":"https:\/\/bakkerspraypaint.com\/fr\/wp-json\/wp\/v2\/product_cat?post=24875"},{"taxonomy":"product_tag","embeddable":true,"href":"https:\/\/bakkerspraypaint.com\/fr\/wp-json\/wp\/v2\/product_tag?post=24875"}],"curies":[{"name":"wp","href":"https:\/\/api.w.org\/{rel}","templated":true}]}}