{"id":24159,"date":"2023-10-05T08:25:43","date_gmt":"2023-10-05T06:25:43","guid":{"rendered":"https:\/\/bakkerspraypaint.com\/blogs\/"},"modified":"2024-10-16T12:28:26","modified_gmt":"2024-10-16T10:28:26","slug":"blogues","status":"publish","type":"page","link":"https:\/\/bakkerspraypaint.com\/fr\/blogues\/","title":{"rendered":"Blogues"},"content":{"rendered":"\t\t<div data-elementor-type=\"wp-page\" data-elementor-id=\"24159\" class=\"elementor elementor-24159 elementor-107\" data-elementor-post-type=\"page\">\n\t\t\t\t\t\t<section class=\"elementor-section elementor-top-section elementor-element elementor-element-0b9f9fe elementor-section-boxed elementor-section-height-default elementor-section-height-default\" data-id=\"0b9f9fe\" data-element_type=\"section\" data-e-type=\"section\" data-settings=\"{&quot;jet_parallax_layout_list&quot;:[]}\">\n\t\t\t\t\t\t<div class=\"elementor-container elementor-column-gap-default\">\n\t\t\t\t\t<div class=\"elementor-column elementor-col-100 elementor-top-column elementor-element elementor-element-6dddb3c\" data-id=\"6dddb3c\" data-element_type=\"column\" data-e-type=\"column\">\n\t\t\t<div class=\"elementor-widget-wrap elementor-element-populated\">\n\t\t\t\t\t\t<div class=\"elementor-element elementor-element-70ef5c2 elementor-hidden-mobile elementor-widget elementor-widget-shortcode\" data-id=\"70ef5c2\" data-element_type=\"widget\" data-e-type=\"widget\" data-widget_type=\"shortcode.default\">\n\t\t\t\t\t\t\t<div class=\"elementor-shortcode\"><nav aria-label=\"breadcrumbs\" class=\"rank-math-breadcrumb\"><p><span class=\"last\">Home<\/span><\/p><\/nav><\/div>\n\t\t\t\t\t\t<\/div>\n\t\t\t\t<div class=\"elementor-element elementor-element-24cdec7 elementor-hidden-desktop elementor-hidden-tablet elementor-widget elementor-widget-spacer\" data-id=\"24cdec7\" data-element_type=\"widget\" data-e-type=\"widget\" data-widget_type=\"spacer.default\">\n\t\t\t\t\t\t\t<div class=\"elementor-spacer\">\n\t\t\t<div class=\"elementor-spacer-inner\"><\/div>\n\t\t<\/div>\n\t\t\t\t\t\t<\/div>\n\t\t\t\t<div class=\"elementor-element elementor-element-7ba2385 elementor-widget elementor-widget-heading\" data-id=\"7ba2385\" data-element_type=\"widget\" data-e-type=\"widget\" data-widget_type=\"heading.default\">\n\t\t\t\t\t<h1 class=\"elementor-heading-title elementor-size-default\">Blogues<\/h1>\t\t\t\t<\/div>\n\t\t\t\t\t<\/div>\n\t\t<\/div>\n\t\t\t\t\t<\/div>\n\t\t<\/section>\n\t\t\t\t<section class=\"elementor-section elementor-top-section elementor-element elementor-element-e46ecb7 elementor-section-content-middle elementor-section-boxed elementor-section-height-default elementor-section-height-default\" data-id=\"e46ecb7\" data-element_type=\"section\" data-e-type=\"section\" data-settings=\"{&quot;jet_parallax_layout_list&quot;:[]}\">\n\t\t\t\t\t\t<div class=\"elementor-container elementor-column-gap-default\">\n\t\t\t\t\t<div class=\"elementor-column elementor-col-100 elementor-top-column elementor-element elementor-element-50136b2\" data-id=\"50136b2\" data-element_type=\"column\" data-e-type=\"column\">\n\t\t\t<div class=\"elementor-widget-wrap elementor-element-populated\">\n\t\t\t\t\t\t<div class=\"elementor-element elementor-element-dc6014d elementor-widget elementor-widget-raven-posts\" data-id=\"dc6014d\" data-element_type=\"widget\" data-e-type=\"widget\" data-settings=\"{&quot;classic_columns&quot;:&quot;4&quot;,&quot;query_posts_per_page&quot;:14,&quot;classic_show_pagination&quot;:&quot;yes&quot;,&quot;_skin&quot;:&quot;classic&quot;,&quot;classic_layout&quot;:&quot;grid&quot;,&quot;classic_columns_tablet&quot;:&quot;2&quot;,&quot;classic_columns_mobile&quot;:&quot;1&quot;,&quot;classic_pagination_type&quot;:&quot;page_based&quot;,&quot;query_offset&quot;:0}\" data-widget_type=\"raven-posts.classic\">\n\t\t\t\t<div class=\"elementor-widget-container\">\n\t\t\t\t\t\t\t<div class=\"raven-posts raven-grid raven-grid-4 raven-grid-mobile-1 raven-grid-tablet-2\" data-post-id=\"24159\" data-archive-query=\"\" data-lang=\"\">\n\t\t\t\t<div class=\"raven-grid-item raven-post-item post-24473 post type-post status-publish format-standard has-post-thumbnail hentry category-blogs-fr\">\n\t\t\t<div class=\"raven-post\">\n\t\t\t\t\t\t<div class=\"raven-post-image-wrap\">\n\t\t\t<a class=\"raven-post-image raven-image-fit\" href=\"https:\/\/bakkerspraypaint.com\/fr\/ral-vs-pantone-ameliorer-les-systemes-de-couleur-pour-les-entreprises\/\"><img fetchpriority=\"high\" decoding=\"async\" width=\"2200\" height=\"2199\" src=\"https:\/\/bakkerspraypaint.com\/wp-content\/uploads\/2023\/10\/BELTON-RAL-9007-324214_1-1.jpg\" class=\"attachment-full size-full wp-image-24487\" alt=\"\" srcset=\"https:\/\/bakkerspraypaint.com\/wp-content\/uploads\/2023\/10\/BELTON-RAL-9007-324214_1-1.jpg 2200w, https:\/\/bakkerspraypaint.com\/wp-content\/uploads\/2023\/10\/BELTON-RAL-9007-324214_1-1-300x300.jpg 300w, https:\/\/bakkerspraypaint.com\/wp-content\/uploads\/2023\/10\/BELTON-RAL-9007-324214_1-1-1024x1024.jpg 1024w, https:\/\/bakkerspraypaint.com\/wp-content\/uploads\/2023\/10\/BELTON-RAL-9007-324214_1-1-150x150.jpg 150w, https:\/\/bakkerspraypaint.com\/wp-content\/uploads\/2023\/10\/BELTON-RAL-9007-324214_1-1-768x768.jpg 768w, https:\/\/bakkerspraypaint.com\/wp-content\/uploads\/2023\/10\/BELTON-RAL-9007-324214_1-1-1536x1536.jpg 1536w, https:\/\/bakkerspraypaint.com\/wp-content\/uploads\/2023\/10\/BELTON-RAL-9007-324214_1-1-2048x2048.jpg 2048w, https:\/\/bakkerspraypaint.com\/wp-content\/uploads\/2023\/10\/BELTON-RAL-9007-324214_1-1-500x500.jpg 500w, https:\/\/bakkerspraypaint.com\/wp-content\/uploads\/2023\/10\/BELTON-RAL-9007-324214_1-1-600x600.jpg 600w, https:\/\/bakkerspraypaint.com\/wp-content\/uploads\/2023\/10\/BELTON-RAL-9007-324214_1-1-100x100.jpg 100w, https:\/\/bakkerspraypaint.com\/wp-content\/uploads\/2023\/10\/BELTON-RAL-9007-324214_1-1-64x64.jpg 64w\" sizes=\"(max-width: 2200px) 100vw, 2200px\" \/> <span class=\"raven-post-image-overlay\"><\/span><\/a>\t\t<\/div>\n\t\t\t\t\t\t<div class=\"raven-post-content\">\n\t\t\t\t\t<h4 class=\"raven-post-title\"><a class=\"raven-post-title-link\" href=\"https:\/\/bakkerspraypaint.com\/fr\/ral-vs-pantone-ameliorer-les-systemes-de-couleur-pour-les-entreprises\/\">RAL vs. Pantone : Am\u00e9liorer les syst\u00e8mes de couleur pour les entreprises<\/a><\/h4><div class=\"raven-post-excerpt\">Lorsque vous choisissez la couleur parfaite pour votre projet de peinture au pistolet, deux syst\u00e8mes de couleurs importants se distinguent : RAL et Pantone. Ces normes de couleur sont largement<\/div>\t\t<div class=\"raven-post-read-more\">\n\t\t\t<a class=\"raven-post-button\" href=\"https:\/\/bakkerspraypaint.com\/fr\/ral-vs-pantone-ameliorer-les-systemes-de-couleur-pour-les-entreprises\/\"><span class=\"raven-post-button-text\">Read More<\/span><\/a>\n\t\t<\/div>\n\t\t\t\t\t\t<\/div>\n\t\t\t<\/div>\n\t\t<\/div>\n\t\t\t\t<div class=\"raven-grid-item raven-post-item post-24323 post type-post status-publish format-standard has-post-thumbnail hentry category-blogs-fr\">\n\t\t\t<div class=\"raven-post\">\n\t\t\t\t\t\t<div class=\"raven-post-image-wrap\">\n\t\t\t<a class=\"raven-post-image raven-image-fit\" href=\"https:\/\/bakkerspraypaint.com\/fr\/2in1-spray-pour-phares-max\/\"><img decoding=\"async\" width=\"595\" height=\"595\" src=\"https:\/\/bakkerspraypaint.com\/wp-content\/uploads\/2023\/10\/2in1-Koplamp-COLLAGE-vierkant_650x330-1.jpg\" class=\"attachment-full size-full wp-image-24160\" alt=\"\" srcset=\"https:\/\/bakkerspraypaint.com\/wp-content\/uploads\/2023\/10\/2in1-Koplamp-COLLAGE-vierkant_650x330-1.jpg 595w, https:\/\/bakkerspraypaint.com\/wp-content\/uploads\/2023\/10\/2in1-Koplamp-COLLAGE-vierkant_650x330-1-300x300.jpg 300w, https:\/\/bakkerspraypaint.com\/wp-content\/uploads\/2023\/10\/2in1-Koplamp-COLLAGE-vierkant_650x330-1-150x150.jpg 150w, https:\/\/bakkerspraypaint.com\/wp-content\/uploads\/2023\/10\/2in1-Koplamp-COLLAGE-vierkant_650x330-1-500x500.jpg 500w, https:\/\/bakkerspraypaint.com\/wp-content\/uploads\/2023\/10\/2in1-Koplamp-COLLAGE-vierkant_650x330-1-100x100.jpg 100w, https:\/\/bakkerspraypaint.com\/wp-content\/uploads\/2023\/10\/2in1-Koplamp-COLLAGE-vierkant_650x330-1-64x64.jpg 64w\" sizes=\"(max-width: 595px) 100vw, 595px\" \/> <span class=\"raven-post-image-overlay\"><\/span><\/a>\t\t<\/div>\n\t\t\t\t\t\t<div class=\"raven-post-content\">\n\t\t\t\t\t<h4 class=\"raven-post-title\"><a class=\"raven-post-title-link\" href=\"https:\/\/bakkerspraypaint.com\/fr\/2in1-spray-pour-phares-max\/\">2in1 Spray pour phares Max<\/a><\/h4><div class=\"raven-post-excerpt\">Tout le monde les voit parfois au volant.\nDes voitures avec des phares jaunes ou ternes.\nCela peut instantan\u00e9ment donner un aspect compl\u00e8tement diff\u00e9rent \u00e0 une voiture.\nMais comment un phare peut-il prendre une telle couleur et, plus important encore, comment s'en d\u00e9barrasser ?\nComment s'en d\u00e9barrasser ?    <\/div>\t\t<div class=\"raven-post-read-more\">\n\t\t\t<a class=\"raven-post-button\" href=\"https:\/\/bakkerspraypaint.com\/fr\/2in1-spray-pour-phares-max\/\"><span class=\"raven-post-button-text\">Read More<\/span><\/a>\n\t\t<\/div>\n\t\t\t\t\t\t<\/div>\n\t\t\t<\/div>\n\t\t<\/div>\n\t\t\t\t<div class=\"raven-grid-item raven-post-item post-24313 post type-post status-publish format-standard has-post-thumbnail hentry category-blogs-fr\">\n\t\t\t<div class=\"raven-post\">\n\t\t\t\t\t\t<div class=\"raven-post-image-wrap\">\n\t\t\t<a class=\"raven-post-image raven-image-fit\" href=\"https:\/\/bakkerspraypaint.com\/fr\/bombes-de-peinture\/\"><img decoding=\"async\" width=\"1920\" height=\"818\" src=\"https:\/\/bakkerspraypaint.com\/wp-content\/uploads\/2023\/10\/1K-PRODUCTEN-CATEGORIE_1920x1920-2.jpg\" class=\"attachment-full size-full wp-image-24163\" alt=\"\" srcset=\"https:\/\/bakkerspraypaint.com\/wp-content\/uploads\/2023\/10\/1K-PRODUCTEN-CATEGORIE_1920x1920-2.jpg 1920w, https:\/\/bakkerspraypaint.com\/wp-content\/uploads\/2023\/10\/1K-PRODUCTEN-CATEGORIE_1920x1920-2-300x128.jpg 300w, https:\/\/bakkerspraypaint.com\/wp-content\/uploads\/2023\/10\/1K-PRODUCTEN-CATEGORIE_1920x1920-2-1024x436.jpg 1024w, https:\/\/bakkerspraypaint.com\/wp-content\/uploads\/2023\/10\/1K-PRODUCTEN-CATEGORIE_1920x1920-2-768x327.jpg 768w, https:\/\/bakkerspraypaint.com\/wp-content\/uploads\/2023\/10\/1K-PRODUCTEN-CATEGORIE_1920x1920-2-1536x654.jpg 1536w, https:\/\/bakkerspraypaint.com\/wp-content\/uploads\/2023\/10\/1K-PRODUCTEN-CATEGORIE_1920x1920-2-600x256.jpg 600w, https:\/\/bakkerspraypaint.com\/wp-content\/uploads\/2023\/10\/1K-PRODUCTEN-CATEGORIE_1920x1920-2-64x27.jpg 64w\" sizes=\"(max-width: 1920px) 100vw, 1920px\" \/> <span class=\"raven-post-image-overlay\"><\/span><\/a>\t\t<\/div>\n\t\t\t\t\t\t<div class=\"raven-post-content\">\n\t\t\t\t\t<h4 class=\"raven-post-title\"><a class=\"raven-post-title-link\" href=\"https:\/\/bakkerspraypaint.com\/fr\/bombes-de-peinture\/\">Bombes de peinture<\/a><\/h4><div class=\"raven-post-excerpt\">La peinture en a\u00e9rosol est un moyen pratique et efficace de peindre des surfaces rapidement et facilement.<\/div>\t\t<div class=\"raven-post-read-more\">\n\t\t\t<a class=\"raven-post-button\" href=\"https:\/\/bakkerspraypaint.com\/fr\/bombes-de-peinture\/\"><span class=\"raven-post-button-text\">Read More<\/span><\/a>\n\t\t<\/div>\n\t\t\t\t\t\t<\/div>\n\t\t\t<\/div>\n\t\t<\/div>\n\t\t\t\t<div class=\"raven-grid-item raven-post-item post-24330 post type-post status-publish format-standard has-post-thumbnail hentry category-blogs-fr\">\n\t\t\t<div class=\"raven-post\">\n\t\t\t\t\t\t<div class=\"raven-post-image-wrap\">\n\t\t\t<a class=\"raven-post-image raven-image-fit\" href=\"https:\/\/bakkerspraypaint.com\/fr\/peinture-resistante-a-la-chaleur\/\"><img loading=\"lazy\" decoding=\"async\" width=\"1920\" height=\"328\" src=\"https:\/\/bakkerspraypaint.com\/wp-content\/uploads\/2023\/10\/DSCF1717_1920x1920-1.jpg\" class=\"attachment-full size-full wp-image-24166\" alt=\"Peinture r\u00e9sistante \u00e0 la chaleur\" srcset=\"https:\/\/bakkerspraypaint.com\/wp-content\/uploads\/2023\/10\/DSCF1717_1920x1920-1.jpg 1920w, https:\/\/bakkerspraypaint.com\/wp-content\/uploads\/2023\/10\/DSCF1717_1920x1920-1-300x51.jpg 300w, https:\/\/bakkerspraypaint.com\/wp-content\/uploads\/2023\/10\/DSCF1717_1920x1920-1-1024x175.jpg 1024w, https:\/\/bakkerspraypaint.com\/wp-content\/uploads\/2023\/10\/DSCF1717_1920x1920-1-768x131.jpg 768w, https:\/\/bakkerspraypaint.com\/wp-content\/uploads\/2023\/10\/DSCF1717_1920x1920-1-1536x262.jpg 1536w, https:\/\/bakkerspraypaint.com\/wp-content\/uploads\/2023\/10\/DSCF1717_1920x1920-1-600x103.jpg 600w, https:\/\/bakkerspraypaint.com\/wp-content\/uploads\/2023\/10\/DSCF1717_1920x1920-1-64x11.jpg 64w\" sizes=\"(max-width: 1920px) 100vw, 1920px\" \/> <span class=\"raven-post-image-overlay\"><\/span><\/a>\t\t<\/div>\n\t\t\t\t\t\t<div class=\"raven-post-content\">\n\t\t\t\t\t<h4 class=\"raven-post-title\"><a class=\"raven-post-title-link\" href=\"https:\/\/bakkerspraypaint.com\/fr\/peinture-resistante-a-la-chaleur\/\">Peinture r\u00e9sistante \u00e0 la chaleur<\/a><\/h4><div class=\"raven-post-excerpt\">Il existe des peintures r\u00e9sistantes \u00e0 la chaleur pour diff\u00e9rentes temp\u00e9ratures. Le choix de la peinture d\u00e9pend de la temp\u00e9rature \u00e0 laquelle votre objet peut \u00eatre expos\u00e9.<\/div>\t\t<div class=\"raven-post-read-more\">\n\t\t\t<a class=\"raven-post-button\" href=\"https:\/\/bakkerspraypaint.com\/fr\/peinture-resistante-a-la-chaleur\/\"><span class=\"raven-post-button-text\">Read More<\/span><\/a>\n\t\t<\/div>\n\t\t\t\t\t\t<\/div>\n\t\t\t<\/div>\n\t\t<\/div>\n\t\t\t\t<div class=\"raven-grid-item raven-post-item post-24317 post type-post status-publish format-standard has-post-thumbnail hentry category-blogs-fr\">\n\t\t\t<div class=\"raven-post\">\n\t\t\t\t\t\t<div class=\"raven-post-image-wrap\">\n\t\t\t<a class=\"raven-post-image raven-image-fit\" href=\"https:\/\/bakkerspraypaint.com\/fr\/dissolvant-de-silicone\/\"><img loading=\"lazy\" decoding=\"async\" width=\"1920\" height=\"1920\" src=\"https:\/\/bakkerspraypaint.com\/wp-content\/uploads\/2023\/10\/SPRAYMAX-SILICONEN-VERWIJDERAAR-680090_1920x1920-1.jpg\" class=\"attachment-full size-full wp-image-24169\" alt=\"Dissolvant de silicone\" srcset=\"https:\/\/bakkerspraypaint.com\/wp-content\/uploads\/2023\/10\/SPRAYMAX-SILICONEN-VERWIJDERAAR-680090_1920x1920-1.jpg 1920w, https:\/\/bakkerspraypaint.com\/wp-content\/uploads\/2023\/10\/SPRAYMAX-SILICONEN-VERWIJDERAAR-680090_1920x1920-1-300x300.jpg 300w, https:\/\/bakkerspraypaint.com\/wp-content\/uploads\/2023\/10\/SPRAYMAX-SILICONEN-VERWIJDERAAR-680090_1920x1920-1-1024x1024.jpg 1024w, https:\/\/bakkerspraypaint.com\/wp-content\/uploads\/2023\/10\/SPRAYMAX-SILICONEN-VERWIJDERAAR-680090_1920x1920-1-150x150.jpg 150w, https:\/\/bakkerspraypaint.com\/wp-content\/uploads\/2023\/10\/SPRAYMAX-SILICONEN-VERWIJDERAAR-680090_1920x1920-1-768x768.jpg 768w, https:\/\/bakkerspraypaint.com\/wp-content\/uploads\/2023\/10\/SPRAYMAX-SILICONEN-VERWIJDERAAR-680090_1920x1920-1-1536x1536.jpg 1536w, https:\/\/bakkerspraypaint.com\/wp-content\/uploads\/2023\/10\/SPRAYMAX-SILICONEN-VERWIJDERAAR-680090_1920x1920-1-500x500.jpg 500w, https:\/\/bakkerspraypaint.com\/wp-content\/uploads\/2023\/10\/SPRAYMAX-SILICONEN-VERWIJDERAAR-680090_1920x1920-1-600x600.jpg 600w, https:\/\/bakkerspraypaint.com\/wp-content\/uploads\/2023\/10\/SPRAYMAX-SILICONEN-VERWIJDERAAR-680090_1920x1920-1-100x100.jpg 100w, https:\/\/bakkerspraypaint.com\/wp-content\/uploads\/2023\/10\/SPRAYMAX-SILICONEN-VERWIJDERAAR-680090_1920x1920-1-64x64.jpg 64w\" sizes=\"(max-width: 1920px) 100vw, 1920px\" \/> <span class=\"raven-post-image-overlay\"><\/span><\/a>\t\t<\/div>\n\t\t\t\t\t\t<div class=\"raven-post-content\">\n\t\t\t\t\t<h4 class=\"raven-post-title\"><a class=\"raven-post-title-link\" href=\"https:\/\/bakkerspraypaint.com\/fr\/dissolvant-de-silicone\/\">Dissolvant de silicone<\/a><\/h4><div class=\"raven-post-excerpt\">Le dissolvant de silicone !\nQuelle est l'importance de ce produit et \u00e0 quoi sert-il ? <\/div>\t\t<div class=\"raven-post-read-more\">\n\t\t\t<a class=\"raven-post-button\" href=\"https:\/\/bakkerspraypaint.com\/fr\/dissolvant-de-silicone\/\"><span class=\"raven-post-button-text\">Read More<\/span><\/a>\n\t\t<\/div>\n\t\t\t\t\t\t<\/div>\n\t\t\t<\/div>\n\t\t<\/div>\n\t\t\t\t<div class=\"raven-grid-item raven-post-item post-24309 post type-post status-publish format-standard has-post-thumbnail hentry category-blogs-fr\">\n\t\t\t<div class=\"raven-post\">\n\t\t\t\t\t\t<div class=\"raven-post-image-wrap\">\n\t\t\t<a class=\"raven-post-image raven-image-fit\" href=\"https:\/\/bakkerspraypaint.com\/fr\/buses\/\"><img loading=\"lazy\" decoding=\"async\" width=\"1920\" height=\"328\" src=\"https:\/\/bakkerspraypaint.com\/wp-content\/uploads\/2023\/10\/Spuitbus-RAL-colours-1.jpeg\" class=\"attachment-full size-full wp-image-24172\" alt=\"Couleurs RAL de Spuitbus\" srcset=\"https:\/\/bakkerspraypaint.com\/wp-content\/uploads\/2023\/10\/Spuitbus-RAL-colours-1.jpeg 1920w, https:\/\/bakkerspraypaint.com\/wp-content\/uploads\/2023\/10\/Spuitbus-RAL-colours-1-300x51.jpeg 300w, https:\/\/bakkerspraypaint.com\/wp-content\/uploads\/2023\/10\/Spuitbus-RAL-colours-1-1024x175.jpeg 1024w, https:\/\/bakkerspraypaint.com\/wp-content\/uploads\/2023\/10\/Spuitbus-RAL-colours-1-768x131.jpeg 768w, https:\/\/bakkerspraypaint.com\/wp-content\/uploads\/2023\/10\/Spuitbus-RAL-colours-1-1536x262.jpeg 1536w, https:\/\/bakkerspraypaint.com\/wp-content\/uploads\/2023\/10\/Spuitbus-RAL-colours-1-600x103.jpeg 600w, https:\/\/bakkerspraypaint.com\/wp-content\/uploads\/2023\/10\/Spuitbus-RAL-colours-1-64x11.jpeg 64w\" sizes=\"(max-width: 1920px) 100vw, 1920px\" \/> <span class=\"raven-post-image-overlay\"><\/span><\/a>\t\t<\/div>\n\t\t\t\t\t\t<div class=\"raven-post-content\">\n\t\t\t\t\t<h4 class=\"raven-post-title\"><a class=\"raven-post-title-link\" href=\"https:\/\/bakkerspraypaint.com\/fr\/buses\/\">Buses<\/a><\/h4><div class=\"raven-post-excerpt\">T\u00eate de pulv\u00e9risation, capuchon de pulv\u00e9risation, buse... Nous voulons tous dire la m\u00eame chose, mais il y a tellement de synonymes pour cette petite mais surtout importante partie.<\/div>\t\t<div class=\"raven-post-read-more\">\n\t\t\t<a class=\"raven-post-button\" href=\"https:\/\/bakkerspraypaint.com\/fr\/buses\/\"><span class=\"raven-post-button-text\">Read More<\/span><\/a>\n\t\t<\/div>\n\t\t\t\t\t\t<\/div>\n\t\t\t<\/div>\n\t\t<\/div>\n\t\t\t\t<div class=\"raven-grid-item raven-post-item post-24314 post type-post status-publish format-standard has-post-thumbnail hentry category-blogs-fr\">\n\t\t\t<div class=\"raven-post\">\n\t\t\t\t\t\t<div class=\"raven-post-image-wrap\">\n\t\t\t<a class=\"raven-post-image raven-image-fit\" href=\"https:\/\/bakkerspraypaint.com\/fr\/radiateur-a-pulverisation\/\"><img loading=\"lazy\" decoding=\"async\" width=\"650\" height=\"330\" src=\"https:\/\/bakkerspraypaint.com\/wp-content\/uploads\/2023\/10\/Spray-radiator-1.jpg\" class=\"attachment-full size-full wp-image-24175\" alt=\"\" srcset=\"https:\/\/bakkerspraypaint.com\/wp-content\/uploads\/2023\/10\/Spray-radiator-1.jpg 650w, https:\/\/bakkerspraypaint.com\/wp-content\/uploads\/2023\/10\/Spray-radiator-1-300x152.jpg 300w, https:\/\/bakkerspraypaint.com\/wp-content\/uploads\/2023\/10\/Spray-radiator-1-600x305.jpg 600w, https:\/\/bakkerspraypaint.com\/wp-content\/uploads\/2023\/10\/Spray-radiator-1-64x32.jpg 64w\" sizes=\"(max-width: 650px) 100vw, 650px\" \/> <span class=\"raven-post-image-overlay\"><\/span><\/a>\t\t<\/div>\n\t\t\t\t\t\t<div class=\"raven-post-content\">\n\t\t\t\t\t<h4 class=\"raven-post-title\"><a class=\"raven-post-title-link\" href=\"https:\/\/bakkerspraypaint.com\/fr\/radiateur-a-pulverisation\/\">Radiateur \u00e0 pulv\u00e9risation<\/a><\/h4><div class=\"raven-post-excerpt\">La peinture au pistolet de votre radiateur est un excellent moyen de donner un nouvel aspect \u00e0 votre syst\u00e8me de chauffage.<\/div>\t\t<div class=\"raven-post-read-more\">\n\t\t\t<a class=\"raven-post-button\" href=\"https:\/\/bakkerspraypaint.com\/fr\/radiateur-a-pulverisation\/\"><span class=\"raven-post-button-text\">Read More<\/span><\/a>\n\t\t<\/div>\n\t\t\t\t\t\t<\/div>\n\t\t\t<\/div>\n\t\t<\/div>\n\t\t\t\t<div class=\"raven-grid-item raven-post-item post-24442 post type-post status-publish format-standard has-post-thumbnail hentry category-blogs-fr\">\n\t\t\t<div class=\"raven-post\">\n\t\t\t\t\t\t<div class=\"raven-post-image-wrap\">\n\t\t\t<a class=\"raven-post-image raven-image-fit\" href=\"https:\/\/bakkerspraypaint.com\/fr\/couleurs-ral-de-spuitbus\/\"><img loading=\"lazy\" decoding=\"async\" width=\"1920\" height=\"328\" src=\"https:\/\/bakkerspraypaint.com\/wp-content\/uploads\/2023\/10\/Spuitbus-RAL-colours-1.jpeg\" class=\"attachment-full size-full wp-image-24172\" alt=\"Couleurs RAL de Spuitbus\" srcset=\"https:\/\/bakkerspraypaint.com\/wp-content\/uploads\/2023\/10\/Spuitbus-RAL-colours-1.jpeg 1920w, https:\/\/bakkerspraypaint.com\/wp-content\/uploads\/2023\/10\/Spuitbus-RAL-colours-1-300x51.jpeg 300w, https:\/\/bakkerspraypaint.com\/wp-content\/uploads\/2023\/10\/Spuitbus-RAL-colours-1-1024x175.jpeg 1024w, https:\/\/bakkerspraypaint.com\/wp-content\/uploads\/2023\/10\/Spuitbus-RAL-colours-1-768x131.jpeg 768w, https:\/\/bakkerspraypaint.com\/wp-content\/uploads\/2023\/10\/Spuitbus-RAL-colours-1-1536x262.jpeg 1536w, https:\/\/bakkerspraypaint.com\/wp-content\/uploads\/2023\/10\/Spuitbus-RAL-colours-1-600x103.jpeg 600w, https:\/\/bakkerspraypaint.com\/wp-content\/uploads\/2023\/10\/Spuitbus-RAL-colours-1-64x11.jpeg 64w\" sizes=\"(max-width: 1920px) 100vw, 1920px\" \/> <span class=\"raven-post-image-overlay\"><\/span><\/a>\t\t<\/div>\n\t\t\t\t\t\t<div class=\"raven-post-content\">\n\t\t\t\t\t<h4 class=\"raven-post-title\"><a class=\"raven-post-title-link\" href=\"https:\/\/bakkerspraypaint.com\/fr\/couleurs-ral-de-spuitbus\/\">Couleurs RAL de Spuitbus<\/a><\/h4><div class=\"raven-post-excerpt\">RAL !\nD'o\u00f9 vient-il ?\nQue signifie-t-il en r\u00e9alit\u00e9 ?\nQue pouvez-vous faire avec ?\nPourquoi le choisir ?\nAutant de questions que de nombreuses personnes se posent...     <\/div>\t\t<div class=\"raven-post-read-more\">\n\t\t\t<a class=\"raven-post-button\" href=\"https:\/\/bakkerspraypaint.com\/fr\/couleurs-ral-de-spuitbus\/\"><span class=\"raven-post-button-text\">Read More<\/span><\/a>\n\t\t<\/div>\n\t\t\t\t\t\t<\/div>\n\t\t\t<\/div>\n\t\t<\/div>\n\t\t\t\t<div class=\"raven-grid-item raven-post-item post-24310 post type-post status-publish format-standard has-post-thumbnail hentry category-blogs-fr\">\n\t\t\t<div class=\"raven-post\">\n\t\t\t\t\t\t<div class=\"raven-post-image-wrap\">\n\t\t\t<a class=\"raven-post-image raven-image-fit\" href=\"https:\/\/bakkerspraypaint.com\/fr\/lagitation-est-elle-importante\/\"><img loading=\"lazy\" decoding=\"async\" width=\"650\" height=\"330\" src=\"https:\/\/bakkerspraypaint.com\/wp-content\/uploads\/2023\/10\/Hoe-belangrijk-is-het-schudden-van-de-spuitbus-1.png\" class=\"attachment-full size-full wp-image-24311\" alt=\"\" srcset=\"https:\/\/bakkerspraypaint.com\/wp-content\/uploads\/2023\/10\/Hoe-belangrijk-is-het-schudden-van-de-spuitbus-1.png 650w, https:\/\/bakkerspraypaint.com\/wp-content\/uploads\/2023\/10\/Hoe-belangrijk-is-het-schudden-van-de-spuitbus-1-300x152.png 300w, https:\/\/bakkerspraypaint.com\/wp-content\/uploads\/2023\/10\/Hoe-belangrijk-is-het-schudden-van-de-spuitbus-1-600x305.png 600w, https:\/\/bakkerspraypaint.com\/wp-content\/uploads\/2023\/10\/Hoe-belangrijk-is-het-schudden-van-de-spuitbus-1-64x32.png 64w\" sizes=\"(max-width: 650px) 100vw, 650px\" \/> <span class=\"raven-post-image-overlay\"><\/span><\/a>\t\t<\/div>\n\t\t\t\t\t\t<div class=\"raven-post-content\">\n\t\t\t\t\t<h4 class=\"raven-post-title\"><a class=\"raven-post-title-link\" href=\"https:\/\/bakkerspraypaint.com\/fr\/lagitation-est-elle-importante\/\">L&rsquo;agitation est-elle importante ?<\/a><\/h4><div class=\"raven-post-excerpt\">Combien de temps dure cette secousse et pourquoi ?<\/div>\t\t<div class=\"raven-post-read-more\">\n\t\t\t<a class=\"raven-post-button\" href=\"https:\/\/bakkerspraypaint.com\/fr\/lagitation-est-elle-importante\/\"><span class=\"raven-post-button-text\">Read More<\/span><\/a>\n\t\t<\/div>\n\t\t\t\t\t\t<\/div>\n\t\t\t<\/div>\n\t\t<\/div>\n\t\t\t\t<\/div>\n\t\t\t\t\t\t<\/div>\n\t\t\t\t<\/div>\n\t\t\t\t\t<\/div>\n\t\t<\/div>\n\t\t\t\t\t<\/div>\n\t\t<\/section>\n\t\t\t\t<\/div>\n\t\t","protected":false},"excerpt":{"rendered":"<p>Blogues RAL vs. Pantone : Am\u00e9liorer les syst\u00e8mes de couleur pour les entreprises Lorsque vous choisissez la couleur parfaite pour votre projet de peinture au pistolet, deux syst\u00e8mes de couleurs importants se distinguent : RAL et Pantone. Ces normes de couleur sont largement Read More 2in1 Spray pour phares Max Tout le monde les voit [&hellip;]<\/p>\n","protected":false},"author":437,"featured_media":0,"parent":0,"menu_order":0,"comment_status":"closed","ping_status":"closed","template":"full-width.php","meta":{"_acf_changed":false,"footnotes":""},"class_list":["post-24159","page","type-page","status-publish","hentry"],"acf":[],"_links":{"self":[{"href":"https:\/\/bakkerspraypaint.com\/fr\/wp-json\/wp\/v2\/pages\/24159","targetHints":{"allow":["GET"]}}],"collection":[{"href":"https:\/\/bakkerspraypaint.com\/fr\/wp-json\/wp\/v2\/pages"}],"about":[{"href":"https:\/\/bakkerspraypaint.com\/fr\/wp-json\/wp\/v2\/types\/page"}],"author":[{"embeddable":true,"href":"https:\/\/bakkerspraypaint.com\/fr\/wp-json\/wp\/v2\/users\/437"}],"replies":[{"embeddable":true,"href":"https:\/\/bakkerspraypaint.com\/fr\/wp-json\/wp\/v2\/comments?post=24159"}],"version-history":[{"count":5,"href":"https:\/\/bakkerspraypaint.com\/fr\/wp-json\/wp\/v2\/pages\/24159\/revisions"}],"predecessor-version":[{"id":27288,"href":"https:\/\/bakkerspraypaint.com\/fr\/wp-json\/wp\/v2\/pages\/24159\/revisions\/27288"}],"wp:attachment":[{"href":"https:\/\/bakkerspraypaint.com\/fr\/wp-json\/wp\/v2\/media?parent=24159"}],"curies":[{"name":"wp","href":"https:\/\/api.w.org\/{rel}","templated":true}]}}